{"id":365263,"date":"2024-09-10T03:36:50","date_gmt":"2024-09-10T15:53:11","guid":{"rendered":"https:\/\/maisoncleo.com\/\/?post_type=product&#038;p=365263"},"modified":"2024-09-10T21:18:24","modified_gmt":"2024-09-10T19:18:24","slug":"coup-de-foudre-defile-look-1-manteau-maxi-en-denim-bleu-clair-et-fausse-fourrure-agneau-de-mongolie-ecrue","status":"publish","type":"product","link":"https:\/\/maisoncleo.com\/fr\/shop\/coup-de-foudre-defile-look-1-manteau-maxi-en-denim-bleu-clair-et-fausse-fourrure-agneau-de-mongolie-ecrue\/","title":{"rendered":"COUP DE FOUDRE d\u00e9fil\u00e9 LOOK 1 &#8211; Manteau maxi en denim bleu clair et fausse fourrure agneau de Mongolie \u00e9crue"},"content":{"rendered":"<p>Manteau maxi en denim bleu clair et fausse fourrure agneau de Mongolie \u00a0\u00e9crue.<\/p>\n<p>D\u00e9tails de surpiq\u00fbres blanches. Col, partie inf\u00e9rieure et poignets en fausse fourrure \u00e9crue. Deux fines longues ceintures superpos\u00e9es \u00e0 nouer sur le devant. \u00c9paules droites, coupe droite.<\/p>\n<p>Nous avons besoin de 4 heures pour faire un manteau.<\/p>\n<p>LOOK 1 de notre d\u00e9fil\u00e9 \u201cCoup de foudre\u201d de mars 2023.<\/p>\n<p>Longueur totale \u00e0 plat: 140 cm. Manches: 65 cm.<\/p>\n<p>La mod\u00e8le mesure 1m71 et porte une taille S-36.<\/p>\n","protected":false},"excerpt":{"rendered":"<p>Manteau maxi en denim bleu clair et fausse fourrure agneau de Mongolie \u00a0\u00e9crue. D\u00e9tails de surpiq\u00fbres blanches. Col, partie inf\u00e9rieure et poignets&hellip;<\/p>\n","protected":false},"featured_media":348620,"template":"","meta":[],"product_brand":[],"product_cat":[671,667,674,661],"product_tag":[],"class_list":{"0":"post-365263","1":"product","2":"type-product","3":"status-publish","4":"has-post-thumbnail","6":"product_cat-defiles","7":"product_cat-dernieres-pieces","8":"product_cat-tops","9":"product_cat-tout-voir","10":"pa_taille-l-40-2","11":"pa_taille-m-38-2","12":"pa_taille-s-36-2","13":"pa_taille-sur-mesure-fr-2","14":"pa_taille-xl-42-fr-2","15":"pa_taille-xs-34-2","17":"first","18":"instock","19":"taxable","20":"shipping-taxable","21":"purchasable","22":"product-type-variable"},"_links":{"self":[{"href":"https:\/\/maisoncleo.com\/fr\/wp-json\/wp\/v2\/product\/365263","targetHints":{"allow":["GET"]}}],"collection":[{"href":"https:\/\/maisoncleo.com\/fr\/wp-json\/wp\/v2\/product"}],"about":[{"href":"https:\/\/maisoncleo.com\/fr\/wp-json\/wp\/v2\/types\/product"}],"version-history":[{"count":1,"href":"https:\/\/maisoncleo.com\/fr\/wp-json\/wp\/v2\/product\/365263\/revisions"}],"predecessor-version":[{"id":365289,"href":"https:\/\/maisoncleo.com\/fr\/wp-json\/wp\/v2\/product\/365263\/revisions\/365289"}],"wp:featuredmedia":[{"embeddable":true,"href":"https:\/\/maisoncleo.com\/fr\/wp-json\/wp\/v2\/media\/348620"}],"wp:attachment":[{"href":"https:\/\/maisoncleo.com\/fr\/wp-json\/wp\/v2\/media?parent=365263"}],"wp:term":[{"taxonomy":"product_brand","embeddable":true,"href":"https:\/\/maisoncleo.com\/fr\/wp-json\/wp\/v2\/product_brand?post=365263"},{"taxonomy":"product_cat","embeddable":true,"href":"https:\/\/maisoncleo.com\/fr\/wp-json\/wp\/v2\/product_cat?post=365263"},{"taxonomy":"product_tag","embeddable":true,"href":"https:\/\/maisoncleo.com\/fr\/wp-json\/wp\/v2\/product_tag?post=365263"}],"curies":[{"name":"wp","href":"https:\/\/api.w.org\/{rel}","templated":true}]}}