{"id":365201,"date":"2024-09-10T03:32:47","date_gmt":"2024-09-10T15:50:46","guid":{"rendered":"https:\/\/maisoncleo.com\/\/?post_type=product&#038;p=365201"},"modified":"2024-09-10T21:18:19","modified_gmt":"2024-09-10T19:18:19","slug":"coup-de-foudre-defile-look-3-top-fronce-en-mesh-a-manches-3-4-volantees-bleu-turquoise","status":"publish","type":"product","link":"https:\/\/maisoncleo.com\/fr\/shop\/coup-de-foudre-defile-look-3-top-fronce-en-mesh-a-manches-3-4-volantees-bleu-turquoise\/","title":{"rendered":"COUP DE FOUDRE d\u00e9fil\u00e9 LOOK 3 &#8211; Top fronc\u00e9 en mesh \u00e0 manches 3\/4 volant\u00e9es bleu turquoise"},"content":{"rendered":"<p>Top fronc\u00e9 en mesh \u00e0 manches 3\/4 volant\u00e9es bleu turquoise.<\/p>\n<p>Col V. Fronc\u00e9 sur le devant, possible de le porter en version courte ou plus longue. Manches trois-quarts, bords volant\u00e9s. Long volants sur le devant. Coupe ajust\u00e9e, stretchy.<\/p>\n<p>Nous avons besoin de 2 heures et demi pour faire un top. Nous pouvons faire 5 tops dans ce tissu.<\/p>\n<p>LOOK 3 de notre d\u00e9fil\u00e9 \u201cCoup de foudre\u201d de mars 2023.<\/p>\n<p>Longueur totale \u00e0 plat: 63 cm. Longueur au plus court: 45 cm. Encolure: 23 cm. Manches: 55 cm.<\/p>\n<p>La mod\u00e8le mesure 1m71 et porte une taille S-36.<\/p>\n","protected":false},"excerpt":{"rendered":"<p>Top fronc\u00e9 en mesh \u00e0 manches 3\/4 volant\u00e9es bleu turquoise. Col V. Fronc\u00e9 sur le devant, possible de le porter en version&hellip;<\/p>\n","protected":false},"featured_media":348550,"template":"","meta":[],"product_brand":[],"product_cat":[663,671,667,674,661],"product_tag":[],"class_list":{"0":"post-365201","1":"product","2":"type-product","3":"status-publish","4":"has-post-thumbnail","6":"product_cat-blouses","7":"product_cat-defiles","8":"product_cat-dernieres-pieces","9":"product_cat-tops","10":"product_cat-tout-voir","11":"pa_taille-l-40-2","12":"pa_taille-m-38-2","13":"pa_taille-s-36-2","14":"pa_taille-sur-mesure-fr-2","15":"pa_taille-xl-42-fr-2","16":"pa_taille-xs-34-2","18":"first","19":"instock","20":"taxable","21":"shipping-taxable","22":"purchasable","23":"product-type-variable"},"_links":{"self":[{"href":"https:\/\/maisoncleo.com\/fr\/wp-json\/wp\/v2\/product\/365201","targetHints":{"allow":["GET"]}}],"collection":[{"href":"https:\/\/maisoncleo.com\/fr\/wp-json\/wp\/v2\/product"}],"about":[{"href":"https:\/\/maisoncleo.com\/fr\/wp-json\/wp\/v2\/types\/product"}],"version-history":[{"count":1,"href":"https:\/\/maisoncleo.com\/fr\/wp-json\/wp\/v2\/product\/365201\/revisions"}],"predecessor-version":[{"id":365271,"href":"https:\/\/maisoncleo.com\/fr\/wp-json\/wp\/v2\/product\/365201\/revisions\/365271"}],"wp:featuredmedia":[{"embeddable":true,"href":"https:\/\/maisoncleo.com\/fr\/wp-json\/wp\/v2\/media\/348550"}],"wp:attachment":[{"href":"https:\/\/maisoncleo.com\/fr\/wp-json\/wp\/v2\/media?parent=365201"}],"wp:term":[{"taxonomy":"product_brand","embeddable":true,"href":"https:\/\/maisoncleo.com\/fr\/wp-json\/wp\/v2\/product_brand?post=365201"},{"taxonomy":"product_cat","embeddable":true,"href":"https:\/\/maisoncleo.com\/fr\/wp-json\/wp\/v2\/product_cat?post=365201"},{"taxonomy":"product_tag","embeddable":true,"href":"https:\/\/maisoncleo.com\/fr\/wp-json\/wp\/v2\/product_tag?post=365201"}],"curies":[{"name":"wp","href":"https:\/\/api.w.org\/{rel}","templated":true}]}}