{"id":365200,"date":"2024-09-10T03:32:47","date_gmt":"2024-09-10T15:50:46","guid":{"rendered":"https:\/\/maisoncleo.com\/\/?post_type=product&#038;p=365200"},"modified":"2024-09-10T21:18:18","modified_gmt":"2024-09-10T19:18:18","slug":"coup-de-foudre-defile-look-3-jupe-maxi-en-denim-bleu-clair-avec-ceinture-coeur","status":"publish","type":"product","link":"https:\/\/maisoncleo.com\/fr\/shop\/coup-de-foudre-defile-look-3-jupe-maxi-en-denim-bleu-clair-avec-ceinture-coeur\/","title":{"rendered":"COUP DE FOUDRE d\u00e9fil\u00e9 LOOK 3 &#8211; Jupe maxi en denim bleu clair avec ceinture coeur"},"content":{"rendered":"<p>Jupe maxi en denim bleu clair avec ceinture coeur.<\/p>\n<p>D\u00e9tail de surpiq\u00fbres blanches, inspiration cowboy. Flared, taille haute. Fermeture \u00e9clair sur le devant, passants de ceinture. Deux poches italiennes. Fente dos.<\/p>\n<p>Boucle de ceinture vintage en forme de c\u0153ur blanc rappelant les <em>Totally Spies<\/em> de notre enfance.<\/p>\n<p>Nous avons besoin de trois heures pour faire une jupe. Nous pouvons faire 5 jupes dans ce tissu.<\/p>\n<p>LOOK 3 de notre d\u00e9fil\u00e9 \u201cCoup de foudre\u201d de mars 2023.<\/p>\n<p>Longueur devant \u00e0 plat: 101 cm. Fente dos: 50 cm.<\/p>\n<p>La mod\u00e8le mesure 1m71 et porte une taille S-36.<\/p>\n","protected":false},"excerpt":{"rendered":"<p>Jupe maxi en denim bleu clair avec ceinture coeur. D\u00e9tail de surpiq\u00fbres blanches, inspiration cowboy. Flared, taille haute. Fermeture \u00e9clair sur le&hellip;<\/p>\n","protected":false},"featured_media":348535,"template":"","meta":[],"product_brand":[],"product_cat":[667,672,661],"product_tag":[],"class_list":{"0":"post-365200","1":"product","2":"type-product","3":"status-publish","4":"has-post-thumbnail","6":"product_cat-dernieres-pieces","7":"product_cat-jupes","8":"product_cat-tout-voir","9":"pa_taille-l-40-2","10":"pa_taille-m-38-2","11":"pa_taille-s-36-2","12":"pa_taille-sur-mesure-fr-2","13":"pa_taille-xl-42-fr-2","14":"pa_taille-xs-34-2","16":"first","17":"instock","18":"taxable","19":"shipping-taxable","20":"purchasable","21":"product-type-variable"},"_links":{"self":[{"href":"https:\/\/maisoncleo.com\/fr\/wp-json\/wp\/v2\/product\/365200","targetHints":{"allow":["GET"]}}],"collection":[{"href":"https:\/\/maisoncleo.com\/fr\/wp-json\/wp\/v2\/product"}],"about":[{"href":"https:\/\/maisoncleo.com\/fr\/wp-json\/wp\/v2\/types\/product"}],"version-history":[{"count":1,"href":"https:\/\/maisoncleo.com\/fr\/wp-json\/wp\/v2\/product\/365200\/revisions"}],"predecessor-version":[{"id":365256,"href":"https:\/\/maisoncleo.com\/fr\/wp-json\/wp\/v2\/product\/365200\/revisions\/365256"}],"wp:featuredmedia":[{"embeddable":true,"href":"https:\/\/maisoncleo.com\/fr\/wp-json\/wp\/v2\/media\/348535"}],"wp:attachment":[{"href":"https:\/\/maisoncleo.com\/fr\/wp-json\/wp\/v2\/media?parent=365200"}],"wp:term":[{"taxonomy":"product_brand","embeddable":true,"href":"https:\/\/maisoncleo.com\/fr\/wp-json\/wp\/v2\/product_brand?post=365200"},{"taxonomy":"product_cat","embeddable":true,"href":"https:\/\/maisoncleo.com\/fr\/wp-json\/wp\/v2\/product_cat?post=365200"},{"taxonomy":"product_tag","embeddable":true,"href":"https:\/\/maisoncleo.com\/fr\/wp-json\/wp\/v2\/product_tag?post=365200"}],"curies":[{"name":"wp","href":"https:\/\/api.w.org\/{rel}","templated":true}]}}