{"id":365130,"date":"2024-09-10T03:29:46","date_gmt":"2024-09-10T15:48:21","guid":{"rendered":"https:\/\/maisoncleo.com\/\/?post_type=product&#038;p=365130"},"modified":"2024-09-10T21:18:16","modified_gmt":"2024-09-10T19:18:16","slug":"coup-de-foudre-defile-look-6-top-a-bretelles-en-satin-de-soie-argente-ton-sur-ton-a-motif-roses","status":"publish","type":"product","link":"https:\/\/maisoncleo.com\/fr\/shop\/coup-de-foudre-defile-look-6-top-a-bretelles-en-satin-de-soie-argente-ton-sur-ton-a-motif-roses\/","title":{"rendered":"COUP DE FOUDRE d\u00e9fil\u00e9 LOOK 6 &#8211; Top \u00e0 bretelles en satin de soie argent\u00e9 ton-sur-ton \u00e0 motif roses"},"content":{"rendered":"<p>Top \u00e0 bretelles en satin de soie argent\u00e9 ton-sur-ton \u00e0 motif roses.<\/p>\n<p>D\u00e9collet\u00e9 en V, dos ouvert. Motif rose bourgeonnante et sa tige. Bretelles fonc\u00e9es fines \u00e9lastiqu\u00e9es. D\u00e9tail fronc\u00e9 sous la poitrine. Ajust\u00e9, style corset. Super doux et fluide !&lt;3<\/p>\n<p>Nous avons besoin de 2 heures pour faire un top. Nous ne pouvons en faire qu&rsquo;un seul dans ce tissu.<\/p>\n<p>LOOK 6 de notre d\u00e9fil\u00e9 \u00a0\u201cCoup de foudre\u201d de mars 2023.<\/p>\n<p>Longueur totale \u00e0 plat: 32 cm. Encolure: 26,5 cm.<\/p>\n<p>La mod\u00e8le mesure 1m71 et porte une taille S-36.<\/p>\n","protected":false},"excerpt":{"rendered":"<p>Top \u00e0 bretelles en satin de soie argent\u00e9 ton-sur-ton \u00e0 motif roses. D\u00e9collet\u00e9 en V, dos ouvert. Motif rose bourgeonnante et sa&hellip;<\/p>\n","protected":false},"featured_media":348496,"template":"","meta":[],"product_brand":[],"product_cat":[667,674,661],"product_tag":[],"class_list":{"0":"post-365130","1":"product","2":"type-product","3":"status-publish","4":"has-post-thumbnail","6":"product_cat-dernieres-pieces","7":"product_cat-tops","8":"product_cat-tout-voir","9":"pa_taille-l-40-2","10":"pa_taille-m-38-2","11":"pa_taille-s-36-2","12":"pa_taille-sur-mesure-fr-2","13":"pa_taille-xl-42-fr-2","14":"pa_taille-xs-34-2","16":"first","17":"outofstock","18":"taxable","19":"shipping-taxable","20":"purchasable","21":"product-type-variable"},"_links":{"self":[{"href":"https:\/\/maisoncleo.com\/fr\/wp-json\/wp\/v2\/product\/365130","targetHints":{"allow":["GET"]}}],"collection":[{"href":"https:\/\/maisoncleo.com\/fr\/wp-json\/wp\/v2\/product"}],"about":[{"href":"https:\/\/maisoncleo.com\/fr\/wp-json\/wp\/v2\/types\/product"}],"version-history":[{"count":1,"href":"https:\/\/maisoncleo.com\/fr\/wp-json\/wp\/v2\/product\/365130\/revisions"}],"predecessor-version":[{"id":365188,"href":"https:\/\/maisoncleo.com\/fr\/wp-json\/wp\/v2\/product\/365130\/revisions\/365188"}],"wp:featuredmedia":[{"embeddable":true,"href":"https:\/\/maisoncleo.com\/fr\/wp-json\/wp\/v2\/media\/348496"}],"wp:attachment":[{"href":"https:\/\/maisoncleo.com\/fr\/wp-json\/wp\/v2\/media?parent=365130"}],"wp:term":[{"taxonomy":"product_brand","embeddable":true,"href":"https:\/\/maisoncleo.com\/fr\/wp-json\/wp\/v2\/product_brand?post=365130"},{"taxonomy":"product_cat","embeddable":true,"href":"https:\/\/maisoncleo.com\/fr\/wp-json\/wp\/v2\/product_cat?post=365130"},{"taxonomy":"product_tag","embeddable":true,"href":"https:\/\/maisoncleo.com\/fr\/wp-json\/wp\/v2\/product_tag?post=365130"}],"curies":[{"name":"wp","href":"https:\/\/api.w.org\/{rel}","templated":true}]}}