{"id":365129,"date":"2024-09-10T03:29:46","date_gmt":"2024-09-10T15:48:21","guid":{"rendered":"https:\/\/maisoncleo.com\/\/?post_type=product&#038;p=365129"},"modified":"2024-09-10T21:18:25","modified_gmt":"2024-09-10T19:18:25","slug":"coup-de-foudre-defile-look-6-jupe-mi-longue-en-satin-de-soie-argente-ton-sur-ton-a-motif-roses","status":"publish","type":"product","link":"https:\/\/maisoncleo.com\/fr\/shop\/coup-de-foudre-defile-look-6-jupe-mi-longue-en-satin-de-soie-argente-ton-sur-ton-a-motif-roses\/","title":{"rendered":"COUP DE FOUDRE d\u00e9fil\u00e9 LOOK 6 &#8211; Jupe mi-longue en satin de soie argent\u00e9 ton-sur-ton \u00e0 motif roses"},"content":{"rendered":"<p>Jupe mi-longue en satin de soie argent\u00e9 ton-sur-ton \u00e0 motif roses.<\/p>\n<p>Motif rose bourgeonnante et sa tige. Taille \u00e9lastiqu\u00e9e. Coupe l\u00e9g\u00e8rement \u00e9vas\u00e9e. Finition bourdon. Super douce et fluide !&lt;3<\/p>\n<p>Nous pouvons faire 2 jupes dans ce tissu.<\/p>\n<p>LOOK 6 de notre d\u00e9fil\u00e9 \u00a0\u201cCoup de foudre\u201d de mars 2023.<\/p>\n<p>Longueur totale \u00e0 plat: 66 cm.<\/p>\n<p>La mod\u00e8le mesure 1m71 et porte une taille S-36.<\/p>\n","protected":false},"excerpt":{"rendered":"<p>Jupe mi-longue en satin de soie argent\u00e9 ton-sur-ton \u00e0 motif roses. Motif rose bourgeonnante et sa tige. Taille \u00e9lastiqu\u00e9e. Coupe l\u00e9g\u00e8rement \u00e9vas\u00e9e.&hellip;<\/p>\n","protected":false},"featured_media":348501,"template":"","meta":[],"product_brand":[],"product_cat":[667,672,661],"product_tag":[],"class_list":{"0":"post-365129","1":"product","2":"type-product","3":"status-publish","4":"has-post-thumbnail","6":"product_cat-dernieres-pieces","7":"product_cat-jupes","8":"product_cat-tout-voir","9":"pa_taille-l-40-2","10":"pa_taille-m-38-2","11":"pa_taille-s-36-2","12":"pa_taille-sur-mesure-fr-2","13":"pa_taille-xl-42-fr-2","14":"pa_taille-xs-34-2","16":"first","17":"outofstock","18":"taxable","19":"shipping-taxable","20":"purchasable","21":"product-type-variable"},"_links":{"self":[{"href":"https:\/\/maisoncleo.com\/fr\/wp-json\/wp\/v2\/product\/365129","targetHints":{"allow":["GET"]}}],"collection":[{"href":"https:\/\/maisoncleo.com\/fr\/wp-json\/wp\/v2\/product"}],"about":[{"href":"https:\/\/maisoncleo.com\/fr\/wp-json\/wp\/v2\/types\/product"}],"version-history":[{"count":1,"href":"https:\/\/maisoncleo.com\/fr\/wp-json\/wp\/v2\/product\/365129\/revisions"}],"predecessor-version":[{"id":365299,"href":"https:\/\/maisoncleo.com\/fr\/wp-json\/wp\/v2\/product\/365129\/revisions\/365299"}],"wp:featuredmedia":[{"embeddable":true,"href":"https:\/\/maisoncleo.com\/fr\/wp-json\/wp\/v2\/media\/348501"}],"wp:attachment":[{"href":"https:\/\/maisoncleo.com\/fr\/wp-json\/wp\/v2\/media?parent=365129"}],"wp:term":[{"taxonomy":"product_brand","embeddable":true,"href":"https:\/\/maisoncleo.com\/fr\/wp-json\/wp\/v2\/product_brand?post=365129"},{"taxonomy":"product_cat","embeddable":true,"href":"https:\/\/maisoncleo.com\/fr\/wp-json\/wp\/v2\/product_cat?post=365129"},{"taxonomy":"product_tag","embeddable":true,"href":"https:\/\/maisoncleo.com\/fr\/wp-json\/wp\/v2\/product_tag?post=365129"}],"curies":[{"name":"wp","href":"https:\/\/api.w.org\/{rel}","templated":true}]}}