{"id":365128,"date":"2024-09-10T03:29:46","date_gmt":"2024-09-10T15:48:21","guid":{"rendered":"https:\/\/maisoncleo.com\/\/?post_type=product&#038;p=365128"},"modified":"2024-09-10T21:18:14","modified_gmt":"2024-09-10T19:18:14","slug":"coup-de-foudre-defile-look-6-veste-grise-en-faux-cuir-de-mouton-retourne-et-fausse-fourrure","status":"publish","type":"product","link":"https:\/\/maisoncleo.com\/fr\/shop\/coup-de-foudre-defile-look-6-veste-grise-en-faux-cuir-de-mouton-retourne-et-fausse-fourrure\/","title":{"rendered":"COUP DE FOUDRE d\u00e9fil\u00e9 LOOK 6 &#8211; Veste grise en faux cuir de mouton retourn\u00e9 et fausse fourrure"},"content":{"rendered":"<p>Veste grise en faux cuir de mouton retourn\u00e9 et fausse fourrure.<\/p>\n<p>Jeux de d\u00e9coupes surpiqu\u00e9es, d\u00e9tail fausse fourrure. Grand col \u00e0 revers en fausse fourrure. Deux poches italiennes. Doublure en fausse fourrure, d\u00e9tail de revers fourrure sur le devant.<\/p>\n<p>Litt\u00e9ralement la veste que vous recherchiez depuis tout ce temps et qui vous tiendra chaud toute votre vie!&lt;3<\/p>\n<p>Nous avons besoin de 3 heures et demi pour faire une veste. Nous pouvons en faire 3 dans ce tissu.<\/p>\n<p>LOOK 6 de notre d\u00e9fil\u00e9 \u201cCoup de foudre\u201d de mars 2023.<\/p>\n<p>Longueur totale \u00e0 plat: 82 cm. Manches: 59 cm.<\/p>\n<p>La mod\u00e8le mesure 1m71 et porte une taille S-36.<\/p>\n","protected":false},"excerpt":{"rendered":"<p>Veste grise en faux cuir de mouton retourn\u00e9 et fausse fourrure. Jeux de d\u00e9coupes surpiqu\u00e9es, d\u00e9tail fausse fourrure. Grand col \u00e0 revers&hellip;<\/p>\n","protected":false},"featured_media":348440,"template":"","meta":[],"product_brand":[],"product_cat":[671,667,661,665],"product_tag":[],"class_list":{"0":"post-365128","1":"product","2":"type-product","3":"status-publish","4":"has-post-thumbnail","6":"product_cat-defiles","7":"product_cat-dernieres-pieces","8":"product_cat-tout-voir","9":"product_cat-vestes-manteaux","10":"pa_taille-l-40-2","11":"pa_taille-m-38-2","12":"pa_taille-s-36-2","13":"pa_taille-sur-mesure-fr-2","14":"pa_taille-xl-42-fr-2","15":"pa_taille-xs-34-2","17":"first","18":"instock","19":"taxable","20":"shipping-taxable","21":"purchasable","22":"product-type-variable"},"_links":{"self":[{"href":"https:\/\/maisoncleo.com\/fr\/wp-json\/wp\/v2\/product\/365128","targetHints":{"allow":["GET"]}}],"collection":[{"href":"https:\/\/maisoncleo.com\/fr\/wp-json\/wp\/v2\/product"}],"about":[{"href":"https:\/\/maisoncleo.com\/fr\/wp-json\/wp\/v2\/types\/product"}],"version-history":[{"count":1,"href":"https:\/\/maisoncleo.com\/fr\/wp-json\/wp\/v2\/product\/365128\/revisions"}],"predecessor-version":[{"id":365166,"href":"https:\/\/maisoncleo.com\/fr\/wp-json\/wp\/v2\/product\/365128\/revisions\/365166"}],"wp:featuredmedia":[{"embeddable":true,"href":"https:\/\/maisoncleo.com\/fr\/wp-json\/wp\/v2\/media\/348440"}],"wp:attachment":[{"href":"https:\/\/maisoncleo.com\/fr\/wp-json\/wp\/v2\/media?parent=365128"}],"wp:term":[{"taxonomy":"product_brand","embeddable":true,"href":"https:\/\/maisoncleo.com\/fr\/wp-json\/wp\/v2\/product_brand?post=365128"},{"taxonomy":"product_cat","embeddable":true,"href":"https:\/\/maisoncleo.com\/fr\/wp-json\/wp\/v2\/product_cat?post=365128"},{"taxonomy":"product_tag","embeddable":true,"href":"https:\/\/maisoncleo.com\/fr\/wp-json\/wp\/v2\/product_tag?post=365128"}],"curies":[{"name":"wp","href":"https:\/\/api.w.org\/{rel}","templated":true}]}}