{"id":365091,"date":"2024-09-10T03:26:04","date_gmt":"2024-09-10T15:47:12","guid":{"rendered":"https:\/\/maisoncleo.com\/\/?post_type=product&#038;p=365091"},"modified":"2024-09-10T21:18:07","modified_gmt":"2024-09-10T19:18:07","slug":"coup-de-foudre-defile-look-9-top-fronce-a-manches-3-4-volantees-irise-lilas","status":"publish","type":"product","link":"https:\/\/maisoncleo.com\/fr\/shop\/coup-de-foudre-defile-look-9-top-fronce-a-manches-3-4-volantees-irise-lilas\/","title":{"rendered":"COUP DE FOUDRE d\u00e9fil\u00e9 LOOK 9 &#8211; Top fronc\u00e9 \u00e0 manches 3\/4 volant\u00e9es iris\u00e9 lilas"},"content":{"rendered":"<p>Top fronc\u00e9 \u00e0 manches 3\/4 volant\u00e9es iris\u00e9 lilas.<\/p>\n<p>Col V. Fronc\u00e9 sur le devant, possible de le porter en version courte ou plus longue. Manches trois-quarts, bords volant\u00e9s. Volants sur le devant. Fermeture \u00e9clair sur le c\u00f4t\u00e9. Coupe ajust\u00e9e.<\/p>\n<p>Nous avons besoin de 2 heures pour faire un top. Nous ne pouvons en faire qu&rsquo;un seul dans ce tissu.<\/p>\n<p>LOOK 9 de notre d\u00e9fil\u00e9 \u201cCoup de foudre\u201d de mars 2023.<\/p>\n<p>Longueur totale \u00e0 plat: 97 cm. Longueur dos: 53 cm. Encolure: 18 cm. Manches: 49 cm.<\/p>\n<p>La mod\u00e8le mesure 1m71 et porte une taille S-36.<\/p>\n","protected":false},"excerpt":{"rendered":"<p>Top fronc\u00e9 \u00e0 manches 3\/4 volant\u00e9es iris\u00e9 lilas. Col V. Fronc\u00e9 sur le devant, possible de le porter en version courte ou&hellip;<\/p>\n","protected":false},"featured_media":348354,"template":"","meta":[],"product_brand":[],"product_cat":[663,671,667,674,661],"product_tag":[],"class_list":{"0":"post-365091","1":"product","2":"type-product","3":"status-publish","4":"has-post-thumbnail","6":"product_cat-blouses","7":"product_cat-defiles","8":"product_cat-dernieres-pieces","9":"product_cat-tops","10":"product_cat-tout-voir","11":"pa_taille-l-40-2","12":"pa_taille-m-38-2","13":"pa_taille-s-36-2","14":"pa_taille-sur-mesure-fr-2","15":"pa_taille-xl-42-fr-2","16":"pa_taille-xs-34-2","18":"first","19":"outofstock","20":"taxable","21":"shipping-taxable","22":"purchasable","23":"product-type-variable"},"_links":{"self":[{"href":"https:\/\/maisoncleo.com\/fr\/wp-json\/wp\/v2\/product\/365091","targetHints":{"allow":["GET"]}}],"collection":[{"href":"https:\/\/maisoncleo.com\/fr\/wp-json\/wp\/v2\/product"}],"about":[{"href":"https:\/\/maisoncleo.com\/fr\/wp-json\/wp\/v2\/types\/product"}],"version-history":[{"count":1,"href":"https:\/\/maisoncleo.com\/fr\/wp-json\/wp\/v2\/product\/365091\/revisions"}],"predecessor-version":[{"id":365113,"href":"https:\/\/maisoncleo.com\/fr\/wp-json\/wp\/v2\/product\/365091\/revisions\/365113"}],"wp:featuredmedia":[{"embeddable":true,"href":"https:\/\/maisoncleo.com\/fr\/wp-json\/wp\/v2\/media\/348354"}],"wp:attachment":[{"href":"https:\/\/maisoncleo.com\/fr\/wp-json\/wp\/v2\/media?parent=365091"}],"wp:term":[{"taxonomy":"product_brand","embeddable":true,"href":"https:\/\/maisoncleo.com\/fr\/wp-json\/wp\/v2\/product_brand?post=365091"},{"taxonomy":"product_cat","embeddable":true,"href":"https:\/\/maisoncleo.com\/fr\/wp-json\/wp\/v2\/product_cat?post=365091"},{"taxonomy":"product_tag","embeddable":true,"href":"https:\/\/maisoncleo.com\/fr\/wp-json\/wp\/v2\/product_tag?post=365091"}],"curies":[{"name":"wp","href":"https:\/\/api.w.org\/{rel}","templated":true}]}}