{"id":365052,"date":"2024-09-10T03:20:16","date_gmt":"2024-09-10T15:45:40","guid":{"rendered":"https:\/\/maisoncleo.com\/\/?post_type=product&#038;p=365052"},"modified":"2024-09-10T21:18:02","modified_gmt":"2024-09-10T19:18:02","slug":"coup-de-foudre-defile-look-11-top-manches-longues-bleu-ciel-a-lacage-et-volants-mousseline-de-soie","status":"publish","type":"product","link":"https:\/\/maisoncleo.com\/fr\/shop\/coup-de-foudre-defile-look-11-top-manches-longues-bleu-ciel-a-lacage-et-volants-mousseline-de-soie\/","title":{"rendered":"COUP DE FOUDRE d\u00e9fil\u00e9 LOOK 11 &#8211; Top manches longues bleu ciel \u00e0 la\u00e7age et volants mousseline de soie"},"content":{"rendered":"<p>Top manches longues bleu ciel \u00e0 la\u00e7age et volants en mousseline de soie.<\/p>\n<p>Col rond, bords volant\u00e9s. La\u00e7age \u00e0 neuf rangs. Manches longues \u00e0 bords volant\u00e9s. Volants sur le devant. 100% mousseline de soie douce. Transparent.<\/p>\n<p>Nous avons besoin de deux heures pour faire un top. Nous pouvons faire 12 tops dans ce tissu.<\/p>\n<p>LOOK 11 de notre d\u00e9fil\u00e9 \u201cCoup de foudre\u201d de mars 2023.<\/p>\n<p>Longueur totale \u00e0 plat: 73 cm. Longueur dos: 50 cm. Manches: 65 cm.<\/p>\n<p>La mod\u00e8le mesure 1m71 et porte une taille S-36.<\/p>\n","protected":false},"excerpt":{"rendered":"<p>Top manches longues bleu ciel \u00e0 la\u00e7age et volants en mousseline de soie. Col rond, bords volant\u00e9s. La\u00e7age \u00e0 neuf rangs. Manches&hellip;<\/p>\n","protected":false},"featured_media":348225,"template":"","meta":[],"product_brand":[],"product_cat":[663,671,667,674,661],"product_tag":[],"class_list":{"0":"post-365052","1":"product","2":"type-product","3":"status-publish","4":"has-post-thumbnail","6":"product_cat-blouses","7":"product_cat-defiles","8":"product_cat-dernieres-pieces","9":"product_cat-tops","10":"product_cat-tout-voir","11":"pa_taille-l-40-2","12":"pa_taille-m-38-2","13":"pa_taille-s-36-2","14":"pa_taille-sur-mesure-fr-2","15":"pa_taille-xl-42-fr-2","16":"pa_taille-xs-34-2","18":"first","19":"instock","20":"taxable","21":"shipping-taxable","22":"purchasable","23":"product-type-variable"},"_links":{"self":[{"href":"https:\/\/maisoncleo.com\/fr\/wp-json\/wp\/v2\/product\/365052","targetHints":{"allow":["GET"]}}],"collection":[{"href":"https:\/\/maisoncleo.com\/fr\/wp-json\/wp\/v2\/product"}],"about":[{"href":"https:\/\/maisoncleo.com\/fr\/wp-json\/wp\/v2\/types\/product"}],"version-history":[{"count":1,"href":"https:\/\/maisoncleo.com\/fr\/wp-json\/wp\/v2\/product\/365052\/revisions"}],"predecessor-version":[{"id":365088,"href":"https:\/\/maisoncleo.com\/fr\/wp-json\/wp\/v2\/product\/365052\/revisions\/365088"}],"wp:featuredmedia":[{"embeddable":true,"href":"https:\/\/maisoncleo.com\/fr\/wp-json\/wp\/v2\/media\/348225"}],"wp:attachment":[{"href":"https:\/\/maisoncleo.com\/fr\/wp-json\/wp\/v2\/media?parent=365052"}],"wp:term":[{"taxonomy":"product_brand","embeddable":true,"href":"https:\/\/maisoncleo.com\/fr\/wp-json\/wp\/v2\/product_brand?post=365052"},{"taxonomy":"product_cat","embeddable":true,"href":"https:\/\/maisoncleo.com\/fr\/wp-json\/wp\/v2\/product_cat?post=365052"},{"taxonomy":"product_tag","embeddable":true,"href":"https:\/\/maisoncleo.com\/fr\/wp-json\/wp\/v2\/product_tag?post=365052"}],"curies":[{"name":"wp","href":"https:\/\/api.w.org\/{rel}","templated":true}]}}