{"id":365051,"date":"2024-09-10T03:20:16","date_gmt":"2024-09-10T15:45:40","guid":{"rendered":"https:\/\/maisoncleo.com\/\/?post_type=product&#038;p=365051"},"modified":"2024-09-10T21:18:01","modified_gmt":"2024-09-10T19:18:01","slug":"coup-de-foudre-defile-look-11-mini-jupe-plissee-ceinturee-en-laine-tricotee-grise-pied-de-poule","status":"publish","type":"product","link":"https:\/\/maisoncleo.com\/fr\/shop\/coup-de-foudre-defile-look-11-mini-jupe-plissee-ceinturee-en-laine-tricotee-grise-pied-de-poule\/","title":{"rendered":"COUP DE FOUDRE d\u00e9fil\u00e9 LOOK 11 &#8211; Mini jupe pliss\u00e9e ceintur\u00e9e en laine tricot\u00e9e grise pied-de-poule"},"content":{"rendered":"<p>Mini jupe pliss\u00e9e ceintur\u00e9e en laine grise pied-de-poule.<\/p>\n<p>Motif pied-de-poule en nuances de gris et de bleu ciel. Fausse ceinture assortie, boucle vintage fonc\u00e9e, deux passants. Fermeture \u00e9clair sur le c\u00f4t\u00e9. Deux poches italiennes sur le devant. Coupe \u00e9vas\u00e9e, taille basse.<\/p>\n<p>Notre jupe Britney Spears de r\u00eave&lt;3<\/p>\n<p>Nous avons besoin de 2 heures pour faire une jupe. Nous pouvons faire 3 jupes dans ce tissu sp\u00e9cial.<\/p>\n<p>LOOK 11 de notre d\u00e9fil\u00e9 \u201cCoup de foudre\u201d de mars 2023.<\/p>\n<p>Longueur \u00e0 plat: 30 cm.<\/p>\n<p>La mod\u00e8le mesure 1m71 et porte une taille S-36.<\/p>\n","protected":false},"excerpt":{"rendered":"<p>Mini jupe pliss\u00e9e ceintur\u00e9e en laine grise pied-de-poule. Motif pied-de-poule en nuances de gris et de bleu ciel. Fausse ceinture assortie, boucle&hellip;<\/p>\n","protected":false},"featured_media":348216,"template":"","meta":[],"product_brand":[],"product_cat":[671,667,672,666,661],"product_tag":[],"class_list":{"0":"post-365051","1":"product","2":"type-product","3":"status-publish","4":"has-post-thumbnail","6":"product_cat-defiles","7":"product_cat-dernieres-pieces","8":"product_cat-jupes","9":"product_cat-mailles","10":"product_cat-tout-voir","11":"pa_taille-l-40-2","12":"pa_taille-m-38-2","13":"pa_taille-s-36-2","14":"pa_taille-sur-mesure-fr-2","15":"pa_taille-xl-42-fr-2","16":"pa_taille-xs-34-2","18":"first","19":"outofstock","20":"taxable","21":"shipping-taxable","22":"purchasable","23":"product-type-variable"},"_links":{"self":[{"href":"https:\/\/maisoncleo.com\/fr\/wp-json\/wp\/v2\/product\/365051","targetHints":{"allow":["GET"]}}],"collection":[{"href":"https:\/\/maisoncleo.com\/fr\/wp-json\/wp\/v2\/product"}],"about":[{"href":"https:\/\/maisoncleo.com\/fr\/wp-json\/wp\/v2\/types\/product"}],"version-history":[{"count":1,"href":"https:\/\/maisoncleo.com\/fr\/wp-json\/wp\/v2\/product\/365051\/revisions"}],"predecessor-version":[{"id":365076,"href":"https:\/\/maisoncleo.com\/fr\/wp-json\/wp\/v2\/product\/365051\/revisions\/365076"}],"wp:featuredmedia":[{"embeddable":true,"href":"https:\/\/maisoncleo.com\/fr\/wp-json\/wp\/v2\/media\/348216"}],"wp:attachment":[{"href":"https:\/\/maisoncleo.com\/fr\/wp-json\/wp\/v2\/media?parent=365051"}],"wp:term":[{"taxonomy":"product_brand","embeddable":true,"href":"https:\/\/maisoncleo.com\/fr\/wp-json\/wp\/v2\/product_brand?post=365051"},{"taxonomy":"product_cat","embeddable":true,"href":"https:\/\/maisoncleo.com\/fr\/wp-json\/wp\/v2\/product_cat?post=365051"},{"taxonomy":"product_tag","embeddable":true,"href":"https:\/\/maisoncleo.com\/fr\/wp-json\/wp\/v2\/product_tag?post=365051"}],"curies":[{"name":"wp","href":"https:\/\/api.w.org\/{rel}","templated":true}]}}