{"id":365036,"date":"2024-09-10T03:18:45","date_gmt":"2024-09-10T15:45:16","guid":{"rendered":"https:\/\/maisoncleo.com\/\/?post_type=product&#038;p=365036"},"modified":"2024-09-10T21:17:59","modified_gmt":"2024-09-10T19:17:59","slug":"coup-de-foudre-defile-look-12-jupe-midi-en-laine-grise-et-ceinture-coeur","status":"publish","type":"product","link":"https:\/\/maisoncleo.com\/fr\/shop\/coup-de-foudre-defile-look-12-jupe-midi-en-laine-grise-et-ceinture-coeur\/","title":{"rendered":"COUP DE FOUDRE d\u00e9fil\u00e9 LOOK 12 &#8211; Jupe midi en laine grise et ceinture coeur"},"content":{"rendered":"<p>Jupe midi en laine grise et ceinture coeur.<\/p>\n<p>D\u00e9tail de surpiq\u00fbres blanches, inspiration cowboy. Fermeture \u00e9clair sur le devant, fermeture \u00e0 un bouton. Ceinture assortie, boucle vintage en forme de coeur, attache velcro. Deux poches italiennes sur le devant. Coupe \u00e9vas\u00e9e. Laine m\u00e9lang\u00e9e.<\/p>\n<p>Nous avons besoin de 2 heures et demi pour faire une jupe. Nous pouvons en faire 7 dans ce tissu.<\/p>\n<p>LOOK 12 de notre d\u00e9fil\u00e9 \u201cCoup de foudre\u201d de mars 2023.<\/p>\n<p>Longueur \u00e0 plat: 74 cm.<\/p>\n<p>La mod\u00e8le mesure 1m71 et porte une taille S-36.<\/p>\n","protected":false},"excerpt":{"rendered":"<p>Jupe midi en laine grise et ceinture coeur. D\u00e9tail de surpiq\u00fbres blanches, inspiration cowboy. Fermeture \u00e9clair sur le devant, fermeture \u00e0 un&hellip;<\/p>\n","protected":false},"featured_media":348176,"template":"","meta":[],"product_brand":[],"product_cat":[667,672,666,661],"product_tag":[],"class_list":{"0":"post-365036","1":"product","2":"type-product","3":"status-publish","4":"has-post-thumbnail","6":"product_cat-dernieres-pieces","7":"product_cat-jupes","8":"product_cat-mailles","9":"product_cat-tout-voir","10":"pa_taille-l-40-2","11":"pa_taille-m-38-2","12":"pa_taille-s-36-2","13":"pa_taille-sur-mesure-fr-2","14":"pa_taille-xl-42-fr-2","15":"pa_taille-xs-34-2","17":"first","18":"outofstock","19":"taxable","20":"shipping-taxable","21":"purchasable","22":"product-type-variable"},"_links":{"self":[{"href":"https:\/\/maisoncleo.com\/fr\/wp-json\/wp\/v2\/product\/365036","targetHints":{"allow":["GET"]}}],"collection":[{"href":"https:\/\/maisoncleo.com\/fr\/wp-json\/wp\/v2\/product"}],"about":[{"href":"https:\/\/maisoncleo.com\/fr\/wp-json\/wp\/v2\/types\/product"}],"version-history":[{"count":1,"href":"https:\/\/maisoncleo.com\/fr\/wp-json\/wp\/v2\/product\/365036\/revisions"}],"predecessor-version":[{"id":365065,"href":"https:\/\/maisoncleo.com\/fr\/wp-json\/wp\/v2\/product\/365036\/revisions\/365065"}],"wp:featuredmedia":[{"embeddable":true,"href":"https:\/\/maisoncleo.com\/fr\/wp-json\/wp\/v2\/media\/348176"}],"wp:attachment":[{"href":"https:\/\/maisoncleo.com\/fr\/wp-json\/wp\/v2\/media?parent=365036"}],"wp:term":[{"taxonomy":"product_brand","embeddable":true,"href":"https:\/\/maisoncleo.com\/fr\/wp-json\/wp\/v2\/product_brand?post=365036"},{"taxonomy":"product_cat","embeddable":true,"href":"https:\/\/maisoncleo.com\/fr\/wp-json\/wp\/v2\/product_cat?post=365036"},{"taxonomy":"product_tag","embeddable":true,"href":"https:\/\/maisoncleo.com\/fr\/wp-json\/wp\/v2\/product_tag?post=365036"}],"curies":[{"name":"wp","href":"https:\/\/api.w.org\/{rel}","templated":true}]}}