{"id":365020,"date":"2024-09-10T03:17:12","date_gmt":"2024-09-10T15:44:51","guid":{"rendered":"https:\/\/maisoncleo.com\/\/?post_type=product&#038;p=365020"},"modified":"2024-09-10T21:18:23","modified_gmt":"2024-09-10T19:18:23","slug":"coup-de-foudre-defile-look-2-top-mini-bouffant-en-dentelle-ecrue-ajouree","status":"publish","type":"product","link":"https:\/\/maisoncleo.com\/fr\/shop\/coup-de-foudre-defile-look-2-top-mini-bouffant-en-dentelle-ecrue-ajouree\/","title":{"rendered":"COUP DE FOUDRE d\u00e9fil\u00e9 LOOK 2 &#8211; Top mini bouffant en dentelle \u00e9crue ajour\u00e9e"},"content":{"rendered":"<p>Top mini bouffant en dentelle \u00e9crue ajour\u00e9e.<\/p>\n<p>Encolure carr\u00e9e, petite ouverture, liens \u00e0 nouer. Petites manches bouffantes. Ajour\u00e9 sur la poitrine, noeuds \u00e0 serrer ou desserrer. Encolure, manches et ourlet \u00e9lastiqu\u00e9s.<\/p>\n<p>LOOK 2 de notre d\u00e9fil\u00e9 \u201cCoup de foudre\u201d de mars 2023.<\/p>\n<p>Longueur totale \u00e0 plat: 29 cm. Encolure: 11 cm. 16 cm sous le noeud.<\/p>\n<p>La mod\u00e8le mesure 1m71 et porte une taille S-36.<\/p>\n","protected":false},"excerpt":{"rendered":"<p>Top mini bouffant en dentelle \u00e9crue ajour\u00e9e. Encolure carr\u00e9e, petite ouverture, liens \u00e0 nouer. Petites manches bouffantes. Ajour\u00e9 sur la poitrine, noeuds&hellip;<\/p>\n","protected":false},"featured_media":348607,"template":"","meta":[],"product_brand":[],"product_cat":[671,667,674,661],"product_tag":[],"class_list":{"0":"post-365020","1":"product","2":"type-product","3":"status-publish","4":"has-post-thumbnail","6":"product_cat-defiles","7":"product_cat-dernieres-pieces","8":"product_cat-tops","9":"product_cat-tout-voir","10":"pa_taille-l-40-2","11":"pa_taille-m-38-2","12":"pa_taille-s-36-2","13":"pa_taille-sur-mesure-fr-2","14":"pa_taille-xl-42-fr-2","15":"pa_taille-xs-34-2","17":"first","18":"outofstock","19":"taxable","20":"shipping-taxable","21":"purchasable","22":"product-type-variable"},"_links":{"self":[{"href":"https:\/\/maisoncleo.com\/fr\/wp-json\/wp\/v2\/product\/365020","targetHints":{"allow":["GET"]}}],"collection":[{"href":"https:\/\/maisoncleo.com\/fr\/wp-json\/wp\/v2\/product"}],"about":[{"href":"https:\/\/maisoncleo.com\/fr\/wp-json\/wp\/v2\/types\/product"}],"version-history":[{"count":1,"href":"https:\/\/maisoncleo.com\/fr\/wp-json\/wp\/v2\/product\/365020\/revisions"}],"predecessor-version":[{"id":365280,"href":"https:\/\/maisoncleo.com\/fr\/wp-json\/wp\/v2\/product\/365020\/revisions\/365280"}],"wp:featuredmedia":[{"embeddable":true,"href":"https:\/\/maisoncleo.com\/fr\/wp-json\/wp\/v2\/media\/348607"}],"wp:attachment":[{"href":"https:\/\/maisoncleo.com\/fr\/wp-json\/wp\/v2\/media?parent=365020"}],"wp:term":[{"taxonomy":"product_brand","embeddable":true,"href":"https:\/\/maisoncleo.com\/fr\/wp-json\/wp\/v2\/product_brand?post=365020"},{"taxonomy":"product_cat","embeddable":true,"href":"https:\/\/maisoncleo.com\/fr\/wp-json\/wp\/v2\/product_cat?post=365020"},{"taxonomy":"product_tag","embeddable":true,"href":"https:\/\/maisoncleo.com\/fr\/wp-json\/wp\/v2\/product_tag?post=365020"}],"curies":[{"name":"wp","href":"https:\/\/api.w.org\/{rel}","templated":true}]}}