{"id":365019,"date":"2024-09-10T03:17:12","date_gmt":"2024-09-10T15:44:51","guid":{"rendered":"https:\/\/maisoncleo.com\/\/?post_type=product&#038;p=365019"},"modified":"2024-09-10T21:17:57","modified_gmt":"2024-09-10T19:17:57","slug":"coup-de-foudre-defile-look-13-chemise-manches-longues-a-rayures-grises-brillantes-ton-sur-ton-cleo","status":"publish","type":"product","link":"https:\/\/maisoncleo.com\/fr\/shop\/coup-de-foudre-defile-look-13-chemise-manches-longues-a-rayures-grises-brillantes-ton-sur-ton-cleo\/","title":{"rendered":"COUP DE FOUDRE d\u00e9fil\u00e9 LOOK 13 &#8211; Chemise manches longues \u00e0 rayures grises brillantes ton-sur-ton CLEO"},"content":{"rendered":"<p>Chemise manches longues \u00e0 rayures grises brillantes ton-sur-ton CLEO.<\/p>\n<p>Col pointu, fermeture \u00e0 cinq boutons. Manches longues avec deux poignets pointus pouvant \u00eatre ferm\u00e9s par un bouton ou retrouss\u00e9s sur eux-m\u00eames. Deux petites fentes de chaque c\u00f4t\u00e9. Coupe ajust\u00e9e sur la poitrine, coupe droite sur la taille.<\/p>\n<p>Nous avons besoin de 3 heures pour faire une chemise. Nous pouvons faire 5 chemises dans ce tissu.<\/p>\n<p>LOOK 14 de notre d\u00e9fil\u00e9 \u201cCoup de foudre\u201d de mars 2023.<\/p>\n<p>Longueur \u00e0 plat: 49 cm. Manches: 64 cm.<\/p>\n<p>La mod\u00e8le mesure 1m71 et porte une taille S-36.<\/p>\n","protected":false},"excerpt":{"rendered":"<p>Chemise manches longues \u00e0 rayures grises brillantes ton-sur-ton CLEO. Col pointu, fermeture \u00e0 cinq boutons. Manches longues avec deux poignets pointus pouvant&hellip;<\/p>\n","protected":false},"featured_media":348157,"template":"","meta":[],"product_brand":[],"product_cat":[663,671,667,674,661],"product_tag":[],"class_list":{"0":"post-365019","1":"product","2":"type-product","3":"status-publish","4":"has-post-thumbnail","6":"product_cat-blouses","7":"product_cat-defiles","8":"product_cat-dernieres-pieces","9":"product_cat-tops","10":"product_cat-tout-voir","11":"pa_taille-l-40-2","12":"pa_taille-m-38-2","13":"pa_taille-s-36-2","14":"pa_taille-sur-mesure-fr-2","15":"pa_taille-xl-42-fr-2","16":"pa_taille-xs-34-2","18":"first","19":"outofstock","20":"taxable","21":"shipping-taxable","22":"purchasable","23":"product-type-variable"},"_links":{"self":[{"href":"https:\/\/maisoncleo.com\/fr\/wp-json\/wp\/v2\/product\/365019","targetHints":{"allow":["GET"]}}],"collection":[{"href":"https:\/\/maisoncleo.com\/fr\/wp-json\/wp\/v2\/product"}],"about":[{"href":"https:\/\/maisoncleo.com\/fr\/wp-json\/wp\/v2\/types\/product"}],"version-history":[{"count":1,"href":"https:\/\/maisoncleo.com\/fr\/wp-json\/wp\/v2\/product\/365019\/revisions"}],"predecessor-version":[{"id":365053,"href":"https:\/\/maisoncleo.com\/fr\/wp-json\/wp\/v2\/product\/365019\/revisions\/365053"}],"wp:featuredmedia":[{"embeddable":true,"href":"https:\/\/maisoncleo.com\/fr\/wp-json\/wp\/v2\/media\/348157"}],"wp:attachment":[{"href":"https:\/\/maisoncleo.com\/fr\/wp-json\/wp\/v2\/media?parent=365019"}],"wp:term":[{"taxonomy":"product_brand","embeddable":true,"href":"https:\/\/maisoncleo.com\/fr\/wp-json\/wp\/v2\/product_brand?post=365019"},{"taxonomy":"product_cat","embeddable":true,"href":"https:\/\/maisoncleo.com\/fr\/wp-json\/wp\/v2\/product_cat?post=365019"},{"taxonomy":"product_tag","embeddable":true,"href":"https:\/\/maisoncleo.com\/fr\/wp-json\/wp\/v2\/product_tag?post=365019"}],"curies":[{"name":"wp","href":"https:\/\/api.w.org\/{rel}","templated":true}]}}