{"id":364963,"date":"2024-09-10T03:11:38","date_gmt":"2024-09-10T15:43:18","guid":{"rendered":"https:\/\/maisoncleo.com\/\/?post_type=product&#038;p=364963"},"modified":"2024-09-10T21:17:47","modified_gmt":"2024-09-10T19:17:47","slug":"coup-de-foudre-defile-look-16-mini-jupe-en-soie-vichy-lilas-a-volants","status":"publish","type":"product","link":"https:\/\/maisoncleo.com\/fr\/shop\/coup-de-foudre-defile-look-16-mini-jupe-en-soie-vichy-lilas-a-volants\/","title":{"rendered":"COUP DE FOUDRE d\u00e9fil\u00e9 LOOK 16 &#8211; Mini jupe en soie vichy lilas \u00e0 volants"},"content":{"rendered":"<p>Mini jupe en soie vichy lilas \u00e0 volants.<\/p>\n<p>Deux rangs de volants. Taille \u00e9lastiqu\u00e9e, petite finition bourdon. 100% soie, super douce au toucher.<\/p>\n<p>Une adorable et l\u00e9g\u00e8re petite jupe pour c\u00e9l\u00e9brer l&rsquo;arriv\u00e9e du printemps !<\/p>\n<p>Nous pouvons faire 3 jupes dans ce tissu.<\/p>\n<p>LOOK 16 de notre d\u00e9fil\u00e9 \u201cCoup de foudre\u201d de mars 2023.<\/p>\n<p>Longueur totale \u00e0 plat: 35 cm.<\/p>\n<p>La mod\u00e8le mesure 1m71 et porte une taille S-36.<\/p>\n","protected":false},"excerpt":{"rendered":"<p>Mini jupe en soie vichy lilas \u00e0 volants. Deux rangs de volants. Taille \u00e9lastiqu\u00e9e, petite finition bourdon. 100% soie, super douce au&hellip;<\/p>\n","protected":false},"featured_media":348003,"template":"","meta":[],"product_brand":[],"product_cat":[671,667,672,661],"product_tag":[],"class_list":{"0":"post-364963","1":"product","2":"type-product","3":"status-publish","4":"has-post-thumbnail","6":"product_cat-defiles","7":"product_cat-dernieres-pieces","8":"product_cat-jupes","9":"product_cat-tout-voir","10":"pa_taille-l-40-2","11":"pa_taille-m-38-2","12":"pa_taille-s-36-2","13":"pa_taille-sur-mesure-fr-2","14":"pa_taille-xl-42-fr-2","15":"pa_taille-xs-34-2","17":"first","18":"outofstock","19":"taxable","20":"shipping-taxable","21":"purchasable","22":"product-type-variable"},"_links":{"self":[{"href":"https:\/\/maisoncleo.com\/fr\/wp-json\/wp\/v2\/product\/364963","targetHints":{"allow":["GET"]}}],"collection":[{"href":"https:\/\/maisoncleo.com\/fr\/wp-json\/wp\/v2\/product"}],"about":[{"href":"https:\/\/maisoncleo.com\/fr\/wp-json\/wp\/v2\/types\/product"}],"version-history":[{"count":1,"href":"https:\/\/maisoncleo.com\/fr\/wp-json\/wp\/v2\/product\/364963\/revisions"}],"predecessor-version":[{"id":364987,"href":"https:\/\/maisoncleo.com\/fr\/wp-json\/wp\/v2\/product\/364963\/revisions\/364987"}],"wp:featuredmedia":[{"embeddable":true,"href":"https:\/\/maisoncleo.com\/fr\/wp-json\/wp\/v2\/media\/348003"}],"wp:attachment":[{"href":"https:\/\/maisoncleo.com\/fr\/wp-json\/wp\/v2\/media?parent=364963"}],"wp:term":[{"taxonomy":"product_brand","embeddable":true,"href":"https:\/\/maisoncleo.com\/fr\/wp-json\/wp\/v2\/product_brand?post=364963"},{"taxonomy":"product_cat","embeddable":true,"href":"https:\/\/maisoncleo.com\/fr\/wp-json\/wp\/v2\/product_cat?post=364963"},{"taxonomy":"product_tag","embeddable":true,"href":"https:\/\/maisoncleo.com\/fr\/wp-json\/wp\/v2\/product_tag?post=364963"}],"curies":[{"name":"wp","href":"https:\/\/api.w.org\/{rel}","templated":true}]}}