{"id":364930,"date":"2024-09-10T03:09:10","date_gmt":"2024-09-10T15:42:08","guid":{"rendered":"https:\/\/maisoncleo.com\/\/?post_type=product&#038;p=364930"},"modified":"2024-09-10T21:17:41","modified_gmt":"2024-09-10T19:17:41","slug":"coup-de-foudre-defile-look-19-veste-courte-sans-manches-matelassee-satinee-bleu-turquoise","status":"publish","type":"product","link":"https:\/\/maisoncleo.com\/fr\/shop\/coup-de-foudre-defile-look-19-veste-courte-sans-manches-matelassee-satinee-bleu-turquoise\/","title":{"rendered":"COUP DE FOUDRE d\u00e9fil\u00e9 LOOK 19 &#8211; Veste courte sans manches matelass\u00e9e satin\u00e9e bleu turquoise"},"content":{"rendered":"<p>Veste courte sans manches matelass\u00e9e satin\u00e9e bleu turquoise.<\/p>\n<p>Matelassage motifs de losanges et carr\u00e9s. Col. Quatre boutons pressions sur le devant. Deux poches italiennes sur le devant. Matelassage satin\u00e9, doublure soie cr\u00e8me.<\/p>\n<p>Nous avons besoin de 3 heures pour faire une veste. Nous pouvons en faire 4 dans ce tissu.<\/p>\n<p>LOOK 19 de notre d\u00e9fil\u00e9 \u201cCoup de foudre\u201d de mars 2023.<\/p>\n<p>Longueur \u00e0 plat: 45 cm.<\/p>\n<p>La mod\u00e8le mesure 1m71 et porte une taille S-36.<\/p>\n","protected":false},"excerpt":{"rendered":"<p>Veste courte sans manches matelass\u00e9e satin\u00e9e bleu turquoise. Matelassage motifs de losanges et carr\u00e9s. Col. Quatre boutons pressions sur le devant. Deux&hellip;<\/p>\n","protected":false},"featured_media":347892,"template":"","meta":[],"product_brand":[],"product_cat":[671,667,661,665],"product_tag":[],"class_list":{"0":"post-364930","1":"product","2":"type-product","3":"status-publish","4":"has-post-thumbnail","6":"product_cat-defiles","7":"product_cat-dernieres-pieces","8":"product_cat-tout-voir","9":"product_cat-vestes-manteaux","10":"pa_taille-l-40-2","11":"pa_taille-m-38-2","12":"pa_taille-s-36-2","13":"pa_taille-sur-mesure-fr-2","14":"pa_taille-xl-42-fr-2","15":"pa_taille-xs-34-2","17":"first","18":"instock","19":"taxable","20":"shipping-taxable","21":"purchasable","22":"product-type-variable"},"_links":{"self":[{"href":"https:\/\/maisoncleo.com\/fr\/wp-json\/wp\/v2\/product\/364930","targetHints":{"allow":["GET"]}}],"collection":[{"href":"https:\/\/maisoncleo.com\/fr\/wp-json\/wp\/v2\/product"}],"about":[{"href":"https:\/\/maisoncleo.com\/fr\/wp-json\/wp\/v2\/types\/product"}],"version-history":[{"count":1,"href":"https:\/\/maisoncleo.com\/fr\/wp-json\/wp\/v2\/product\/364930\/revisions"}],"predecessor-version":[{"id":364960,"href":"https:\/\/maisoncleo.com\/fr\/wp-json\/wp\/v2\/product\/364930\/revisions\/364960"}],"wp:featuredmedia":[{"embeddable":true,"href":"https:\/\/maisoncleo.com\/fr\/wp-json\/wp\/v2\/media\/347892"}],"wp:attachment":[{"href":"https:\/\/maisoncleo.com\/fr\/wp-json\/wp\/v2\/media?parent=364930"}],"wp:term":[{"taxonomy":"product_brand","embeddable":true,"href":"https:\/\/maisoncleo.com\/fr\/wp-json\/wp\/v2\/product_brand?post=364930"},{"taxonomy":"product_cat","embeddable":true,"href":"https:\/\/maisoncleo.com\/fr\/wp-json\/wp\/v2\/product_cat?post=364930"},{"taxonomy":"product_tag","embeddable":true,"href":"https:\/\/maisoncleo.com\/fr\/wp-json\/wp\/v2\/product_tag?post=364930"}],"curies":[{"name":"wp","href":"https:\/\/api.w.org\/{rel}","templated":true}]}}