{"id":364915,"date":"2024-09-10T03:07:17","date_gmt":"2024-09-10T15:41:46","guid":{"rendered":"https:\/\/maisoncleo.com\/\/?post_type=product&#038;p=364915"},"modified":"2024-09-10T21:17:39","modified_gmt":"2024-09-10T19:17:39","slug":"coup-de-foudre-defile-look-19-longue-jupe-matelassee-satinee-bleu-turquoise-a-ceinture","status":"publish","type":"product","link":"https:\/\/maisoncleo.com\/fr\/shop\/coup-de-foudre-defile-look-19-longue-jupe-matelassee-satinee-bleu-turquoise-a-ceinture\/","title":{"rendered":"COUP DE FOUDRE d\u00e9fil\u00e9 LOOK 19 &#8211; Longue jupe matelass\u00e9e satin\u00e9e bleu turquoise \u00e0 ceinture"},"content":{"rendered":"<p>Longue jupe matelass\u00e9e satin\u00e9e bleu turquoise \u00e0 ceinture.<\/p>\n<p>Matelassage motifs de losanges et carr\u00e9s. Fermeture \u00e9clair sur le devant, bouton pression. Ceinture assortie, boucle vintage en forme de coeur, attache velcro. Deux poches italiennes sur le devant, deux poches plaqu\u00e9es sur l&rsquo;arri\u00e8re. Coeur blanc brod\u00e9 sur l&rsquo;arri\u00e8re. Fente arri\u00e8re. Matelassage satin\u00e9, doublure soie cr\u00e8me. Nous pouvons enlever le coeur brod\u00e9 sur la poche arri\u00e8re. Si vous souhaitez le retirer, indiquez le dans la case commentaires au moment du panier lors de la validation de la commande.<\/p>\n<p>Nous avons besoin de 3 heures et demi pour faire une jupe. Nous pouvons faire 4 jupes dans ce tissu.<\/p>\n<p>LOOK 19 de notre d\u00e9fil\u00e9 \u201cCoup de foudre\u201d de mars 2023.<\/p>\n<p>La mod\u00e8le mesure 1m71 et porte une taille S-36.<\/p>\n","protected":false},"excerpt":{"rendered":"<p>Longue jupe matelass\u00e9e satin\u00e9e bleu turquoise \u00e0 ceinture. Matelassage motifs de losanges et carr\u00e9s. Fermeture \u00e9clair sur le devant, bouton pression. Ceinture&hellip;<\/p>\n","protected":false},"featured_media":347881,"template":"","meta":[],"product_brand":[],"product_cat":[671,667,672,661],"product_tag":[],"class_list":{"0":"post-364915","1":"product","2":"type-product","3":"status-publish","4":"has-post-thumbnail","6":"product_cat-defiles","7":"product_cat-dernieres-pieces","8":"product_cat-jupes","9":"product_cat-tout-voir","10":"pa_taille-l-40-2","11":"pa_taille-m-38-2","12":"pa_taille-s-36-2","13":"pa_taille-sur-mesure-fr-2","14":"pa_taille-xl-42-fr-2","15":"pa_taille-xs-34-2","17":"first","18":"instock","19":"taxable","20":"shipping-taxable","21":"purchasable","22":"product-type-variable"},"_links":{"self":[{"href":"https:\/\/maisoncleo.com\/fr\/wp-json\/wp\/v2\/product\/364915","targetHints":{"allow":["GET"]}}],"collection":[{"href":"https:\/\/maisoncleo.com\/fr\/wp-json\/wp\/v2\/product"}],"about":[{"href":"https:\/\/maisoncleo.com\/fr\/wp-json\/wp\/v2\/types\/product"}],"version-history":[{"count":1,"href":"https:\/\/maisoncleo.com\/fr\/wp-json\/wp\/v2\/product\/364915\/revisions"}],"predecessor-version":[{"id":364932,"href":"https:\/\/maisoncleo.com\/fr\/wp-json\/wp\/v2\/product\/364915\/revisions\/364932"}],"wp:featuredmedia":[{"embeddable":true,"href":"https:\/\/maisoncleo.com\/fr\/wp-json\/wp\/v2\/media\/347881"}],"wp:attachment":[{"href":"https:\/\/maisoncleo.com\/fr\/wp-json\/wp\/v2\/media?parent=364915"}],"wp:term":[{"taxonomy":"product_brand","embeddable":true,"href":"https:\/\/maisoncleo.com\/fr\/wp-json\/wp\/v2\/product_brand?post=364915"},{"taxonomy":"product_cat","embeddable":true,"href":"https:\/\/maisoncleo.com\/fr\/wp-json\/wp\/v2\/product_cat?post=364915"},{"taxonomy":"product_tag","embeddable":true,"href":"https:\/\/maisoncleo.com\/fr\/wp-json\/wp\/v2\/product_tag?post=364915"}],"curies":[{"name":"wp","href":"https:\/\/api.w.org\/{rel}","templated":true}]}}