{"id":364907,"date":"2024-09-10T03:05:48","date_gmt":"2024-09-10T15:41:24","guid":{"rendered":"https:\/\/maisoncleo.com\/\/?post_type=product&#038;p=364907"},"modified":"2024-09-10T21:17:38","modified_gmt":"2024-09-10T19:17:38","slug":"coup-de-foudre-defile-look-20-robe-mini-legerement-transparente-a-paillettes-argentees","status":"publish","type":"product","link":"https:\/\/maisoncleo.com\/fr\/shop\/coup-de-foudre-defile-look-20-robe-mini-legerement-transparente-a-paillettes-argentees\/","title":{"rendered":"COUP DE FOUDRE d\u00e9fil\u00e9 LOOK 20 &#8211; Robe mini l\u00e9g\u00e8rement transparente \u00e0 paillettes argent\u00e9es"},"content":{"rendered":"<p>Robe mini \u00e8 transparente \u00e0 paillettes argent\u00e9es.<\/p>\n<p>Bretelles transparentes. Incrust\u00e9e d&rsquo;un fil brillant argent\u00e9. Coupe pr\u00e8s du corps.<\/p>\n<p>Nous pouvons faire seulement 2 robes dans ce tissu.<\/p>\n<p>LOOK 20 de notre d\u00e9fil\u00e9 \u201cCoup de foudre\u201d de mars 2023.<\/p>\n<p>La mod\u00e8le mesure 1m71 et porte une taille S-36.<\/p>\n","protected":false},"excerpt":{"rendered":"<p>Robe mini \u00e8 transparente \u00e0 paillettes argent\u00e9es. Bretelles transparentes. Incrust\u00e9e d&rsquo;un fil brillant argent\u00e9. Coupe pr\u00e8s du corps. Nous pouvons faire seulement&hellip;<\/p>\n","protected":false},"featured_media":347863,"template":"","meta":[],"product_brand":[],"product_cat":[671,667,664,661],"product_tag":[],"class_list":{"0":"post-364907","1":"product","2":"type-product","3":"status-publish","4":"has-post-thumbnail","6":"product_cat-defiles","7":"product_cat-dernieres-pieces","8":"product_cat-robes","9":"product_cat-tout-voir","10":"pa_taille-l-40-2","11":"pa_taille-m-38-2","12":"pa_taille-s-36-2","13":"pa_taille-sur-mesure-fr-2","14":"pa_taille-xl-42-fr-2","15":"pa_taille-xs-34-2","17":"first","18":"outofstock","19":"taxable","20":"shipping-taxable","21":"purchasable","22":"product-type-variable"},"_links":{"self":[{"href":"https:\/\/maisoncleo.com\/fr\/wp-json\/wp\/v2\/product\/364907","targetHints":{"allow":["GET"]}}],"collection":[{"href":"https:\/\/maisoncleo.com\/fr\/wp-json\/wp\/v2\/product"}],"about":[{"href":"https:\/\/maisoncleo.com\/fr\/wp-json\/wp\/v2\/types\/product"}],"version-history":[{"count":1,"href":"https:\/\/maisoncleo.com\/fr\/wp-json\/wp\/v2\/product\/364907\/revisions"}],"predecessor-version":[{"id":364931,"href":"https:\/\/maisoncleo.com\/fr\/wp-json\/wp\/v2\/product\/364907\/revisions\/364931"}],"wp:featuredmedia":[{"embeddable":true,"href":"https:\/\/maisoncleo.com\/fr\/wp-json\/wp\/v2\/media\/347863"}],"wp:attachment":[{"href":"https:\/\/maisoncleo.com\/fr\/wp-json\/wp\/v2\/media?parent=364907"}],"wp:term":[{"taxonomy":"product_brand","embeddable":true,"href":"https:\/\/maisoncleo.com\/fr\/wp-json\/wp\/v2\/product_brand?post=364907"},{"taxonomy":"product_cat","embeddable":true,"href":"https:\/\/maisoncleo.com\/fr\/wp-json\/wp\/v2\/product_cat?post=364907"},{"taxonomy":"product_tag","embeddable":true,"href":"https:\/\/maisoncleo.com\/fr\/wp-json\/wp\/v2\/product_tag?post=364907"}],"curies":[{"name":"wp","href":"https:\/\/api.w.org\/{rel}","templated":true}]}}