{"id":364868,"date":"2024-09-10T03:01:27","date_gmt":"2024-09-10T15:40:13","guid":{"rendered":"https:\/\/maisoncleo.com\/\/?post_type=product&#038;p=364868"},"modified":"2024-09-10T21:17:32","modified_gmt":"2024-09-10T19:17:32","slug":"coup-de-foudre-defile-look-23-jean-evase-ceinture-en-denim-fonce","status":"publish","type":"product","link":"https:\/\/maisoncleo.com\/fr\/shop\/coup-de-foudre-defile-look-23-jean-evase-ceinture-en-denim-fonce\/","title":{"rendered":"COUP DE FOUDRE d\u00e9fil\u00e9 LOOK 23 &#8211; Jean \u00e9vas\u00e9 ceintur\u00e9 en denim fonc\u00e9"},"content":{"rendered":"<p>Pantalon \u00e9vas\u00e9 ceintur\u00e9 en denim fonc\u00e9.<\/p>\n<p>D\u00e9tail de surpiq\u00fbres blanches, inspiration cowboy. Coeur blanc brod\u00e9 sur l&rsquo;arri\u00e8re. Fermeture \u00e9clair sur le devant. Ceinture assortie, boucle vintage en forme de coeur, attache velcro. Deux poches italiennes &amp; deux poches plaqu\u00e9es arri\u00e8res. Mid-rise, \u00e9vas\u00e9. Il y a 1% d&rsquo;elasthane dans la mati\u00e8re ce qui la rend l\u00e9g\u00e8rement stretch \ud83d\ude42 Nous pouvons enlever la broderie coeur sur la poche arri\u00e8re. Veuillez en faire la demande dans la case \u00ab\u00a0notes\u00a0\u00bb lors de la confirmation de la commande au moment du panier.<\/p>\n<p>R\u00e9serv\u00e9 aux cowgirls badass uniquement !&lt;3<\/p>\n<p>Nous avons besoin de 3 heures et demi pour faire un pantalon. Il n&rsquo;est pas possible de faire du sur-mesure sur les jeans, nous ne pouvons faire que des tailles standards sinon cela fait un trop grand travail de patronage. Veuillez v\u00e9rifiez notre grille de taille. Nous pouvons cependant faire la longueur que vous souhaitez. Longueur de l&rsquo;entrejambe au bas du pantalon : 90 cm.<\/p>\n<p>LOOK 23 de notre d\u00e9fil\u00e9 \u201cCoup de foudre\u201d de mars 2023.<\/p>\n<p>La mod\u00e8le mesure 1m71 et porte une taille S-36.<\/p>\n","protected":false},"excerpt":{"rendered":"<p>Pantalon \u00e9vas\u00e9 ceintur\u00e9 en denim fonc\u00e9. D\u00e9tail de surpiq\u00fbres blanches, inspiration cowboy. Coeur blanc brod\u00e9 sur l&rsquo;arri\u00e8re. Fermeture \u00e9clair sur le devant.&hellip;<\/p>\n","protected":false},"featured_media":347731,"template":"","meta":[],"product_brand":[],"product_cat":[671,667,675,661],"product_tag":[],"class_list":{"0":"post-364868","1":"product","2":"type-product","3":"status-publish","4":"has-post-thumbnail","6":"product_cat-defiles","7":"product_cat-dernieres-pieces","8":"product_cat-pantalons-shorts","9":"product_cat-tout-voir","10":"pa_taille-l-40-2","11":"pa_taille-m-38-2","12":"pa_taille-s-36-2","13":"pa_taille-sur-mesure-fr-2","14":"pa_taille-xl-42-fr-2","15":"pa_taille-xs-34-2","17":"first","18":"instock","19":"taxable","20":"shipping-taxable","21":"purchasable","22":"product-type-variable"},"_links":{"self":[{"href":"https:\/\/maisoncleo.com\/fr\/wp-json\/wp\/v2\/product\/364868","targetHints":{"allow":["GET"]}}],"collection":[{"href":"https:\/\/maisoncleo.com\/fr\/wp-json\/wp\/v2\/product"}],"about":[{"href":"https:\/\/maisoncleo.com\/fr\/wp-json\/wp\/v2\/types\/product"}],"version-history":[{"count":1,"href":"https:\/\/maisoncleo.com\/fr\/wp-json\/wp\/v2\/product\/364868\/revisions"}],"predecessor-version":[{"id":364897,"href":"https:\/\/maisoncleo.com\/fr\/wp-json\/wp\/v2\/product\/364868\/revisions\/364897"}],"wp:featuredmedia":[{"embeddable":true,"href":"https:\/\/maisoncleo.com\/fr\/wp-json\/wp\/v2\/media\/347731"}],"wp:attachment":[{"href":"https:\/\/maisoncleo.com\/fr\/wp-json\/wp\/v2\/media?parent=364868"}],"wp:term":[{"taxonomy":"product_brand","embeddable":true,"href":"https:\/\/maisoncleo.com\/fr\/wp-json\/wp\/v2\/product_brand?post=364868"},{"taxonomy":"product_cat","embeddable":true,"href":"https:\/\/maisoncleo.com\/fr\/wp-json\/wp\/v2\/product_cat?post=364868"},{"taxonomy":"product_tag","embeddable":true,"href":"https:\/\/maisoncleo.com\/fr\/wp-json\/wp\/v2\/product_tag?post=364868"}],"curies":[{"name":"wp","href":"https:\/\/api.w.org\/{rel}","templated":true}]}}