{"id":364861,"date":"2024-09-10T03:00:32","date_gmt":"2024-09-10T15:40:12","guid":{"rendered":"https:\/\/maisoncleo.com\/\/?post_type=product&#038;p=364861"},"modified":"2024-09-10T21:17:30","modified_gmt":"2024-09-10T19:17:30","slug":"coup-de-foudre-defile-look-24-robe-babydoll-en-satin-de-soie-dore-a-motif-fleuries","status":"publish","type":"product","link":"https:\/\/maisoncleo.com\/fr\/shop\/coup-de-foudre-defile-look-24-robe-babydoll-en-satin-de-soie-dore-a-motif-fleuries\/","title":{"rendered":"COUP DE FOUDRE d\u00e9fil\u00e9 LOOK 24 &#8211; Robe babydoll en satin de soie dor\u00e9 \u00e0 motif fleuries"},"content":{"rendered":"<p>Robe babydoll en satin de soie cr\u00e8me \u00e0 motifs fleuris.<\/p>\n<p>D\u00e9collet\u00e9e sur la poitrine et dans le dos, bretelles. Motif cr\u00e8me fleuri, effet aquarelle effac\u00e9. Finitions bourdon. Coupe \u00e9vas\u00e9e. Satin de soie doux et fluide.<\/p>\n<p>Nous pouvons faire 3 robes dans ce tissu.<\/p>\n<p>LOOK 24 de notre d\u00e9fil\u00e9 \u201cCoup de foudre\u201d de mars 2023.<\/p>\n<p>Longueur avant \u00e0 plat: 64 cm. Longueur dos \u00e0 plat: 73 cm. Bretelles: 17 cm.<\/p>\n<p>La mod\u00e8le mesure 1m71 et porte une taille S-36.<\/p>\n","protected":false},"excerpt":{"rendered":"<p>Robe babydoll en satin de soie cr\u00e8me \u00e0 motifs fleuris. D\u00e9collet\u00e9e sur la poitrine et dans le dos, bretelles. Motif cr\u00e8me fleuri,&hellip;<\/p>\n","protected":false},"featured_media":347698,"template":"","meta":[],"product_brand":[],"product_cat":[667,664,661],"product_tag":[],"class_list":{"0":"post-364861","1":"product","2":"type-product","3":"status-publish","4":"has-post-thumbnail","6":"product_cat-dernieres-pieces","7":"product_cat-robes","8":"product_cat-tout-voir","9":"pa_taille-l-40-2","10":"pa_taille-m-38-2","11":"pa_taille-s-36-2","12":"pa_taille-sur-mesure-fr-2","13":"pa_taille-xl-42-fr-2","14":"pa_taille-xs-34-2","16":"first","17":"outofstock","18":"taxable","19":"shipping-taxable","20":"purchasable","21":"product-type-variable"},"_links":{"self":[{"href":"https:\/\/maisoncleo.com\/fr\/wp-json\/wp\/v2\/product\/364861","targetHints":{"allow":["GET"]}}],"collection":[{"href":"https:\/\/maisoncleo.com\/fr\/wp-json\/wp\/v2\/product"}],"about":[{"href":"https:\/\/maisoncleo.com\/fr\/wp-json\/wp\/v2\/types\/product"}],"version-history":[{"count":1,"href":"https:\/\/maisoncleo.com\/fr\/wp-json\/wp\/v2\/product\/364861\/revisions"}],"predecessor-version":[{"id":364886,"href":"https:\/\/maisoncleo.com\/fr\/wp-json\/wp\/v2\/product\/364861\/revisions\/364886"}],"wp:featuredmedia":[{"embeddable":true,"href":"https:\/\/maisoncleo.com\/fr\/wp-json\/wp\/v2\/media\/347698"}],"wp:attachment":[{"href":"https:\/\/maisoncleo.com\/fr\/wp-json\/wp\/v2\/media?parent=364861"}],"wp:term":[{"taxonomy":"product_brand","embeddable":true,"href":"https:\/\/maisoncleo.com\/fr\/wp-json\/wp\/v2\/product_brand?post=364861"},{"taxonomy":"product_cat","embeddable":true,"href":"https:\/\/maisoncleo.com\/fr\/wp-json\/wp\/v2\/product_cat?post=364861"},{"taxonomy":"product_tag","embeddable":true,"href":"https:\/\/maisoncleo.com\/fr\/wp-json\/wp\/v2\/product_tag?post=364861"}],"curies":[{"name":"wp","href":"https:\/\/api.w.org\/{rel}","templated":true}]}}