{"id":364844,"date":"2024-09-10T02:58:52","date_gmt":"2024-09-10T15:39:28","guid":{"rendered":"https:\/\/maisoncleo.com\/\/?post_type=product&#038;p=364844"},"modified":"2024-09-10T21:17:28","modified_gmt":"2024-09-10T19:17:28","slug":"coup-de-foudre-defile-look-26-robe-babydoll-plissee-en-tweed-motif-pied-de-poule-tartan","status":"publish","type":"product","link":"https:\/\/maisoncleo.com\/fr\/shop\/coup-de-foudre-defile-look-26-robe-babydoll-plissee-en-tweed-motif-pied-de-poule-tartan\/","title":{"rendered":"COUP DE FOUDRE d\u00e9fil\u00e9 LOOK 26 &#8211; Robe babydoll pliss\u00e9e en tweed motif pied-de-poule tartan"},"content":{"rendered":"<p>Robe babydoll pliss\u00e9e en tweed motif pied-de-poule tartan.<\/p>\n<p>Motif pied-de-poule gris et \u00e9cru. Petites manches bouffantes, \u00e9lastiqu\u00e9es. Fausse ceinture sur le devant, boucle vintage, deux passants. Coupe ajust\u00e9e, l\u00e9g\u00e8rement \u00e9vas\u00e9e gr\u00e2ce au pliss\u00e9 de la jupe. Longue fermeture \u00e9clair dans le dos, deux poches plaqu\u00e9es sur le devant.<\/p>\n<p>Nous pouvons faire 7 robes dans ce tissu.<\/p>\n<p>LOOK 26 de notre d\u00e9fil\u00e9 \u201cCoup de foudre\u201d de mars 2023.<\/p>\n<p>Longueur totale \u00e0 plat: 80 cm.<\/p>\n<p>La mod\u00e8le mesure 1m71 et porte une taille S-36.<\/p>\n","protected":false},"excerpt":{"rendered":"<p>Robe babydoll pliss\u00e9e en tweed motif pied-de-poule tartan. Motif pied-de-poule gris et \u00e9cru. Petites manches bouffantes, \u00e9lastiqu\u00e9es. Fausse ceinture sur le devant,&hellip;<\/p>\n","protected":false},"featured_media":347646,"template":"","meta":[],"product_brand":[],"product_cat":[671,667,664,661],"product_tag":[],"class_list":{"0":"post-364844","1":"product","2":"type-product","3":"status-publish","4":"has-post-thumbnail","6":"product_cat-defiles","7":"product_cat-dernieres-pieces","8":"product_cat-robes","9":"product_cat-tout-voir","10":"pa_taille-l-40-2","11":"pa_taille-m-38-2","12":"pa_taille-s-36-2","13":"pa_taille-sur-mesure-fr-2","14":"pa_taille-xl-42-fr-2","15":"pa_taille-xs-34-2","17":"first","18":"outofstock","19":"taxable","20":"shipping-taxable","21":"purchasable","22":"product-type-variable"},"_links":{"self":[{"href":"https:\/\/maisoncleo.com\/fr\/wp-json\/wp\/v2\/product\/364844","targetHints":{"allow":["GET"]}}],"collection":[{"href":"https:\/\/maisoncleo.com\/fr\/wp-json\/wp\/v2\/product"}],"about":[{"href":"https:\/\/maisoncleo.com\/fr\/wp-json\/wp\/v2\/types\/product"}],"version-history":[{"count":1,"href":"https:\/\/maisoncleo.com\/fr\/wp-json\/wp\/v2\/product\/364844\/revisions"}],"predecessor-version":[{"id":364871,"href":"https:\/\/maisoncleo.com\/fr\/wp-json\/wp\/v2\/product\/364844\/revisions\/364871"}],"wp:featuredmedia":[{"embeddable":true,"href":"https:\/\/maisoncleo.com\/fr\/wp-json\/wp\/v2\/media\/347646"}],"wp:attachment":[{"href":"https:\/\/maisoncleo.com\/fr\/wp-json\/wp\/v2\/media?parent=364844"}],"wp:term":[{"taxonomy":"product_brand","embeddable":true,"href":"https:\/\/maisoncleo.com\/fr\/wp-json\/wp\/v2\/product_brand?post=364844"},{"taxonomy":"product_cat","embeddable":true,"href":"https:\/\/maisoncleo.com\/fr\/wp-json\/wp\/v2\/product_cat?post=364844"},{"taxonomy":"product_tag","embeddable":true,"href":"https:\/\/maisoncleo.com\/fr\/wp-json\/wp\/v2\/product_tag?post=364844"}],"curies":[{"name":"wp","href":"https:\/\/api.w.org\/{rel}","templated":true}]}}