{"id":364812,"date":"2024-09-10T02:55:55","date_gmt":"2024-09-10T15:38:40","guid":{"rendered":"https:\/\/maisoncleo.com\/\/?post_type=product&#038;p=364812"},"modified":"2024-09-10T21:17:23","modified_gmt":"2024-09-10T19:17:23","slug":"coup-de-foudre-defile-look-28-mini-jupe-en-soie-bleu-ciel-a-volants","status":"publish","type":"product","link":"https:\/\/maisoncleo.com\/fr\/shop\/coup-de-foudre-defile-look-28-mini-jupe-en-soie-bleu-ciel-a-volants\/","title":{"rendered":"COUP DE FOUDRE d\u00e9fil\u00e9 LOOK 28 &#8211; Mini jupe en soie bleu ciel \u00e0 volants"},"content":{"rendered":"<p>Mini jupe en soie\u00a0bleu ciel \u00e0 volants .<\/p>\n<p>Deux rangs de volants. Taille \u00e9lastiqu\u00e9e, petite finition bourdon. 100% soie lav\u00e9e, super douce au toucher.<\/p>\n<p>Une adorable et l\u00e9g\u00e8re petite jupe pour c\u00e9l\u00e9brer l&rsquo;arriv\u00e9e de l&rsquo;\u00e9t\u00e9 !<\/p>\n<p>Nous pouvons faire 4 jupes dans ce tissu.<\/p>\n<p>LOOK 28 de notre d\u00e9fil\u00e9\u00a0\u201cCoup de foudre\u201d de mars 2023.<\/p>\n<p>Longueur totale \u00e0 plat: 35 cm.<\/p>\n<p>La mod\u00e8le mesure 1m71 et porte une taille S-36.<\/p>\n","protected":false},"excerpt":{"rendered":"<p>Mini jupe en soie\u00a0bleu ciel \u00e0 volants . Deux rangs de volants. Taille \u00e9lastiqu\u00e9e, petite finition bourdon. 100% soie lav\u00e9e, super douce&hellip;<\/p>\n","protected":false},"featured_media":347533,"template":"","meta":[],"product_brand":[],"product_cat":[671,667,672,661],"product_tag":[],"class_list":{"0":"post-364812","1":"product","2":"type-product","3":"status-publish","4":"has-post-thumbnail","6":"product_cat-defiles","7":"product_cat-dernieres-pieces","8":"product_cat-jupes","9":"product_cat-tout-voir","10":"pa_taille-l-40-2","11":"pa_taille-m-38-2","12":"pa_taille-s-36-2","13":"pa_taille-sur-mesure-fr-2","14":"pa_taille-xl-42-fr-2","15":"pa_taille-xs-34-2","17":"first","18":"outofstock","19":"taxable","20":"shipping-taxable","21":"purchasable","22":"product-type-variable"},"_links":{"self":[{"href":"https:\/\/maisoncleo.com\/fr\/wp-json\/wp\/v2\/product\/364812","targetHints":{"allow":["GET"]}}],"collection":[{"href":"https:\/\/maisoncleo.com\/fr\/wp-json\/wp\/v2\/product"}],"about":[{"href":"https:\/\/maisoncleo.com\/fr\/wp-json\/wp\/v2\/types\/product"}],"version-history":[{"count":1,"href":"https:\/\/maisoncleo.com\/fr\/wp-json\/wp\/v2\/product\/364812\/revisions"}],"predecessor-version":[{"id":364835,"href":"https:\/\/maisoncleo.com\/fr\/wp-json\/wp\/v2\/product\/364812\/revisions\/364835"}],"wp:featuredmedia":[{"embeddable":true,"href":"https:\/\/maisoncleo.com\/fr\/wp-json\/wp\/v2\/media\/347533"}],"wp:attachment":[{"href":"https:\/\/maisoncleo.com\/fr\/wp-json\/wp\/v2\/media?parent=364812"}],"wp:term":[{"taxonomy":"product_brand","embeddable":true,"href":"https:\/\/maisoncleo.com\/fr\/wp-json\/wp\/v2\/product_brand?post=364812"},{"taxonomy":"product_cat","embeddable":true,"href":"https:\/\/maisoncleo.com\/fr\/wp-json\/wp\/v2\/product_cat?post=364812"},{"taxonomy":"product_tag","embeddable":true,"href":"https:\/\/maisoncleo.com\/fr\/wp-json\/wp\/v2\/product_tag?post=364812"}],"curies":[{"name":"wp","href":"https:\/\/api.w.org\/{rel}","templated":true}]}}