{"id":364802,"date":"2024-09-10T02:54:51","date_gmt":"2024-09-10T15:38:19","guid":{"rendered":"https:\/\/maisoncleo.com\/\/?post_type=product&#038;p=364802"},"modified":"2024-09-10T21:17:22","modified_gmt":"2024-09-10T19:17:22","slug":"coup-de-foudre-defile-look-29-top-asymetrique-en-mousseline-volante-a-imprime-crocodile","status":"publish","type":"product","link":"https:\/\/maisoncleo.com\/fr\/shop\/coup-de-foudre-defile-look-29-top-asymetrique-en-mousseline-volante-a-imprime-crocodile\/","title":{"rendered":"COUP DE FOUDRE d\u00e9fil\u00e9 LOOK 29 &#8211; Top asym\u00e9trique en mousseline volant\u00e9 \u00e0 imprim\u00e9 crocodile"},"content":{"rendered":"<p>Top asym\u00e9trique en soie volant\u00e9 \u00e0 imprim\u00e9 crocodile.<\/p>\n<p>Encolure \u00e9lastiqu\u00e9e, petit noeud sur le devant. Manches longues, poignets volant\u00e9s. Coupe asym\u00e9trique, finition bourdon. Super l\u00e9ger \u00e0 porter pour l&rsquo;\u00e9t\u00e9 &lt;3<\/p>\n<p>Nous avons besoin de 1 heure et demi pour faire une blouse. Nous pouvons faire 3 blouses dans ce tissu sp\u00e9cial.<\/p>\n<p>LOOK 29 de notre d\u00e9fil\u00e9 \u201cCoup de foudre\u201d de mars 2023.<\/p>\n<p>Longueur totale \u00e0 plat: 57 cm. Longueur c\u00f4t\u00e9 court \u00e0 plat: 48 cm. Manches: 73 cm.<\/p>\n<p>La mod\u00e8le mesure 1m71 et porte une taille S-36.<\/p>\n","protected":false},"excerpt":{"rendered":"<p>Top asym\u00e9trique en soie volant\u00e9 \u00e0 imprim\u00e9 crocodile. Encolure \u00e9lastiqu\u00e9e, petit noeud sur le devant. Manches longues, poignets volant\u00e9s. Coupe asym\u00e9trique, finition&hellip;<\/p>\n","protected":false},"featured_media":347576,"template":"","meta":[],"product_brand":[],"product_cat":[671,667,672,661],"product_tag":[],"class_list":{"0":"post-364802","1":"product","2":"type-product","3":"status-publish","4":"has-post-thumbnail","6":"product_cat-defiles","7":"product_cat-dernieres-pieces","8":"product_cat-jupes","9":"product_cat-tout-voir","10":"pa_taille-l-40-2","11":"pa_taille-m-38-2","12":"pa_taille-s-36-2","13":"pa_taille-sur-mesure-fr-2","14":"pa_taille-xl-42-fr-2","15":"pa_taille-xs-34-2","17":"first","18":"instock","19":"taxable","20":"shipping-taxable","21":"purchasable","22":"product-type-variable"},"_links":{"self":[{"href":"https:\/\/maisoncleo.com\/fr\/wp-json\/wp\/v2\/product\/364802","targetHints":{"allow":["GET"]}}],"collection":[{"href":"https:\/\/maisoncleo.com\/fr\/wp-json\/wp\/v2\/product"}],"about":[{"href":"https:\/\/maisoncleo.com\/fr\/wp-json\/wp\/v2\/types\/product"}],"version-history":[{"count":1,"href":"https:\/\/maisoncleo.com\/fr\/wp-json\/wp\/v2\/product\/364802\/revisions"}],"predecessor-version":[{"id":364834,"href":"https:\/\/maisoncleo.com\/fr\/wp-json\/wp\/v2\/product\/364802\/revisions\/364834"}],"wp:featuredmedia":[{"embeddable":true,"href":"https:\/\/maisoncleo.com\/fr\/wp-json\/wp\/v2\/media\/347576"}],"wp:attachment":[{"href":"https:\/\/maisoncleo.com\/fr\/wp-json\/wp\/v2\/media?parent=364802"}],"wp:term":[{"taxonomy":"product_brand","embeddable":true,"href":"https:\/\/maisoncleo.com\/fr\/wp-json\/wp\/v2\/product_brand?post=364802"},{"taxonomy":"product_cat","embeddable":true,"href":"https:\/\/maisoncleo.com\/fr\/wp-json\/wp\/v2\/product_cat?post=364802"},{"taxonomy":"product_tag","embeddable":true,"href":"https:\/\/maisoncleo.com\/fr\/wp-json\/wp\/v2\/product_tag?post=364802"}],"curies":[{"name":"wp","href":"https:\/\/api.w.org\/{rel}","templated":true}]}}