{"id":364801,"date":"2024-09-10T02:54:51","date_gmt":"2024-09-10T15:38:19","guid":{"rendered":"https:\/\/maisoncleo.com\/\/?post_type=product&#038;p=364801"},"modified":"2024-09-10T21:17:21","modified_gmt":"2024-09-10T19:17:21","slug":"coup-de-foudre-defile-look-29-jupe-en-soie-a-imprime-crocodile-volantee-et-smockee","status":"publish","type":"product","link":"https:\/\/maisoncleo.com\/fr\/shop\/coup-de-foudre-defile-look-29-jupe-en-soie-a-imprime-crocodile-volantee-et-smockee\/","title":{"rendered":"COUP DE FOUDRE d\u00e9fil\u00e9 LOOK 29 &#8211; Jupe en soie \u00e0 imprim\u00e9 crocodile volant\u00e9e et smock\u00e9e"},"content":{"rendered":"<p>Jupe en soie \u00e0 imprim\u00e9 crocodile volant\u00e9e et smock\u00e9e.<\/p>\n<p>Travail de smock sur le devant. Fentes sur le c\u00f4t\u00e9 droit et dans le dos, volants sur le c\u00f4t\u00e9 gauche. Taille \u00e9lastiqu\u00e9e. Soie l\u00e9g\u00e8re et agr\u00e9able \u00e0 porter, comme pour marcher.<\/p>\n<p>Nous avons besoin de 2 heures 30 pour faire une jupe. Nous pouvons faire 3 jupes dans ce tissu.<\/p>\n<p>LOOK 29 de notre d\u00e9fil\u00e9 \u201cCoup de foudre\u201d de mars 2023.<\/p>\n<p>Longueur totale \u00e0 plat: 83 cm. Plus courte longueur \u00e0 plat: 41 cm. Fente c\u00f4t\u00e9: 54 cm. Fentes dos: 25 cm.<\/p>\n<p>La mod\u00e8le mesure 1m71 et porte une taille S-36.<\/p>\n","protected":false},"excerpt":{"rendered":"<p>Jupe en soie \u00e0 imprim\u00e9 crocodile volant\u00e9e et smock\u00e9e. Travail de smock sur le devant. Fentes sur le c\u00f4t\u00e9 droit et dans&hellip;<\/p>\n","protected":false},"featured_media":347545,"template":"","meta":[],"product_brand":[],"product_cat":[671,667,672,661],"product_tag":[],"class_list":{"0":"post-364801","1":"product","2":"type-product","3":"status-publish","4":"has-post-thumbnail","6":"product_cat-defiles","7":"product_cat-dernieres-pieces","8":"product_cat-jupes","9":"product_cat-tout-voir","10":"pa_taille-l-40-2","11":"pa_taille-m-38-2","12":"pa_taille-s-36-2","13":"pa_taille-sur-mesure-fr-2","14":"pa_taille-xl-42-fr-2","15":"pa_taille-xs-34-2","17":"first","18":"instock","19":"taxable","20":"shipping-taxable","21":"purchasable","22":"product-type-variable"},"_links":{"self":[{"href":"https:\/\/maisoncleo.com\/fr\/wp-json\/wp\/v2\/product\/364801","targetHints":{"allow":["GET"]}}],"collection":[{"href":"https:\/\/maisoncleo.com\/fr\/wp-json\/wp\/v2\/product"}],"about":[{"href":"https:\/\/maisoncleo.com\/fr\/wp-json\/wp\/v2\/types\/product"}],"version-history":[{"count":1,"href":"https:\/\/maisoncleo.com\/fr\/wp-json\/wp\/v2\/product\/364801\/revisions"}],"predecessor-version":[{"id":364823,"href":"https:\/\/maisoncleo.com\/fr\/wp-json\/wp\/v2\/product\/364801\/revisions\/364823"}],"wp:featuredmedia":[{"embeddable":true,"href":"https:\/\/maisoncleo.com\/fr\/wp-json\/wp\/v2\/media\/347545"}],"wp:attachment":[{"href":"https:\/\/maisoncleo.com\/fr\/wp-json\/wp\/v2\/media?parent=364801"}],"wp:term":[{"taxonomy":"product_brand","embeddable":true,"href":"https:\/\/maisoncleo.com\/fr\/wp-json\/wp\/v2\/product_brand?post=364801"},{"taxonomy":"product_cat","embeddable":true,"href":"https:\/\/maisoncleo.com\/fr\/wp-json\/wp\/v2\/product_cat?post=364801"},{"taxonomy":"product_tag","embeddable":true,"href":"https:\/\/maisoncleo.com\/fr\/wp-json\/wp\/v2\/product_tag?post=364801"}],"curies":[{"name":"wp","href":"https:\/\/api.w.org\/{rel}","templated":true}]}}