{"id":364785,"date":"2024-09-10T02:53:11","date_gmt":"2024-09-10T15:37:35","guid":{"rendered":"https:\/\/maisoncleo.com\/\/?post_type=product&#038;p=364785"},"modified":"2024-09-10T21:17:20","modified_gmt":"2024-09-10T19:17:20","slug":"coup-de-foudre-defile-look-30-blouse-en-soie-ecru-brode-de-fleurs","status":"publish","type":"product","link":"https:\/\/maisoncleo.com\/fr\/shop\/coup-de-foudre-defile-look-30-blouse-en-soie-ecru-brode-de-fleurs\/","title":{"rendered":"COUP DE FOUDRE d\u00e9fil\u00e9 LOOK 30 &#8211; Blouse en soie \u00e9cru brod\u00e9 de fleurs"},"content":{"rendered":"<p>Top en soie \u00e9cru brod\u00e9 de fleurs.<\/p>\n<p>Petites manches bouffantes, petits noeuds de chaque c\u00f4t\u00e9. Fermeture \u00e0 cinq boutons. Mousseline blanche brod\u00e9e de petites fleurs et soie \u00e9crue. D\u00e9collet\u00e9, ajust\u00e9, effet corset. Notre coeur argent\u00e9 made in France \u201cFFF4ever\u201d cousu sur le devant (=F*ckFastFashion).<\/p>\n<p>Nous avons besoin de 2 heures pour faire une blouse. Nous pouvons faire 12 blouses dans ce tissu.<\/p>\n<p>LOOK 30 de notre d\u00e9fil\u00e9 \u201cCoup de foudre\u201d de mars 2023.<\/p>\n<p>Longueur \u00e0 plat: 46 cm. Encolure: 24 cm.<\/p>\n<p>La mod\u00e8le mesure 1m71 et porte une taille S-36.<\/p>\n","protected":false},"excerpt":{"rendered":"<p>Top en soie \u00e9cru brod\u00e9 de fleurs. Petites manches bouffantes, petits noeuds de chaque c\u00f4t\u00e9. Fermeture \u00e0 cinq boutons. Mousseline blanche brod\u00e9e&hellip;<\/p>\n","protected":false},"featured_media":347505,"template":"","meta":[],"product_brand":[],"product_cat":[663,671,667,674,661],"product_tag":[],"class_list":{"0":"post-364785","1":"product","2":"type-product","3":"status-publish","4":"has-post-thumbnail","6":"product_cat-blouses","7":"product_cat-defiles","8":"product_cat-dernieres-pieces","9":"product_cat-tops","10":"product_cat-tout-voir","11":"pa_taille-l-40-2","12":"pa_taille-m-38-2","13":"pa_taille-s-36-2","14":"pa_taille-sur-mesure-fr-2","15":"pa_taille-xl-42-fr-2","16":"pa_taille-xs-34-2","18":"first","19":"instock","20":"taxable","21":"shipping-taxable","22":"purchasable","23":"product-type-variable"},"_links":{"self":[{"href":"https:\/\/maisoncleo.com\/fr\/wp-json\/wp\/v2\/product\/364785","targetHints":{"allow":["GET"]}}],"collection":[{"href":"https:\/\/maisoncleo.com\/fr\/wp-json\/wp\/v2\/product"}],"about":[{"href":"https:\/\/maisoncleo.com\/fr\/wp-json\/wp\/v2\/types\/product"}],"version-history":[{"count":1,"href":"https:\/\/maisoncleo.com\/fr\/wp-json\/wp\/v2\/product\/364785\/revisions"}],"predecessor-version":[{"id":364822,"href":"https:\/\/maisoncleo.com\/fr\/wp-json\/wp\/v2\/product\/364785\/revisions\/364822"}],"wp:featuredmedia":[{"embeddable":true,"href":"https:\/\/maisoncleo.com\/fr\/wp-json\/wp\/v2\/media\/347505"}],"wp:attachment":[{"href":"https:\/\/maisoncleo.com\/fr\/wp-json\/wp\/v2\/media?parent=364785"}],"wp:term":[{"taxonomy":"product_brand","embeddable":true,"href":"https:\/\/maisoncleo.com\/fr\/wp-json\/wp\/v2\/product_brand?post=364785"},{"taxonomy":"product_cat","embeddable":true,"href":"https:\/\/maisoncleo.com\/fr\/wp-json\/wp\/v2\/product_cat?post=364785"},{"taxonomy":"product_tag","embeddable":true,"href":"https:\/\/maisoncleo.com\/fr\/wp-json\/wp\/v2\/product_tag?post=364785"}],"curies":[{"name":"wp","href":"https:\/\/api.w.org\/{rel}","templated":true}]}}