{"id":364761,"date":"2024-09-10T02:50:31","date_gmt":"2024-09-10T15:37:08","guid":{"rendered":"https:\/\/maisoncleo.com\/\/?post_type=product&#038;p=364761"},"modified":"2024-09-10T21:17:14","modified_gmt":"2024-09-10T19:17:14","slug":"coup-de-foudre-defile-look-31-mini-jupe-plissee-en-denim-clair-miranda","status":"publish","type":"product","link":"https:\/\/maisoncleo.com\/fr\/shop\/coup-de-foudre-defile-look-31-mini-jupe-plissee-en-denim-clair-miranda\/","title":{"rendered":"COUP DE FOUDRE d\u00e9fil\u00e9 LOOK 31 &#8211; Mini jupe pliss\u00e9e en denim clair MIRANDA"},"content":{"rendered":"<p>Mini jupe pliss\u00e9e en denim clair.<\/p>\n<p>Coupe \u00e9vas\u00e9e. Fermeture \u00e9clair sur le c\u00f4t\u00e9. Notre coeur argent\u00e9 made in France \u201cFFF4ever\u201d cousu sur le devant (=F*ckFastFashion).<\/p>\n<p>Nous avons besoin de deux heures et demi pour faire une jupe.<\/p>\n<p>LOOK 31 de notre d\u00e9fil\u00e9 \u201cCoup de foudre\u201d de mars 2023.<\/p>\n<p>Longueur devant \u00e0 plat: 29 cm. Comme tout est fait \u00e0 la commande, il est possible d\u2019ajouter de la longueur.<\/p>\n<p>La mod\u00e8le mesure 1m71 et porte une taille S-36.<\/p>\n","protected":false},"excerpt":{"rendered":"<p>Mini jupe pliss\u00e9e en denim clair. Coupe \u00e9vas\u00e9e. Fermeture \u00e9clair sur le c\u00f4t\u00e9. Notre coeur argent\u00e9 made in France \u201cFFF4ever\u201d cousu sur&hellip;<\/p>\n","protected":false},"featured_media":347448,"template":"","meta":[],"product_brand":[],"product_cat":[671,667,672,661],"product_tag":[],"class_list":{"0":"post-364761","1":"product","2":"type-product","3":"status-publish","4":"has-post-thumbnail","6":"product_cat-defiles","7":"product_cat-dernieres-pieces","8":"product_cat-jupes","9":"product_cat-tout-voir","10":"pa_taille-l-40-2","11":"pa_taille-m-38-2","12":"pa_taille-s-36-2","13":"pa_taille-sur-mesure-fr-2","14":"pa_taille-xl-42-fr-2","15":"pa_taille-xs-34-2","17":"first","18":"instock","19":"taxable","20":"shipping-taxable","21":"purchasable","22":"product-type-variable"},"_links":{"self":[{"href":"https:\/\/maisoncleo.com\/fr\/wp-json\/wp\/v2\/product\/364761","targetHints":{"allow":["GET"]}}],"collection":[{"href":"https:\/\/maisoncleo.com\/fr\/wp-json\/wp\/v2\/product"}],"about":[{"href":"https:\/\/maisoncleo.com\/fr\/wp-json\/wp\/v2\/types\/product"}],"version-history":[{"count":1,"href":"https:\/\/maisoncleo.com\/fr\/wp-json\/wp\/v2\/product\/364761\/revisions"}],"predecessor-version":[{"id":364786,"href":"https:\/\/maisoncleo.com\/fr\/wp-json\/wp\/v2\/product\/364761\/revisions\/364786"}],"wp:featuredmedia":[{"embeddable":true,"href":"https:\/\/maisoncleo.com\/fr\/wp-json\/wp\/v2\/media\/347448"}],"wp:attachment":[{"href":"https:\/\/maisoncleo.com\/fr\/wp-json\/wp\/v2\/media?parent=364761"}],"wp:term":[{"taxonomy":"product_brand","embeddable":true,"href":"https:\/\/maisoncleo.com\/fr\/wp-json\/wp\/v2\/product_brand?post=364761"},{"taxonomy":"product_cat","embeddable":true,"href":"https:\/\/maisoncleo.com\/fr\/wp-json\/wp\/v2\/product_cat?post=364761"},{"taxonomy":"product_tag","embeddable":true,"href":"https:\/\/maisoncleo.com\/fr\/wp-json\/wp\/v2\/product_tag?post=364761"}],"curies":[{"name":"wp","href":"https:\/\/api.w.org\/{rel}","templated":true}]}}