{"id":364749,"date":"2024-11-08T02:50:07","date_gmt":"2024-09-10T15:36:44","guid":{"rendered":"https:\/\/maisoncleo.com\/\/?post_type=product&#038;p=364749"},"modified":"2024-11-08T23:44:20","modified_gmt":"2024-11-08T21:44:20","slug":"coup-de-foudre-defile-look-10-top-tricote-en-mohair-et-soie-bleu-azure","status":"publish","type":"product","link":"https:\/\/maisoncleo.com\/fr\/shop\/coup-de-foudre-defile-look-10-top-tricote-en-mohair-et-soie-bleu-azure\/","title":{"rendered":"COUP DE FOUDRE d\u00e9fil\u00e9 LOOK 10 &#8211; Top tricot\u00e9 en mohair et soie bleu azur\u00e9"},"content":{"rendered":"<p>Top tricot\u00e9 en mohair et soie bleu azur\u00e9.<\/p>\n<p>Petit col rond, manches courtes. Ajust\u00e9, stretchy, bords c\u00f4tes. Parfait pour la petite brise du printemps. Fil de luxe en mohair compos\u00e9 de 70% mohair et 30% soie.<\/p>\n<p>Nous avons besoin de 3 heures et demi pour en faire un. Nous pouvons faire 20 tops dans ce fil sp\u00e9cial.<\/p>\n<p>Un sublime travail de motifs r\u00e9alis\u00e9 par notre \u00e9quipe tricot.<\/p>\n<p>LOOK 10 de notre d\u00e9fil\u00e9 \u201cCoup de foudre\u201d de mars 2023.<\/p>\n<p>Longueur \u00e0 plat: 45 cm.<\/p>\n<p>La mod\u00e8le mesure 1m71 et porte une taille S-36.<\/p>\n","protected":false},"excerpt":{"rendered":"<p>Top tricot\u00e9 en mohair et soie bleu azur\u00e9. Petit col rond, manches courtes. Ajust\u00e9, stretchy, bords c\u00f4tes. Parfait pour la petite brise&hellip;<\/p>\n","protected":false},"featured_media":348256,"template":"","meta":[],"product_brand":[],"product_cat":[913],"product_tag":[],"class_list":{"0":"post-364749","1":"product","2":"type-product","3":"status-publish","4":"has-post-thumbnail","6":"product_cat-ready-to-ship","7":"pa_taille-l-40-2","8":"pa_taille-m-38-2","9":"pa_taille-s-36-2","10":"pa_taille-sur-mesure-fr-2","11":"pa_taille-xl-42-fr-2","12":"pa_taille-xs-34-2","14":"first","15":"outofstock","16":"taxable","17":"shipping-taxable","18":"purchasable","19":"product-type-variable"},"_links":{"self":[{"href":"https:\/\/maisoncleo.com\/fr\/wp-json\/wp\/v2\/product\/364749","targetHints":{"allow":["GET"]}}],"collection":[{"href":"https:\/\/maisoncleo.com\/fr\/wp-json\/wp\/v2\/product"}],"about":[{"href":"https:\/\/maisoncleo.com\/fr\/wp-json\/wp\/v2\/types\/product"}],"version-history":[{"count":1,"href":"https:\/\/maisoncleo.com\/fr\/wp-json\/wp\/v2\/product\/364749\/revisions"}],"predecessor-version":[{"id":365089,"href":"https:\/\/maisoncleo.com\/fr\/wp-json\/wp\/v2\/product\/364749\/revisions\/365089"}],"wp:featuredmedia":[{"embeddable":true,"href":"https:\/\/maisoncleo.com\/fr\/wp-json\/wp\/v2\/media\/348256"}],"wp:attachment":[{"href":"https:\/\/maisoncleo.com\/fr\/wp-json\/wp\/v2\/media?parent=364749"}],"wp:term":[{"taxonomy":"product_brand","embeddable":true,"href":"https:\/\/maisoncleo.com\/fr\/wp-json\/wp\/v2\/product_brand?post=364749"},{"taxonomy":"product_cat","embeddable":true,"href":"https:\/\/maisoncleo.com\/fr\/wp-json\/wp\/v2\/product_cat?post=364749"},{"taxonomy":"product_tag","embeddable":true,"href":"https:\/\/maisoncleo.com\/fr\/wp-json\/wp\/v2\/product_tag?post=364749"}],"curies":[{"name":"wp","href":"https:\/\/api.w.org\/{rel}","templated":true}]}}