{"id":364728,"date":"2024-09-10T02:50:06","date_gmt":"2024-09-10T15:35:58","guid":{"rendered":"https:\/\/maisoncleo.com\/\/?post_type=product&#038;p=364728"},"modified":"2024-09-10T21:17:12","modified_gmt":"2024-09-10T19:17:12","slug":"coup-de-foudre-defile-look-32-longue-jupe-sirene-tricotee-a-sequins-argentes","status":"publish","type":"product","link":"https:\/\/maisoncleo.com\/fr\/shop\/coup-de-foudre-defile-look-32-longue-jupe-sirene-tricotee-a-sequins-argentes\/","title":{"rendered":"COUP DE FOUDRE d\u00e9fil\u00e9 LOOK 32 &#8211; Longue jupe sir\u00e8ne tricot\u00e9e \u00e0 sequins argent\u00e9s"},"content":{"rendered":"<p>Notre longue jupe sir\u00e8ne tricot\u00e9e \u00e0 sequins argent\u00e9s.<\/p>\n<p>Bord c\u00f4tes \u00e9lastiquant la taille. Coupe ajust\u00e9e. Finitions inspiration queue de sir\u00e8ne, fente sur chaque c\u00f4t\u00e9.<\/p>\n<p>Soigneusement triocot\u00e9e par nos tricoteuses avec un fil incrust\u00e9 de sequins argent\u00e9s.<\/p>\n<p>Nous pouvons faire deux jupes dans ce fil. Nous avons besoin de deux heures pour faire une jupe.<\/p>\n<p>LOOK 32 de notre d\u00e9fil\u00e9 \u201cCoup de foudre\u201d de mars 2023.<\/p>\n<p>Longueur \u00e0 plat: 85 cm. Fente: 35 cm.<\/p>\n<p>La mod\u00e8le mesure 1m71 et porte une taille S-36.<\/p>\n","protected":false},"excerpt":{"rendered":"<p>Notre longue jupe sir\u00e8ne tricot\u00e9e \u00e0 sequins argent\u00e9s. Bord c\u00f4tes \u00e9lastiquant la taille. Coupe ajust\u00e9e. Finitions inspiration queue de sir\u00e8ne, fente sur&hellip;<\/p>\n","protected":false},"featured_media":347414,"template":"","meta":[],"product_brand":[],"product_cat":[671,667,672,666,661],"product_tag":[],"class_list":{"0":"post-364728","1":"product","2":"type-product","3":"status-publish","4":"has-post-thumbnail","6":"product_cat-defiles","7":"product_cat-dernieres-pieces","8":"product_cat-jupes","9":"product_cat-mailles","10":"product_cat-tout-voir","11":"pa_taille-l-40-2","12":"pa_taille-m-38-2","13":"pa_taille-s-36-2","14":"pa_taille-sur-mesure-fr-2","15":"pa_taille-xl-42-fr-2","16":"pa_taille-xs-34-2","18":"first","19":"instock","20":"taxable","21":"shipping-taxable","22":"purchasable","23":"product-type-variable"},"_links":{"self":[{"href":"https:\/\/maisoncleo.com\/fr\/wp-json\/wp\/v2\/product\/364728","targetHints":{"allow":["GET"]}}],"collection":[{"href":"https:\/\/maisoncleo.com\/fr\/wp-json\/wp\/v2\/product"}],"about":[{"href":"https:\/\/maisoncleo.com\/fr\/wp-json\/wp\/v2\/types\/product"}],"version-history":[{"count":1,"href":"https:\/\/maisoncleo.com\/fr\/wp-json\/wp\/v2\/product\/364728\/revisions"}],"predecessor-version":[{"id":364770,"href":"https:\/\/maisoncleo.com\/fr\/wp-json\/wp\/v2\/product\/364728\/revisions\/364770"}],"wp:featuredmedia":[{"embeddable":true,"href":"https:\/\/maisoncleo.com\/fr\/wp-json\/wp\/v2\/media\/347414"}],"wp:attachment":[{"href":"https:\/\/maisoncleo.com\/fr\/wp-json\/wp\/v2\/media?parent=364728"}],"wp:term":[{"taxonomy":"product_brand","embeddable":true,"href":"https:\/\/maisoncleo.com\/fr\/wp-json\/wp\/v2\/product_brand?post=364728"},{"taxonomy":"product_cat","embeddable":true,"href":"https:\/\/maisoncleo.com\/fr\/wp-json\/wp\/v2\/product_cat?post=364728"},{"taxonomy":"product_tag","embeddable":true,"href":"https:\/\/maisoncleo.com\/fr\/wp-json\/wp\/v2\/product_tag?post=364728"}],"curies":[{"name":"wp","href":"https:\/\/api.w.org\/{rel}","templated":true}]}}