{"id":364727,"date":"2024-09-10T02:50:06","date_gmt":"2024-09-10T00:50:06","guid":{"rendered":"https:\/\/maisoncleo.com\/\/?post_type=product&#038;p=364727"},"modified":"2025-11-11T19:15:25","modified_gmt":"2025-11-11T17:15:25","slug":"coup-de-foudre-defile-look-33-longue-robe-sirene-tricotee-a-sequins-argentes","status":"publish","type":"product","link":"https:\/\/maisoncleo.com\/fr\/shop\/coup-de-foudre-defile-look-33-longue-robe-sirene-tricotee-a-sequins-argentes\/","title":{"rendered":"COUP DE FOUDRE d\u00e9fil\u00e9 LOOK 33 &#8211; Longue robe sir\u00e8ne tricot\u00e9e \u00e0 sequins argent\u00e9s Tristana"},"content":{"rendered":"<p>Notre longue robe sir\u00e8ne tricot\u00e9e \u00e0 sequins argent\u00e9s de r\u00eave.<\/p>\n<p>Fines bretelles, d\u00e9collet\u00e9e. Coupe ajust\u00e9e. Finitions inspiration queue de sir\u00e8ne, fente sur chaque c\u00f4t\u00e9.<\/p>\n<p>Soigneusement tricot\u00e9e par nos tricoteuses avec un fil incrust\u00e9 de sequins argent\u00e9s.<\/p>\n<p>Nous pouvons faire deux robes dans ce fil. Nous avons besoin de trois heures pour faire une robe.<\/p>\n<p>LOOK 33 de notre d\u00e9fil\u00e9 \u201cCoup de foudre\u201d de mars 2023.<\/p>\n<p>Longueur \u00e0 plat: 118 cm. Encolure: 11 cm. Fente: 30 cm.<\/p>\n<p>La mod\u00e8le mesure 1m71 et porte une taille S-36.<\/p>\n","protected":false},"excerpt":{"rendered":"<p>Notre longue robe sir\u00e8ne tricot\u00e9e \u00e0 sequins argent\u00e9s de r\u00eave. Fines bretelles, d\u00e9collet\u00e9e. Coupe ajust\u00e9e. Finitions inspiration queue de sir\u00e8ne, fente sur&hellip;<\/p>\n","protected":false},"featured_media":347399,"template":"","meta":[],"product_brand":[],"product_cat":[671,667,666,664,661],"product_tag":[],"class_list":{"0":"post-364727","1":"product","2":"type-product","3":"status-publish","4":"has-post-thumbnail","6":"product_cat-defiles","7":"product_cat-dernieres-pieces","8":"product_cat-mailles","9":"product_cat-robes","10":"product_cat-tout-voir","12":"first","13":"instock","14":"taxable","15":"shipping-taxable","16":"purchasable","17":"product-type-variable"},"_links":{"self":[{"href":"https:\/\/maisoncleo.com\/fr\/wp-json\/wp\/v2\/product\/364727","targetHints":{"allow":["GET"]}}],"collection":[{"href":"https:\/\/maisoncleo.com\/fr\/wp-json\/wp\/v2\/product"}],"about":[{"href":"https:\/\/maisoncleo.com\/fr\/wp-json\/wp\/v2\/types\/product"}],"version-history":[{"count":2,"href":"https:\/\/maisoncleo.com\/fr\/wp-json\/wp\/v2\/product\/364727\/revisions"}],"predecessor-version":[{"id":394527,"href":"https:\/\/maisoncleo.com\/fr\/wp-json\/wp\/v2\/product\/364727\/revisions\/394527"}],"wp:featuredmedia":[{"embeddable":true,"href":"https:\/\/maisoncleo.com\/fr\/wp-json\/wp\/v2\/media\/347399"}],"wp:attachment":[{"href":"https:\/\/maisoncleo.com\/fr\/wp-json\/wp\/v2\/media?parent=364727"}],"wp:term":[{"taxonomy":"product_brand","embeddable":true,"href":"https:\/\/maisoncleo.com\/fr\/wp-json\/wp\/v2\/product_brand?post=364727"},{"taxonomy":"product_cat","embeddable":true,"href":"https:\/\/maisoncleo.com\/fr\/wp-json\/wp\/v2\/product_cat?post=364727"},{"taxonomy":"product_tag","embeddable":true,"href":"https:\/\/maisoncleo.com\/fr\/wp-json\/wp\/v2\/product_tag?post=364727"}],"curies":[{"name":"wp","href":"https:\/\/api.w.org\/{rel}","templated":true}]}}