{"id":364724,"date":"2024-09-10T02:50:06","date_gmt":"2024-09-10T15:35:58","guid":{"rendered":"https:\/\/maisoncleo.com\/\/?post_type=product&#038;p=364724"},"modified":"2024-09-10T21:17:10","modified_gmt":"2024-09-10T19:17:10","slug":"coup-de-foudre-defile-robe-babydoll-en-organza-de-soie-creme","status":"publish","type":"product","link":"https:\/\/maisoncleo.com\/fr\/shop\/coup-de-foudre-defile-robe-babydoll-en-organza-de-soie-creme\/","title":{"rendered":"COUP DE FOUDRE d\u00e9fil\u00e9 &#8211; Robe babydoll en organza de soie cr\u00e8me"},"content":{"rendered":"<p>Robe babydoll en organza de soie cr\u00e8me.<\/p>\n<p>Petites manches bouffantes. Ajour\u00e9e sur le devant, d\u00e9tail de corset, petit noeuds. Fermeture \u00e9clair sur le c\u00f4t\u00e9, encolure et manches \u00e9lastiques. Doubl\u00e9e d&rsquo;organza de soie du m\u00eame tissu, l\u00e9g\u00e8rement transparente.<\/p>\n<p>La petite robe parfaite pour se marier \u00e0 10 heures et faire un tour \u00e0 cheval dans le Far West \u00e0 18 heures.<\/p>\n<p>Nous avons besoin de 3 heures pour faire une robe. Nous pouvons faire 10 robes dans ce tissu.<\/p>\n<p>LOOK 34 de notre d\u00e9fil\u00e9 \u201cCoup de foudre\u201d de mars 2023.<\/p>\n<p>Longueur \u00e0 plat: 74 cm. Encolure: 11 cm.<\/p>\n<p>La mod\u00e8le mesure 1m71 et porte une taille S-36.<\/p>\n","protected":false},"excerpt":{"rendered":"<p>Robe babydoll en organza de soie cr\u00e8me. Petites manches bouffantes. Ajour\u00e9e sur le devant, d\u00e9tail de corset, petit noeuds. Fermeture \u00e9clair sur&hellip;<\/p>\n","protected":false},"featured_media":347376,"template":"","meta":[],"product_brand":[],"product_cat":[671,667,664,661],"product_tag":[],"class_list":{"0":"post-364724","1":"product","2":"type-product","3":"status-publish","4":"has-post-thumbnail","6":"product_cat-defiles","7":"product_cat-dernieres-pieces","8":"product_cat-robes","9":"product_cat-tout-voir","10":"pa_taille-l-40-2","11":"pa_taille-m-38-2","12":"pa_taille-s-36-2","13":"pa_taille-sur-mesure-fr-2","14":"pa_taille-xl-42-fr-2","15":"pa_taille-xs-34-2","17":"first","18":"outofstock","19":"taxable","20":"shipping-taxable","21":"purchasable","22":"product-type-variable"},"_links":{"self":[{"href":"https:\/\/maisoncleo.com\/fr\/wp-json\/wp\/v2\/product\/364724","targetHints":{"allow":["GET"]}}],"collection":[{"href":"https:\/\/maisoncleo.com\/fr\/wp-json\/wp\/v2\/product"}],"about":[{"href":"https:\/\/maisoncleo.com\/fr\/wp-json\/wp\/v2\/types\/product"}],"version-history":[{"count":1,"href":"https:\/\/maisoncleo.com\/fr\/wp-json\/wp\/v2\/product\/364724\/revisions"}],"predecessor-version":[{"id":364757,"href":"https:\/\/maisoncleo.com\/fr\/wp-json\/wp\/v2\/product\/364724\/revisions\/364757"}],"wp:featuredmedia":[{"embeddable":true,"href":"https:\/\/maisoncleo.com\/fr\/wp-json\/wp\/v2\/media\/347376"}],"wp:attachment":[{"href":"https:\/\/maisoncleo.com\/fr\/wp-json\/wp\/v2\/media?parent=364724"}],"wp:term":[{"taxonomy":"product_brand","embeddable":true,"href":"https:\/\/maisoncleo.com\/fr\/wp-json\/wp\/v2\/product_brand?post=364724"},{"taxonomy":"product_cat","embeddable":true,"href":"https:\/\/maisoncleo.com\/fr\/wp-json\/wp\/v2\/product_cat?post=364724"},{"taxonomy":"product_tag","embeddable":true,"href":"https:\/\/maisoncleo.com\/fr\/wp-json\/wp\/v2\/product_tag?post=364724"}],"curies":[{"name":"wp","href":"https:\/\/api.w.org\/{rel}","templated":true}]}}