{"id":364697,"date":"2024-09-10T02:49:42","date_gmt":"2024-09-10T15:35:10","guid":{"rendered":"https:\/\/maisoncleo.com\/\/?post_type=product&#038;p=364697"},"modified":"2024-09-10T21:17:02","modified_gmt":"2024-09-10T19:17:02","slug":"ready-to-ship-runway-look-12-t-shirt-en-maille-dauphins-et-coquillages","status":"publish","type":"product","link":"https:\/\/maisoncleo.com\/fr\/shop\/ready-to-ship-runway-look-12-t-shirt-en-maille-dauphins-et-coquillages\/","title":{"rendered":"READY TO SHIP &#8211; RUNWAY LOOK 12 &#8211; T-shirt en maille dauphins et coquillages"},"content":{"rendered":"<p id=\"tw-target-text\" class=\"tw-data-text tw-text-large tw-ta\" dir=\"ltr\" data-placeholder=\"Traduction\"><span class=\"Y2IQFc\" lang=\"fr\">Imprim\u00e9 exclusif fait en collaboration avec mon amie de Aun\u00e9 collections! T-shirt en maille jersey avec dauphins et coquillages. Manches courtes, coupe ajust\u00e9e. <\/span><\/p>\n<p class=\"tw-data-text tw-text-large tw-ta\" dir=\"ltr\" data-placeholder=\"Traduction\"><span class=\"Y2IQFc\" lang=\"fr\">LOOK 12 de notre premier d\u00e9fil\u00e9 \u00ab\u00a0Premi\u00e8re Fois\u00a0\u00bb en mars 2022. <\/span><\/p>\n<p class=\"tw-data-text tw-text-large tw-ta\" dir=\"ltr\" data-placeholder=\"Traduction\"><span class=\"Y2IQFc\" lang=\"fr\">La mod\u00e8le mesure 1m75 et porte une taille S-36.<\/span><\/p>\n","protected":false},"excerpt":{"rendered":"<p>Imprim\u00e9 exclusif fait en collaboration avec mon amie de Aun\u00e9 collections! T-shirt en maille jersey avec dauphins et coquillages. Manches courtes, coupe&hellip;<\/p>\n","protected":false},"featured_media":341185,"template":"","meta":[],"product_brand":[],"product_cat":[669,913],"product_tag":[],"class_list":{"0":"post-364697","1":"product","2":"type-product","3":"status-publish","4":"has-post-thumbnail","6":"product_cat-always-buyable-fr","7":"product_cat-ready-to-ship","8":"pa_taille-s-36-2","10":"first","11":"outofstock","12":"taxable","13":"shipping-taxable","14":"purchasable","15":"product-type-variable"},"_links":{"self":[{"href":"https:\/\/maisoncleo.com\/fr\/wp-json\/wp\/v2\/product\/364697","targetHints":{"allow":["GET"]}}],"collection":[{"href":"https:\/\/maisoncleo.com\/fr\/wp-json\/wp\/v2\/product"}],"about":[{"href":"https:\/\/maisoncleo.com\/fr\/wp-json\/wp\/v2\/types\/product"}],"version-history":[{"count":1,"href":"https:\/\/maisoncleo.com\/fr\/wp-json\/wp\/v2\/product\/364697\/revisions"}],"predecessor-version":[{"id":364717,"href":"https:\/\/maisoncleo.com\/fr\/wp-json\/wp\/v2\/product\/364697\/revisions\/364717"}],"wp:featuredmedia":[{"embeddable":true,"href":"https:\/\/maisoncleo.com\/fr\/wp-json\/wp\/v2\/media\/341185"}],"wp:attachment":[{"href":"https:\/\/maisoncleo.com\/fr\/wp-json\/wp\/v2\/media?parent=364697"}],"wp:term":[{"taxonomy":"product_brand","embeddable":true,"href":"https:\/\/maisoncleo.com\/fr\/wp-json\/wp\/v2\/product_brand?post=364697"},{"taxonomy":"product_cat","embeddable":true,"href":"https:\/\/maisoncleo.com\/fr\/wp-json\/wp\/v2\/product_cat?post=364697"},{"taxonomy":"product_tag","embeddable":true,"href":"https:\/\/maisoncleo.com\/fr\/wp-json\/wp\/v2\/product_tag?post=364697"}],"curies":[{"name":"wp","href":"https:\/\/api.w.org\/{rel}","templated":true}]}}