{"id":364673,"date":"2024-09-10T02:46:05","date_gmt":"2024-09-10T15:34:24","guid":{"rendered":"https:\/\/maisoncleo.com\/\/?post_type=product&#038;p=364673"},"modified":"2024-09-10T21:17:01","modified_gmt":"2024-09-10T19:17:01","slug":"jupe-mi-longue-en-denim-bicolore-tyra","status":"publish","type":"product","link":"https:\/\/maisoncleo.com\/fr\/shop\/jupe-mi-longue-en-denim-bicolore-tyra\/","title":{"rendered":"Jupe mi longue en denim bicolore TYRA"},"content":{"rendered":"<p>Jupe mi longue en denim bicolore. Patchwork de denim fonc\u00e9 et invers\u00e9.<\/p>\n<p>Fermeture \u00e9clair sur le c\u00f4t\u00e9. Trois poches sur le devant, deux poches dans le dos. Ceinture avec passants. Coupe \u00e9vas\u00e9e.<\/p>\n<p>Longueur devant \u00e0 plat: 72 cm.<\/p>\n<p>La mod\u00e8le mesure 1m75 et porte une taille S-36.<\/p>\n","protected":false},"excerpt":{"rendered":"<p>Jupe mi longue en denim bicolore. Patchwork de denim fonc\u00e9 et invers\u00e9. Fermeture \u00e9clair sur le c\u00f4t\u00e9. Trois poches sur le devant,&hellip;<\/p>\n","protected":false},"featured_media":347302,"template":"","meta":[],"product_brand":[],"product_cat":[667,672,661],"product_tag":[],"class_list":{"0":"post-364673","1":"product","2":"type-product","3":"status-publish","4":"has-post-thumbnail","6":"product_cat-dernieres-pieces","7":"product_cat-jupes","8":"product_cat-tout-voir","9":"pa_taille-l-40-2","10":"pa_taille-m-38-2","11":"pa_taille-s-36-2","12":"pa_taille-sur-mesure-fr-2","13":"pa_taille-xl-42-fr-2","14":"pa_taille-xs-34-2","16":"first","17":"outofstock","18":"taxable","19":"shipping-taxable","20":"purchasable","21":"product-type-variable"},"_links":{"self":[{"href":"https:\/\/maisoncleo.com\/fr\/wp-json\/wp\/v2\/product\/364673","targetHints":{"allow":["GET"]}}],"collection":[{"href":"https:\/\/maisoncleo.com\/fr\/wp-json\/wp\/v2\/product"}],"about":[{"href":"https:\/\/maisoncleo.com\/fr\/wp-json\/wp\/v2\/types\/product"}],"version-history":[{"count":1,"href":"https:\/\/maisoncleo.com\/fr\/wp-json\/wp\/v2\/product\/364673\/revisions"}],"predecessor-version":[{"id":364715,"href":"https:\/\/maisoncleo.com\/fr\/wp-json\/wp\/v2\/product\/364673\/revisions\/364715"}],"wp:featuredmedia":[{"embeddable":true,"href":"https:\/\/maisoncleo.com\/fr\/wp-json\/wp\/v2\/media\/347302"}],"wp:attachment":[{"href":"https:\/\/maisoncleo.com\/fr\/wp-json\/wp\/v2\/media?parent=364673"}],"wp:term":[{"taxonomy":"product_brand","embeddable":true,"href":"https:\/\/maisoncleo.com\/fr\/wp-json\/wp\/v2\/product_brand?post=364673"},{"taxonomy":"product_cat","embeddable":true,"href":"https:\/\/maisoncleo.com\/fr\/wp-json\/wp\/v2\/product_cat?post=364673"},{"taxonomy":"product_tag","embeddable":true,"href":"https:\/\/maisoncleo.com\/fr\/wp-json\/wp\/v2\/product_tag?post=364673"}],"curies":[{"name":"wp","href":"https:\/\/api.w.org\/{rel}","templated":true}]}}