{"id":364588,"date":"2024-09-10T02:41:29","date_gmt":"2024-09-10T15:32:06","guid":{"rendered":"https:\/\/maisoncleo.com\/\/?post_type=product&#038;p=364588"},"modified":"2024-09-10T21:16:47","modified_gmt":"2024-09-10T19:16:47","slug":"veste-en-laine-rose-fuchsia-et-details-de-fausse-fourrure-heidi","status":"publish","type":"product","link":"https:\/\/maisoncleo.com\/fr\/shop\/veste-en-laine-rose-fuchsia-et-details-de-fausse-fourrure-heidi\/","title":{"rendered":"Veste en laine rose fuchsia et d\u00e9tails de fausse fourrure HEIDI"},"content":{"rendered":"<div class=\"woocommerce-product-details__complete-description\">\n<p>Veste en laine rose fuchsia et d\u00e9tails de fausse fourrure.<\/p>\n<p>Col et poignets en fausse fourrure rose fuchsia. Trois boutons \u00e9crus, deux poches plaqu\u00e9es. Coupe ajust\u00e9e, manches longues. Non doubl\u00e9e.<\/p>\n<p>La fausse fourrure provient d\u2019une maison de couture fran\u00e7aise &lt;3<\/p>\n<\/div>\n<p>Longueur \u00e0 plat: 42 cm.<\/p>\n<p>La mod\u00e8le mesure 1m75 et porte une taille S-36.<\/p>\n","protected":false},"excerpt":{"rendered":"<p>Veste en laine rose fuchsia et d\u00e9tails de fausse fourrure. Col et poignets en fausse fourrure rose fuchsia. Trois boutons \u00e9crus, deux&hellip;<\/p>\n","protected":false},"featured_media":347110,"template":"","meta":[],"product_brand":[],"product_cat":[667,661,665],"product_tag":[],"class_list":{"0":"post-364588","1":"product","2":"type-product","3":"status-publish","4":"has-post-thumbnail","6":"product_cat-dernieres-pieces","7":"product_cat-tout-voir","8":"product_cat-vestes-manteaux","9":"pa_taille-l-40-2","10":"pa_taille-m-38-2","11":"pa_taille-s-36-2","12":"pa_taille-sur-mesure-fr-2","13":"pa_taille-xl-42-fr-2","14":"pa_taille-xs-34-2","16":"first","17":"outofstock","18":"taxable","19":"shipping-taxable","20":"purchasable","21":"product-type-variable"},"_links":{"self":[{"href":"https:\/\/maisoncleo.com\/fr\/wp-json\/wp\/v2\/product\/364588","targetHints":{"allow":["GET"]}}],"collection":[{"href":"https:\/\/maisoncleo.com\/fr\/wp-json\/wp\/v2\/product"}],"about":[{"href":"https:\/\/maisoncleo.com\/fr\/wp-json\/wp\/v2\/types\/product"}],"version-history":[{"count":1,"href":"https:\/\/maisoncleo.com\/fr\/wp-json\/wp\/v2\/product\/364588\/revisions"}],"predecessor-version":[{"id":364617,"href":"https:\/\/maisoncleo.com\/fr\/wp-json\/wp\/v2\/product\/364588\/revisions\/364617"}],"wp:featuredmedia":[{"embeddable":true,"href":"https:\/\/maisoncleo.com\/fr\/wp-json\/wp\/v2\/media\/347110"}],"wp:attachment":[{"href":"https:\/\/maisoncleo.com\/fr\/wp-json\/wp\/v2\/media?parent=364588"}],"wp:term":[{"taxonomy":"product_brand","embeddable":true,"href":"https:\/\/maisoncleo.com\/fr\/wp-json\/wp\/v2\/product_brand?post=364588"},{"taxonomy":"product_cat","embeddable":true,"href":"https:\/\/maisoncleo.com\/fr\/wp-json\/wp\/v2\/product_cat?post=364588"},{"taxonomy":"product_tag","embeddable":true,"href":"https:\/\/maisoncleo.com\/fr\/wp-json\/wp\/v2\/product_tag?post=364588"}],"curies":[{"name":"wp","href":"https:\/\/api.w.org\/{rel}","templated":true}]}}