{"id":364556,"date":"2024-09-10T02:39:11","date_gmt":"2024-09-10T15:31:01","guid":{"rendered":"https:\/\/maisoncleo.com\/\/?post_type=product&#038;p=364556"},"modified":"2024-09-10T21:16:46","modified_gmt":"2024-09-10T19:16:46","slug":"jupe-longue-en-jean-a-imprime-crocodile-et-fendue-dans-le-dos-elisa","status":"publish","type":"product","link":"https:\/\/maisoncleo.com\/fr\/shop\/jupe-longue-en-jean-a-imprime-crocodile-et-fendue-dans-le-dos-elisa\/","title":{"rendered":"Jupe longue en jean \u00e0 imprim\u00e9 crocodile et fendue dans le dos ELISA"},"content":{"rendered":"<div class=\"woocommerce-product-details__complete-description\">\n<p>Jupe longue en jean en denim brut \u00e0 imprim\u00e9 crocodile et fendue dans le dos.<\/p>\n<p>Fermeture \u00e9clair sur le devant. Trois poches italiennes sur le devant, deux poches arri\u00e8res plaqu\u00e9es. Ceinture avec passants. 100% coton.<\/p>\n<\/div>\n<p>Longueur \u00e0 plat: 99 cm. Longueur fente: 46 cm.<\/p>\n<p>La mod\u00e8le mesure 1m75 et porte une taille S-36.<\/p>\n","protected":false},"excerpt":{"rendered":"<p>Jupe longue en jean en denim brut \u00e0 imprim\u00e9 crocodile et fendue dans le dos. Fermeture \u00e9clair sur le devant. Trois poches&hellip;<\/p>\n","protected":false},"featured_media":347091,"template":"","meta":[],"product_brand":[],"product_cat":[667,672,661],"product_tag":[],"class_list":{"0":"post-364556","1":"product","2":"type-product","3":"status-publish","4":"has-post-thumbnail","6":"product_cat-dernieres-pieces","7":"product_cat-jupes","8":"product_cat-tout-voir","9":"pa_taille-l-40-2","10":"pa_taille-m-38-2","11":"pa_taille-s-36-2","12":"pa_taille-sur-mesure-fr-2","13":"pa_taille-xl-42-fr-2","14":"pa_taille-xs-34-2","16":"first","17":"instock","18":"taxable","19":"shipping-taxable","20":"purchasable","21":"product-type-variable"},"_links":{"self":[{"href":"https:\/\/maisoncleo.com\/fr\/wp-json\/wp\/v2\/product\/364556","targetHints":{"allow":["GET"]}}],"collection":[{"href":"https:\/\/maisoncleo.com\/fr\/wp-json\/wp\/v2\/product"}],"about":[{"href":"https:\/\/maisoncleo.com\/fr\/wp-json\/wp\/v2\/types\/product"}],"version-history":[{"count":1,"href":"https:\/\/maisoncleo.com\/fr\/wp-json\/wp\/v2\/product\/364556\/revisions"}],"predecessor-version":[{"id":364605,"href":"https:\/\/maisoncleo.com\/fr\/wp-json\/wp\/v2\/product\/364556\/revisions\/364605"}],"wp:featuredmedia":[{"embeddable":true,"href":"https:\/\/maisoncleo.com\/fr\/wp-json\/wp\/v2\/media\/347091"}],"wp:attachment":[{"href":"https:\/\/maisoncleo.com\/fr\/wp-json\/wp\/v2\/media?parent=364556"}],"wp:term":[{"taxonomy":"product_brand","embeddable":true,"href":"https:\/\/maisoncleo.com\/fr\/wp-json\/wp\/v2\/product_brand?post=364556"},{"taxonomy":"product_cat","embeddable":true,"href":"https:\/\/maisoncleo.com\/fr\/wp-json\/wp\/v2\/product_cat?post=364556"},{"taxonomy":"product_tag","embeddable":true,"href":"https:\/\/maisoncleo.com\/fr\/wp-json\/wp\/v2\/product_tag?post=364556"}],"curies":[{"name":"wp","href":"https:\/\/api.w.org\/{rel}","templated":true}]}}