{"id":364555,"date":"2024-09-10T02:39:11","date_gmt":"2024-09-10T15:31:01","guid":{"rendered":"https:\/\/maisoncleo.com\/\/?post_type=product&#038;p=364555"},"modified":"2025-05-07T10:13:38","modified_gmt":"2025-05-07T08:13:38","slug":"veste-oversize-en-denim-imprimee-crocodile-avec-details-de-fausse-fourrure-bouclee-stella","status":"publish","type":"product","link":"https:\/\/maisoncleo.com\/fr\/shop\/veste-oversize-en-denim-imprimee-crocodile-avec-details-de-fausse-fourrure-bouclee-stella\/","title":{"rendered":"Veste oversize en denim imprim\u00e9e crocodile avec d\u00e9tails de fausse fourrure boucl\u00e9e STELLA"},"content":{"rendered":"<div class=\"woocommerce-product-details__complete-description\">\n<p>Veste oversize en denim imprim\u00e9e crocodile avec d\u00e9tails de fausse fourrure boucl\u00e9e.<\/p>\n<p>Col, poignets et contours de poches en fausse fourrure \u00e9crue boucl\u00e9e. Quatre boutons \u00e9crus. Coupe oversized, manches longues. Deux poches sur le devant. Non doubl\u00e9e. Denim brut.<\/p>\n<p>Le tissu provient d&rsquo;une maison de couture italienne.<\/p>\n<\/div>\n<p>Longueur \u00e0 plat: 55 cm.<\/p>\n<p>La mod\u00e8le mesure 1m75 et porte une taille S-36.<\/p>\n","protected":false},"excerpt":{"rendered":"<p>Veste oversize en denim imprim\u00e9e crocodile avec d\u00e9tails de fausse fourrure boucl\u00e9e. Col, poignets et contours de poches en fausse fourrure \u00e9crue&hellip;<\/p>\n","protected":false},"featured_media":347071,"template":"","meta":[],"product_brand":[],"product_cat":[667,661,665],"product_tag":[],"class_list":{"0":"post-364555","1":"product","2":"type-product","3":"status-publish","4":"has-post-thumbnail","6":"product_cat-dernieres-pieces","7":"product_cat-tout-voir","8":"product_cat-vestes-manteaux","9":"pa_taille-l-40-2","10":"pa_taille-m-38-2","11":"pa_taille-s-36-2","12":"pa_taille-sur-mesure-fr-2","13":"pa_taille-xl-42-fr-2","14":"pa_taille-xs-34-2","16":"first","17":"instock","18":"taxable","19":"shipping-taxable","20":"purchasable","21":"product-type-variable"},"_links":{"self":[{"href":"https:\/\/maisoncleo.com\/fr\/wp-json\/wp\/v2\/product\/364555","targetHints":{"allow":["GET"]}}],"collection":[{"href":"https:\/\/maisoncleo.com\/fr\/wp-json\/wp\/v2\/product"}],"about":[{"href":"https:\/\/maisoncleo.com\/fr\/wp-json\/wp\/v2\/types\/product"}],"version-history":[{"count":1,"href":"https:\/\/maisoncleo.com\/fr\/wp-json\/wp\/v2\/product\/364555\/revisions"}],"predecessor-version":[{"id":364599,"href":"https:\/\/maisoncleo.com\/fr\/wp-json\/wp\/v2\/product\/364555\/revisions\/364599"}],"wp:featuredmedia":[{"embeddable":true,"href":"https:\/\/maisoncleo.com\/fr\/wp-json\/wp\/v2\/media\/347071"}],"wp:attachment":[{"href":"https:\/\/maisoncleo.com\/fr\/wp-json\/wp\/v2\/media?parent=364555"}],"wp:term":[{"taxonomy":"product_brand","embeddable":true,"href":"https:\/\/maisoncleo.com\/fr\/wp-json\/wp\/v2\/product_brand?post=364555"},{"taxonomy":"product_cat","embeddable":true,"href":"https:\/\/maisoncleo.com\/fr\/wp-json\/wp\/v2\/product_cat?post=364555"},{"taxonomy":"product_tag","embeddable":true,"href":"https:\/\/maisoncleo.com\/fr\/wp-json\/wp\/v2\/product_tag?post=364555"}],"curies":[{"name":"wp","href":"https:\/\/api.w.org\/{rel}","templated":true}]}}