{"id":364530,"date":"2024-09-10T02:37:10","date_gmt":"2024-09-10T15:30:16","guid":{"rendered":"https:\/\/maisoncleo.com\/\/?post_type=product&#038;p=364530"},"modified":"2024-10-02T16:09:12","modified_gmt":"2024-10-02T14:09:12","slug":"jupe-midi-asymetrique-fendue-en-tweed-ivoire-petra","status":"publish","type":"product","link":"https:\/\/maisoncleo.com\/fr\/shop\/jupe-midi-asymetrique-fendue-en-tweed-ivoire-petra\/","title":{"rendered":"Jupe midi asym\u00e9trique fendue en tweed ivoire PETRA"},"content":{"rendered":"<p>Jupe midi asym\u00e9trique fendue en tweed ivoire.<\/p>\n<p>Fermeture\u00a0\u00e9clair\u00a0sur le c\u00f4t\u00e9. Deux poches sur le devant, une poche arri\u00e8re plaqu\u00e9e.\u00a0Ceinture avec passants.<\/p>\n<p>Longueur \u00e0 plat: 105 cm. Longueur fente \u00e0 plat: 73 cm.<\/p>\n<p>La mod\u00e8le mesure 1m75 et porte une taille S-36.<\/p>\n","protected":false},"excerpt":{"rendered":"<p>Jupe midi asym\u00e9trique fendue en tweed ivoire. Fermeture\u00a0\u00e9clair\u00a0sur le c\u00f4t\u00e9. Deux poches sur le devant, une poche arri\u00e8re plaqu\u00e9e.\u00a0Ceinture avec passants. Longueur&hellip;<\/p>\n","protected":false},"featured_media":347011,"template":"","meta":[],"product_brand":[],"product_cat":[667,672,661],"product_tag":[],"class_list":{"0":"post-364530","1":"product","2":"type-product","3":"status-publish","4":"has-post-thumbnail","6":"product_cat-dernieres-pieces","7":"product_cat-jupes","8":"product_cat-tout-voir","9":"pa_taille-l-40-2","10":"pa_taille-m-38-2","11":"pa_taille-s-36-2","12":"pa_taille-sur-mesure-fr-2","13":"pa_taille-xl-42-fr-2","14":"pa_taille-xs-34-2","16":"first","17":"instock","18":"taxable","19":"shipping-taxable","20":"purchasable","21":"product-type-variable"},"_links":{"self":[{"href":"https:\/\/maisoncleo.com\/fr\/wp-json\/wp\/v2\/product\/364530","targetHints":{"allow":["GET"]}}],"collection":[{"href":"https:\/\/maisoncleo.com\/fr\/wp-json\/wp\/v2\/product"}],"about":[{"href":"https:\/\/maisoncleo.com\/fr\/wp-json\/wp\/v2\/types\/product"}],"version-history":[{"count":1,"href":"https:\/\/maisoncleo.com\/fr\/wp-json\/wp\/v2\/product\/364530\/revisions"}],"predecessor-version":[{"id":364549,"href":"https:\/\/maisoncleo.com\/fr\/wp-json\/wp\/v2\/product\/364530\/revisions\/364549"}],"wp:featuredmedia":[{"embeddable":true,"href":"https:\/\/maisoncleo.com\/fr\/wp-json\/wp\/v2\/media\/347011"}],"wp:attachment":[{"href":"https:\/\/maisoncleo.com\/fr\/wp-json\/wp\/v2\/media?parent=364530"}],"wp:term":[{"taxonomy":"product_brand","embeddable":true,"href":"https:\/\/maisoncleo.com\/fr\/wp-json\/wp\/v2\/product_brand?post=364530"},{"taxonomy":"product_cat","embeddable":true,"href":"https:\/\/maisoncleo.com\/fr\/wp-json\/wp\/v2\/product_cat?post=364530"},{"taxonomy":"product_tag","embeddable":true,"href":"https:\/\/maisoncleo.com\/fr\/wp-json\/wp\/v2\/product_tag?post=364530"}],"curies":[{"name":"wp","href":"https:\/\/api.w.org\/{rel}","templated":true}]}}