{"id":364491,"date":"2024-09-10T02:28:35","date_gmt":"2024-09-10T15:29:04","guid":{"rendered":"https:\/\/maisoncleo.com\/\/?post_type=product&#038;p=364491"},"modified":"2024-09-10T21:16:33","modified_gmt":"2024-09-10T19:16:33","slug":"blouse-en-organza-de-soie-rose-fuchsia-ton-sur-ton-julie","status":"publish","type":"product","link":"https:\/\/maisoncleo.com\/fr\/shop\/blouse-en-organza-de-soie-rose-fuchsia-ton-sur-ton-julie\/","title":{"rendered":"Blouse en organza de soie rose fuchsia ton sur ton JULIE"},"content":{"rendered":"<p>Blouse rose fuchsia en organza de soie opaque \u00e0 porter de deux fa\u00e7ons.<\/p>\n<p>Col pointu, manches longues bouffantes, poignets larges. Tissu avec de d\u00e9licates broderies g\u00e9om\u00e9triques du m\u00eame ton rose. \u00c0 nouer sur la poitrine ou dans le dos. 100% soie.<\/p>\n<p>Longueur \u00e0 plat: 45 cm.<\/p>\n<p>La mod\u00e8le mesure 1m75 et porte une taille S-36.<\/p>\n","protected":false},"excerpt":{"rendered":"<p>Blouse rose fuchsia en organza de soie opaque \u00e0 porter de deux fa\u00e7ons. Col pointu, manches longues bouffantes, poignets larges. Tissu avec&hellip;<\/p>\n","protected":false},"featured_media":346912,"template":"","meta":[],"product_brand":[],"product_cat":[663,667,661],"product_tag":[],"class_list":{"0":"post-364491","1":"product","2":"type-product","3":"status-publish","4":"has-post-thumbnail","6":"product_cat-blouses","7":"product_cat-dernieres-pieces","8":"product_cat-tout-voir","9":"pa_taille-l-40-2","10":"pa_taille-m-38-2","11":"pa_taille-s-36-2","12":"pa_taille-sur-mesure-fr-2","13":"pa_taille-xl-42-fr-2","14":"pa_taille-xs-34-2","16":"first","17":"instock","18":"taxable","19":"shipping-taxable","20":"purchasable","21":"product-type-variable"},"_links":{"self":[{"href":"https:\/\/maisoncleo.com\/fr\/wp-json\/wp\/v2\/product\/364491","targetHints":{"allow":["GET"]}}],"collection":[{"href":"https:\/\/maisoncleo.com\/fr\/wp-json\/wp\/v2\/product"}],"about":[{"href":"https:\/\/maisoncleo.com\/fr\/wp-json\/wp\/v2\/types\/product"}],"version-history":[{"count":1,"href":"https:\/\/maisoncleo.com\/fr\/wp-json\/wp\/v2\/product\/364491\/revisions"}],"predecessor-version":[{"id":364509,"href":"https:\/\/maisoncleo.com\/fr\/wp-json\/wp\/v2\/product\/364491\/revisions\/364509"}],"wp:featuredmedia":[{"embeddable":true,"href":"https:\/\/maisoncleo.com\/fr\/wp-json\/wp\/v2\/media\/346912"}],"wp:attachment":[{"href":"https:\/\/maisoncleo.com\/fr\/wp-json\/wp\/v2\/media?parent=364491"}],"wp:term":[{"taxonomy":"product_brand","embeddable":true,"href":"https:\/\/maisoncleo.com\/fr\/wp-json\/wp\/v2\/product_brand?post=364491"},{"taxonomy":"product_cat","embeddable":true,"href":"https:\/\/maisoncleo.com\/fr\/wp-json\/wp\/v2\/product_cat?post=364491"},{"taxonomy":"product_tag","embeddable":true,"href":"https:\/\/maisoncleo.com\/fr\/wp-json\/wp\/v2\/product_tag?post=364491"}],"curies":[{"name":"wp","href":"https:\/\/api.w.org\/{rel}","templated":true}]}}