{"id":364475,"date":"2024-09-10T02:27:08","date_gmt":"2024-09-10T15:28:42","guid":{"rendered":"https:\/\/maisoncleo.com\/\/?post_type=product&#038;p=364475"},"modified":"2024-09-10T21:16:44","modified_gmt":"2024-09-10T19:16:44","slug":"mini-jupe-en-jean-a-imprime-crocodile-sophia","status":"publish","type":"product","link":"https:\/\/maisoncleo.com\/fr\/shop\/mini-jupe-en-jean-a-imprime-crocodile-sophia\/","title":{"rendered":"Mini jupe en jean \u00e0 imprim\u00e9 crocodile SOPHIA"},"content":{"rendered":"<div class=\"woocommerce-product-details__complete-description\">\n<p>Mini jupe en jean \u00e0 imprim\u00e9 crocodile avec fente sur le c\u00f4t\u00e9.<\/p>\n<p>Fermeture \u00e9clair dans le dos.<\/p>\n<\/div>\n<p>Longueur \u00e0 plat: 36 cm. Longueur fente: 17 cm.<\/p>\n<p>La mod\u00e8le mesure 1m75 et porte une taille S-36.<\/p>\n","protected":false},"excerpt":{"rendered":"<p>Mini jupe en jean \u00e0 imprim\u00e9 crocodile avec fente sur le c\u00f4t\u00e9. Fermeture \u00e9clair dans le dos. Longueur \u00e0 plat: 36 cm.&hellip;<\/p>\n","protected":false},"featured_media":346879,"template":"","meta":[],"product_brand":[],"product_cat":[667,672,661],"product_tag":[],"class_list":{"0":"post-364475","1":"product","2":"type-product","3":"status-publish","4":"has-post-thumbnail","6":"product_cat-dernieres-pieces","7":"product_cat-jupes","8":"product_cat-tout-voir","9":"pa_taille-l-40-2","10":"pa_taille-m-38-2","11":"pa_taille-s-36-2","12":"pa_taille-sur-mesure-fr-2","13":"pa_taille-xl-42-fr-2","14":"pa_taille-xs-34-2","16":"first","17":"instock","18":"taxable","19":"shipping-taxable","20":"purchasable","21":"product-type-variable"},"_links":{"self":[{"href":"https:\/\/maisoncleo.com\/fr\/wp-json\/wp\/v2\/product\/364475","targetHints":{"allow":["GET"]}}],"collection":[{"href":"https:\/\/maisoncleo.com\/fr\/wp-json\/wp\/v2\/product"}],"about":[{"href":"https:\/\/maisoncleo.com\/fr\/wp-json\/wp\/v2\/types\/product"}],"version-history":[{"count":1,"href":"https:\/\/maisoncleo.com\/fr\/wp-json\/wp\/v2\/product\/364475\/revisions"}],"predecessor-version":[{"id":364604,"href":"https:\/\/maisoncleo.com\/fr\/wp-json\/wp\/v2\/product\/364475\/revisions\/364604"}],"wp:featuredmedia":[{"embeddable":true,"href":"https:\/\/maisoncleo.com\/fr\/wp-json\/wp\/v2\/media\/346879"}],"wp:attachment":[{"href":"https:\/\/maisoncleo.com\/fr\/wp-json\/wp\/v2\/media?parent=364475"}],"wp:term":[{"taxonomy":"product_brand","embeddable":true,"href":"https:\/\/maisoncleo.com\/fr\/wp-json\/wp\/v2\/product_brand?post=364475"},{"taxonomy":"product_cat","embeddable":true,"href":"https:\/\/maisoncleo.com\/fr\/wp-json\/wp\/v2\/product_cat?post=364475"},{"taxonomy":"product_tag","embeddable":true,"href":"https:\/\/maisoncleo.com\/fr\/wp-json\/wp\/v2\/product_tag?post=364475"}],"curies":[{"name":"wp","href":"https:\/\/api.w.org\/{rel}","templated":true}]}}