{"id":364449,"date":"2024-09-10T02:26:45","date_gmt":"2024-09-10T15:27:50","guid":{"rendered":"https:\/\/maisoncleo.com\/\/?post_type=product&#038;p=364449"},"modified":"2024-09-10T21:17:00","modified_gmt":"2024-09-10T19:17:00","slug":"mini-jupe-plissee-en-tweed-ecru-miranda","status":"publish","type":"product","link":"https:\/\/maisoncleo.com\/fr\/shop\/mini-jupe-plissee-en-tweed-ecru-miranda\/","title":{"rendered":"Mini jupe pliss\u00e9e en tweed \u00e9cru MIRANDA"},"content":{"rendered":"<p>Mini jupe pliss\u00e9e en tweed \u00e9cru.<\/p>\n<p>Coupe \u00e9vas\u00e9e. Fermeture \u00e9clair sur le c\u00f4t\u00e9. Non doubl\u00e9e. 100% tweed \u00e9cru. Composition exacte : 77% viscose, 9% coton, 8% polyamide, 6% soie.<\/p>\n<p>Le tissu provient d&rsquo;une maison de Haute Couture fran\u00e7aise.<\/p>\n<p>Longueur devant \u00e0 plat: 27 cm. Comme tout est fait \u00e0 la commande, il est possible d&rsquo;ajouter de la longueur. Longueur mini plus standard : 35 cm.<\/p>\n<p>La mod\u00e8le mesure 1m75 et porte une taille S-36.<\/p>\n","protected":false},"excerpt":{"rendered":"<p>Mini jupe pliss\u00e9e en tweed \u00e9cru. Coupe \u00e9vas\u00e9e. Fermeture \u00e9clair sur le c\u00f4t\u00e9. Non doubl\u00e9e. 100% tweed \u00e9cru. Composition exacte : 77%&hellip;<\/p>\n","protected":false},"featured_media":347054,"template":"","meta":[],"product_brand":[],"product_cat":[667,672,661],"product_tag":[],"class_list":{"0":"post-364449","1":"product","2":"type-product","3":"status-publish","4":"has-post-thumbnail","6":"product_cat-dernieres-pieces","7":"product_cat-jupes","8":"product_cat-tout-voir","9":"pa_taille-l-40-2","10":"pa_taille-m-38-2","11":"pa_taille-s-36-2","12":"pa_taille-sur-mesure-fr-2","13":"pa_taille-xl-42-fr-2","14":"pa_taille-xs-34-2","16":"first","17":"instock","18":"taxable","19":"shipping-taxable","20":"purchasable","21":"product-type-variable"},"_links":{"self":[{"href":"https:\/\/maisoncleo.com\/fr\/wp-json\/wp\/v2\/product\/364449","targetHints":{"allow":["GET"]}}],"collection":[{"href":"https:\/\/maisoncleo.com\/fr\/wp-json\/wp\/v2\/product"}],"about":[{"href":"https:\/\/maisoncleo.com\/fr\/wp-json\/wp\/v2\/types\/product"}],"version-history":[{"count":1,"href":"https:\/\/maisoncleo.com\/fr\/wp-json\/wp\/v2\/product\/364449\/revisions"}],"predecessor-version":[{"id":364702,"href":"https:\/\/maisoncleo.com\/fr\/wp-json\/wp\/v2\/product\/364449\/revisions\/364702"}],"wp:featuredmedia":[{"embeddable":true,"href":"https:\/\/maisoncleo.com\/fr\/wp-json\/wp\/v2\/media\/347054"}],"wp:attachment":[{"href":"https:\/\/maisoncleo.com\/fr\/wp-json\/wp\/v2\/media?parent=364449"}],"wp:term":[{"taxonomy":"product_brand","embeddable":true,"href":"https:\/\/maisoncleo.com\/fr\/wp-json\/wp\/v2\/product_brand?post=364449"},{"taxonomy":"product_cat","embeddable":true,"href":"https:\/\/maisoncleo.com\/fr\/wp-json\/wp\/v2\/product_cat?post=364449"},{"taxonomy":"product_tag","embeddable":true,"href":"https:\/\/maisoncleo.com\/fr\/wp-json\/wp\/v2\/product_tag?post=364449"}],"curies":[{"name":"wp","href":"https:\/\/api.w.org\/{rel}","templated":true}]}}