{"id":364124,"date":"2024-09-10T02:21:58","date_gmt":"2024-09-10T15:15:41","guid":{"rendered":"https:\/\/maisoncleo.com\/\/?post_type=product&#038;p=364124"},"modified":"2024-10-14T16:26:17","modified_gmt":"2024-10-14T14:26:17","slug":"pince-a-cheveux-fait-main","status":"publish","type":"product","link":"https:\/\/maisoncleo.com\/fr\/shop\/pince-a-cheveux-fait-main\/","title":{"rendered":"Pince \u00e0 cheveux fait-main"},"content":{"rendered":"<p id=\"tw-target-text\" class=\"tw-data-text tw-text-large tw-ta\" dir=\"ltr\" data-placeholder=\"Traduction\"><span class=\"Y2IQFc\" lang=\"fr\">Collaboration exclusive avec mon amie Julia de Turtle Story qui fabrique \u00e0 la main des pinces \u00e0 cheveux sur commande dans des mati\u00e8res recycl\u00e9es. Elle a teint pour nous des couleurs exclusives. <\/span><span class=\"Y2IQFc\" lang=\"fr\">Strass brillant multicolore.\u00a0<\/span><\/p>\n<p>Choix de couleurs de gauche \u00e0 droite et d&rsquo;en haut en bas sur la premi\u00e8re photo:<\/p>\n<p>\u2013 Pince \u00e0 cheveux noir coeur<br \/>\n\u2013 Pince \u00e0 cheveux jaune iris\u00e9 coeur<br \/>\n\u2013 Pince \u00e0 cheveux nacr\u00e9e iris\u00e9e<br \/>\n\u2013 Pince \u00e0 cheveux marron glac\u00e9 iris\u00e9<br \/>\n\u2013 Pince \u00e0 cheveux nacr\u00e9 bleu clair<br \/>\n\u2013 Pince \u00e0 cheveux effet nacr\u00e9 coeur bleu<br \/>\n&#8211; Pince \u00e0 cheveux \u00a0coeur transparent<br \/>\n&#8211; Pince \u00e0 cheveux jaune iris\u00e9<br \/>\n&#8211; Pince \u00e0 cheveux coeur rose iris\u00e9<\/p>\n<p class=\"tw-data-text tw-text-large tw-ta\" dir=\"ltr\" data-placeholder=\"Traduction\"><span class=\"Y2IQFc\" lang=\"fr\"> Dimensions : 8,5 cm sur 4,5 cm (4,3 pouces sur 1,8 pouce)<\/span><\/p>\n<p class=\"tw-data-text tw-text-large tw-ta\" dir=\"ltr\" data-placeholder=\"Traduction\"><span class=\"Y2IQFc\" lang=\"fr\">Mat\u00e9riaux de qualit\u00e9 sup\u00e9rieure &#8211; ac\u00e9tate de cellulose italien ultra premium et hypoallerg\u00e9nique.<\/span><\/p>\n","protected":false},"excerpt":{"rendered":"<p>Collaboration exclusive avec mon amie Julia de Turtle Story qui fabrique \u00e0 la main des pinces \u00e0 cheveux sur commande dans des&hellip;<\/p>\n","protected":false},"featured_media":346732,"template":"","meta":[],"product_brand":[],"product_cat":[651,656,669,661],"product_tag":[],"class_list":{"0":"post-364124","1":"product","2":"type-product","3":"status-publish","4":"has-post-thumbnail","6":"product_cat-accessoires","7":"product_cat-accessoires-cheveux","8":"product_cat-always-buyable-fr","9":"product_cat-tout-voir","11":"first","12":"instock","13":"taxable","14":"shipping-taxable","15":"purchasable","16":"product-type-variable"},"_links":{"self":[{"href":"https:\/\/maisoncleo.com\/fr\/wp-json\/wp\/v2\/product\/364124","targetHints":{"allow":["GET"]}}],"collection":[{"href":"https:\/\/maisoncleo.com\/fr\/wp-json\/wp\/v2\/product"}],"about":[{"href":"https:\/\/maisoncleo.com\/fr\/wp-json\/wp\/v2\/types\/product"}],"version-history":[{"count":1,"href":"https:\/\/maisoncleo.com\/fr\/wp-json\/wp\/v2\/product\/364124\/revisions"}],"predecessor-version":[{"id":364156,"href":"https:\/\/maisoncleo.com\/fr\/wp-json\/wp\/v2\/product\/364124\/revisions\/364156"}],"wp:featuredmedia":[{"embeddable":true,"href":"https:\/\/maisoncleo.com\/fr\/wp-json\/wp\/v2\/media\/346732"}],"wp:attachment":[{"href":"https:\/\/maisoncleo.com\/fr\/wp-json\/wp\/v2\/media?parent=364124"}],"wp:term":[{"taxonomy":"product_brand","embeddable":true,"href":"https:\/\/maisoncleo.com\/fr\/wp-json\/wp\/v2\/product_brand?post=364124"},{"taxonomy":"product_cat","embeddable":true,"href":"https:\/\/maisoncleo.com\/fr\/wp-json\/wp\/v2\/product_cat?post=364124"},{"taxonomy":"product_tag","embeddable":true,"href":"https:\/\/maisoncleo.com\/fr\/wp-json\/wp\/v2\/product_tag?post=364124"}],"curies":[{"name":"wp","href":"https:\/\/api.w.org\/{rel}","templated":true}]}}