{"id":364120,"date":"2024-09-10T02:21:33","date_gmt":"2024-09-10T00:21:33","guid":{"rendered":"https:\/\/maisoncleo.com\/\/?post_type=product&#038;p=364120"},"modified":"2024-09-10T21:16:13","modified_gmt":"2024-09-10T19:16:13","slug":"ready-to-ship-runway-look-47-top-avec-petites-ecailles-sequins-de-sirene-blanc-casse","status":"publish","type":"product","link":"https:\/\/maisoncleo.com\/fr\/shop\/ready-to-ship-runway-look-47-top-avec-petites-ecailles-sequins-de-sirene-blanc-casse\/","title":{"rendered":"READY TO SHIP &#8211; RUNWAY LOOK 47 &#8211; Top avec petites \u00e9cailles sequins de sir\u00e8ne blanc cass\u00e9"},"content":{"rendered":"<p>Top avec petites \u00e9cailles sequins de sir\u00e8ne blanc cass\u00e9. Col rond, manches courtes. Ouvert sur les c\u00f4t\u00e9s, li\u00e9 par cha\u00eene fine argent\u00e9e et bijoux coeur \u00ab\u00a0MC\u00a0\u00bb. L\u00e9g\u00e8rement ouvert dans le haut du dos et maintenu par cha\u00eene fine argent\u00e9e. La mati\u00e8re peut gratter sur la peau.<\/p>\n<p>Veuillez noter que le v\u00eatement RTS disponible ne poss\u00e8de pas de bijoux en argent sur les c\u00f4t\u00e9s.<\/p>\n<p>LOOK 47 issu de notre premier d\u00e9fil\u00e9 \u00ab\u00a0Premi\u00e8re Fois\u00a0\u00bb en mars 2022.<\/p>\n<p>La mod\u00e8le mesure 1m75 et porte une taille S-36.<\/p>\n","protected":false},"excerpt":{"rendered":"<p>Top avec petites \u00e9cailles sequins de sir\u00e8ne blanc cass\u00e9. Col rond, manches courtes. Ouvert sur les c\u00f4t\u00e9s, li\u00e9 par cha\u00eene fine argent\u00e9e&hellip;<\/p>\n","protected":false},"featured_media":342677,"template":"","meta":[],"product_brand":[],"product_cat":[669,913],"product_tag":[],"class_list":{"0":"post-364120","1":"product","2":"type-product","3":"status-publish","4":"has-post-thumbnail","6":"product_cat-always-buyable-fr","7":"product_cat-ready-to-ship","8":"pa_taille-s-36-2","9":"pa_taille-xs-34-2","11":"first","12":"instock","13":"taxable","14":"shipping-taxable","15":"purchasable","16":"product-type-variable"},"_links":{"self":[{"href":"https:\/\/maisoncleo.com\/fr\/wp-json\/wp\/v2\/product\/364120","targetHints":{"allow":["GET"]}}],"collection":[{"href":"https:\/\/maisoncleo.com\/fr\/wp-json\/wp\/v2\/product"}],"about":[{"href":"https:\/\/maisoncleo.com\/fr\/wp-json\/wp\/v2\/types\/product"}],"version-history":[{"count":1,"href":"https:\/\/maisoncleo.com\/fr\/wp-json\/wp\/v2\/product\/364120\/revisions"}],"predecessor-version":[{"id":364143,"href":"https:\/\/maisoncleo.com\/fr\/wp-json\/wp\/v2\/product\/364120\/revisions\/364143"}],"wp:featuredmedia":[{"embeddable":true,"href":"https:\/\/maisoncleo.com\/fr\/wp-json\/wp\/v2\/media\/342677"}],"wp:attachment":[{"href":"https:\/\/maisoncleo.com\/fr\/wp-json\/wp\/v2\/media?parent=364120"}],"wp:term":[{"taxonomy":"product_brand","embeddable":true,"href":"https:\/\/maisoncleo.com\/fr\/wp-json\/wp\/v2\/product_brand?post=364120"},{"taxonomy":"product_cat","embeddable":true,"href":"https:\/\/maisoncleo.com\/fr\/wp-json\/wp\/v2\/product_cat?post=364120"},{"taxonomy":"product_tag","embeddable":true,"href":"https:\/\/maisoncleo.com\/fr\/wp-json\/wp\/v2\/product_tag?post=364120"}],"curies":[{"name":"wp","href":"https:\/\/api.w.org\/{rel}","templated":true}]}}