{"id":364060,"date":"2024-09-10T02:20:37","date_gmt":"2024-09-10T15:13:27","guid":{"rendered":"https:\/\/maisoncleo.com\/\/?post_type=product&#038;p=364060"},"modified":"2024-09-10T21:16:10","modified_gmt":"2024-09-10T19:16:10","slug":"jupe-mi-longue-fluide-en-velours-noir-brillant-roxy","status":"publish","type":"product","link":"https:\/\/maisoncleo.com\/fr\/shop\/jupe-mi-longue-fluide-en-velours-noir-brillant-roxy\/","title":{"rendered":"Jupe mi-longue fluide en velours noir brillant ROXY"},"content":{"rendered":"<p>Jupe mi-longue fluide en velours noir brillant.\u00a0Taille basse. Fermeture \u00e9clair dans le dos. 100% sublime velours fluide brillant. Coupe droite, fente de chaque c\u00f4t\u00e9.<\/p>\n<p>La mod\u00e8le mesure 171 cm et porte une taille S-36.<\/p>\n<p>Longueur= 78 cm. Longueur de fente= 29,5 cm.<\/p>\n<p>Nous pouvons faire 7 jupes dans ce tissu.<\/p>\n","protected":false},"excerpt":{"rendered":"<p>Jupe mi-longue fluide en velours noir brillant.\u00a0Taille basse. Fermeture \u00e9clair dans le dos. 100% sublime velours fluide brillant. Coupe droite, fente de&hellip;<\/p>\n","protected":false},"featured_media":346686,"template":"","meta":[],"product_brand":[],"product_cat":[667,672,661],"product_tag":[],"class_list":{"0":"post-364060","1":"product","2":"type-product","3":"status-publish","4":"has-post-thumbnail","6":"product_cat-dernieres-pieces","7":"product_cat-jupes","8":"product_cat-tout-voir","9":"pa_taille-l-40-2","10":"pa_taille-m-38-2","11":"pa_taille-s-36-2","12":"pa_taille-sur-mesure-fr-2","13":"pa_taille-xl-42-fr-2","14":"pa_taille-xs-34-2","16":"first","17":"instock","18":"taxable","19":"shipping-taxable","20":"purchasable","21":"product-type-variable"},"_links":{"self":[{"href":"https:\/\/maisoncleo.com\/fr\/wp-json\/wp\/v2\/product\/364060","targetHints":{"allow":["GET"]}}],"collection":[{"href":"https:\/\/maisoncleo.com\/fr\/wp-json\/wp\/v2\/product"}],"about":[{"href":"https:\/\/maisoncleo.com\/fr\/wp-json\/wp\/v2\/types\/product"}],"version-history":[{"count":1,"href":"https:\/\/maisoncleo.com\/fr\/wp-json\/wp\/v2\/product\/364060\/revisions"}],"predecessor-version":[{"id":364091,"href":"https:\/\/maisoncleo.com\/fr\/wp-json\/wp\/v2\/product\/364060\/revisions\/364091"}],"wp:featuredmedia":[{"embeddable":true,"href":"https:\/\/maisoncleo.com\/fr\/wp-json\/wp\/v2\/media\/346686"}],"wp:attachment":[{"href":"https:\/\/maisoncleo.com\/fr\/wp-json\/wp\/v2\/media?parent=364060"}],"wp:term":[{"taxonomy":"product_brand","embeddable":true,"href":"https:\/\/maisoncleo.com\/fr\/wp-json\/wp\/v2\/product_brand?post=364060"},{"taxonomy":"product_cat","embeddable":true,"href":"https:\/\/maisoncleo.com\/fr\/wp-json\/wp\/v2\/product_cat?post=364060"},{"taxonomy":"product_tag","embeddable":true,"href":"https:\/\/maisoncleo.com\/fr\/wp-json\/wp\/v2\/product_tag?post=364060"}],"curies":[{"name":"wp","href":"https:\/\/api.w.org\/{rel}","templated":true}]}}