{"id":364053,"date":"2024-09-10T02:18:07","date_gmt":"2024-09-10T15:13:26","guid":{"rendered":"https:\/\/maisoncleo.com\/\/?post_type=product&#038;p=364053"},"modified":"2024-09-10T21:16:08","modified_gmt":"2024-09-10T19:16:08","slug":"robe-en-jersey-satine-details-dentelle-de-calais-lila","status":"publish","type":"product","link":"https:\/\/maisoncleo.com\/fr\/shop\/robe-en-jersey-satine-details-dentelle-de-calais-lila\/","title":{"rendered":"Robe en jersey satin\u00e9 d\u00e9tails dentelle de Calais LILA"},"content":{"rendered":"<p>Robe en jersey noir satin\u00e9 avec d\u00e9tails de dentelle de Calais.<\/p>\n<p>Fines bretelles, d\u00e9tails de dentelle de Calais sur le d\u00e9collet\u00e9 et le bas, jersey \u00e9lastiqu\u00e9 opaque, fentes c\u00f4t\u00e9s, petit noeud blanc sur la poitrine.<\/p>\n<p>100% jersey satin\u00e9.<\/p>\n<p>La mod\u00e8le mesure 171 cm et porte une taille S-36.<\/p>\n<p>Longueur= 80 cm.<\/p>\n","protected":false},"excerpt":{"rendered":"<p>Robe en jersey noir satin\u00e9 avec d\u00e9tails de dentelle de Calais. Fines bretelles, d\u00e9tails de dentelle de Calais sur le d\u00e9collet\u00e9 et&hellip;<\/p>\n","protected":false},"featured_media":346652,"template":"","meta":[],"product_brand":[],"product_cat":[667,664,661],"product_tag":[],"class_list":{"0":"post-364053","1":"product","2":"type-product","3":"status-publish","4":"has-post-thumbnail","6":"product_cat-dernieres-pieces","7":"product_cat-robes","8":"product_cat-tout-voir","9":"pa_taille-l-40-2","10":"pa_taille-m-38-2","11":"pa_taille-s-36-2","12":"pa_taille-sur-mesure-fr-2","13":"pa_taille-xl-42-fr-2","14":"pa_taille-xs-34-2","16":"first","17":"outofstock","18":"taxable","19":"shipping-taxable","20":"purchasable","21":"product-type-variable"},"_links":{"self":[{"href":"https:\/\/maisoncleo.com\/fr\/wp-json\/wp\/v2\/product\/364053","targetHints":{"allow":["GET"]}}],"collection":[{"href":"https:\/\/maisoncleo.com\/fr\/wp-json\/wp\/v2\/product"}],"about":[{"href":"https:\/\/maisoncleo.com\/fr\/wp-json\/wp\/v2\/types\/product"}],"version-history":[{"count":1,"href":"https:\/\/maisoncleo.com\/fr\/wp-json\/wp\/v2\/product\/364053\/revisions"}],"predecessor-version":[{"id":364078,"href":"https:\/\/maisoncleo.com\/fr\/wp-json\/wp\/v2\/product\/364053\/revisions\/364078"}],"wp:featuredmedia":[{"embeddable":true,"href":"https:\/\/maisoncleo.com\/fr\/wp-json\/wp\/v2\/media\/346652"}],"wp:attachment":[{"href":"https:\/\/maisoncleo.com\/fr\/wp-json\/wp\/v2\/media?parent=364053"}],"wp:term":[{"taxonomy":"product_brand","embeddable":true,"href":"https:\/\/maisoncleo.com\/fr\/wp-json\/wp\/v2\/product_brand?post=364053"},{"taxonomy":"product_cat","embeddable":true,"href":"https:\/\/maisoncleo.com\/fr\/wp-json\/wp\/v2\/product_cat?post=364053"},{"taxonomy":"product_tag","embeddable":true,"href":"https:\/\/maisoncleo.com\/fr\/wp-json\/wp\/v2\/product_tag?post=364053"}],"curies":[{"name":"wp","href":"https:\/\/api.w.org\/{rel}","templated":true}]}}