{"id":364036,"date":"2024-09-10T02:15:47","date_gmt":"2024-09-10T15:12:40","guid":{"rendered":"https:\/\/maisoncleo.com\/\/?post_type=product&#038;p=364036"},"modified":"2024-09-10T21:16:07","modified_gmt":"2024-09-10T19:16:07","slug":"blouse-en-soie-noire-fleurie-julie","status":"publish","type":"product","link":"https:\/\/maisoncleo.com\/fr\/shop\/blouse-en-soie-noire-fleurie-julie\/","title":{"rendered":"Blouse en soie noire fleurie JULIE"},"content":{"rendered":"<p>Blouse en soie noir fleurie opaque \u00e0 porter en deux fa\u00e7ons, col pointu, manches longues bouffantes, poignets larges. Tissu de luxe avec un imprim\u00e9 fleuri du m\u00eame ton. A nouer sur la poitrine ou dans le dos. 100% soie.<\/p>\n<p>La mod\u00e8le mesure 1m71.<\/p>\n<p>Nous pouvons faire 3 blouses dans ce tissu.<\/p>\n","protected":false},"excerpt":{"rendered":"<p>Blouse en soie noir fleurie opaque \u00e0 porter en deux fa\u00e7ons, col pointu, manches longues bouffantes, poignets larges. Tissu de luxe avec&hellip;<\/p>\n","protected":false},"featured_media":346638,"template":"","meta":[],"product_brand":[],"product_cat":[663,667,661],"product_tag":[],"class_list":{"0":"post-364036","1":"product","2":"type-product","3":"status-publish","4":"has-post-thumbnail","6":"product_cat-blouses","7":"product_cat-dernieres-pieces","8":"product_cat-tout-voir","9":"pa_taille-l-40-2","10":"pa_taille-m-38-2","11":"pa_taille-s-36-2","12":"pa_taille-sur-mesure-fr-2","13":"pa_taille-xl-42-fr-2","14":"pa_taille-xs-34-2","16":"first","17":"outofstock","18":"taxable","19":"shipping-taxable","20":"purchasable","21":"product-type-variable"},"_links":{"self":[{"href":"https:\/\/maisoncleo.com\/fr\/wp-json\/wp\/v2\/product\/364036","targetHints":{"allow":["GET"]}}],"collection":[{"href":"https:\/\/maisoncleo.com\/fr\/wp-json\/wp\/v2\/product"}],"about":[{"href":"https:\/\/maisoncleo.com\/fr\/wp-json\/wp\/v2\/types\/product"}],"version-history":[{"count":1,"href":"https:\/\/maisoncleo.com\/fr\/wp-json\/wp\/v2\/product\/364036\/revisions"}],"predecessor-version":[{"id":364063,"href":"https:\/\/maisoncleo.com\/fr\/wp-json\/wp\/v2\/product\/364036\/revisions\/364063"}],"wp:featuredmedia":[{"embeddable":true,"href":"https:\/\/maisoncleo.com\/fr\/wp-json\/wp\/v2\/media\/346638"}],"wp:attachment":[{"href":"https:\/\/maisoncleo.com\/fr\/wp-json\/wp\/v2\/media?parent=364036"}],"wp:term":[{"taxonomy":"product_brand","embeddable":true,"href":"https:\/\/maisoncleo.com\/fr\/wp-json\/wp\/v2\/product_brand?post=364036"},{"taxonomy":"product_cat","embeddable":true,"href":"https:\/\/maisoncleo.com\/fr\/wp-json\/wp\/v2\/product_cat?post=364036"},{"taxonomy":"product_tag","embeddable":true,"href":"https:\/\/maisoncleo.com\/fr\/wp-json\/wp\/v2\/product_tag?post=364036"}],"curies":[{"name":"wp","href":"https:\/\/api.w.org\/{rel}","templated":true}]}}