{"id":364035,"date":"2024-09-10T02:15:47","date_gmt":"2024-09-10T15:12:40","guid":{"rendered":"https:\/\/maisoncleo.com\/\/?post_type=product&#038;p=364035"},"modified":"2024-09-10T21:16:05","modified_gmt":"2024-09-10T19:16:05","slug":"jupe-mi-longue-en-soie-noire-fleurie-roxane","status":"publish","type":"product","link":"https:\/\/maisoncleo.com\/fr\/shop\/jupe-mi-longue-en-soie-noire-fleurie-roxane\/","title":{"rendered":"Jupe mi-longue en soie noire fleurie ROXANE"},"content":{"rendered":"<p>Jupe mi-longue en soie noire imprim\u00e9 fleuri.\u00a0Taille basse. Liens sur chaque c\u00f4t\u00e9. Fermeture \u00e9clair dans le dos. 100% soie fluide opaque. Joli imprim\u00e9 fleurs ton sur ton!<\/p>\n<p>Comme tout est fait sur commande, vous pouvez demander la longueur que vous souhaitez et nous \u00e9crire un message pendant ou apr\u00e8s votre commande.<\/p>\n<p>Longueur standard \u00e0 plat : 48 cm.<\/p>\n<p>La mod\u00e8le mesure 171 cm et porte une taille S-36.<\/p>\n<p>Nous pouvons faire 2 jupes dans ce tissu.<\/p>\n","protected":false},"excerpt":{"rendered":"<p>Jupe mi-longue en soie noire imprim\u00e9 fleuri.\u00a0Taille basse. Liens sur chaque c\u00f4t\u00e9. Fermeture \u00e9clair dans le dos. 100% soie fluide opaque. Joli&hellip;<\/p>\n","protected":false},"featured_media":346611,"template":"","meta":[],"product_brand":[],"product_cat":[667,672,661],"product_tag":[],"class_list":{"0":"post-364035","1":"product","2":"type-product","3":"status-publish","4":"has-post-thumbnail","6":"product_cat-dernieres-pieces","7":"product_cat-jupes","8":"product_cat-tout-voir","9":"pa_taille-l-40-2","10":"pa_taille-m-38-2","11":"pa_taille-s-36-2","12":"pa_taille-sur-mesure-fr-2","13":"pa_taille-xl-42-fr-2","14":"pa_taille-xs-34-2","16":"first","17":"outofstock","18":"taxable","19":"shipping-taxable","20":"purchasable","21":"product-type-variable"},"_links":{"self":[{"href":"https:\/\/maisoncleo.com\/fr\/wp-json\/wp\/v2\/product\/364035","targetHints":{"allow":["GET"]}}],"collection":[{"href":"https:\/\/maisoncleo.com\/fr\/wp-json\/wp\/v2\/product"}],"about":[{"href":"https:\/\/maisoncleo.com\/fr\/wp-json\/wp\/v2\/types\/product"}],"version-history":[{"count":1,"href":"https:\/\/maisoncleo.com\/fr\/wp-json\/wp\/v2\/product\/364035\/revisions"}],"predecessor-version":[{"id":364062,"href":"https:\/\/maisoncleo.com\/fr\/wp-json\/wp\/v2\/product\/364035\/revisions\/364062"}],"wp:featuredmedia":[{"embeddable":true,"href":"https:\/\/maisoncleo.com\/fr\/wp-json\/wp\/v2\/media\/346611"}],"wp:attachment":[{"href":"https:\/\/maisoncleo.com\/fr\/wp-json\/wp\/v2\/media?parent=364035"}],"wp:term":[{"taxonomy":"product_brand","embeddable":true,"href":"https:\/\/maisoncleo.com\/fr\/wp-json\/wp\/v2\/product_brand?post=364035"},{"taxonomy":"product_cat","embeddable":true,"href":"https:\/\/maisoncleo.com\/fr\/wp-json\/wp\/v2\/product_cat?post=364035"},{"taxonomy":"product_tag","embeddable":true,"href":"https:\/\/maisoncleo.com\/fr\/wp-json\/wp\/v2\/product_tag?post=364035"}],"curies":[{"name":"wp","href":"https:\/\/api.w.org\/{rel}","templated":true}]}}