{"id":363972,"date":"2024-09-10T02:11:25","date_gmt":"2024-09-10T15:10:30","guid":{"rendered":"https:\/\/maisoncleo.com\/\/?post_type=product&#038;p=363972"},"modified":"2024-11-29T17:50:50","modified_gmt":"2024-11-29T15:50:50","slug":"echarpe-fine-fausse-fourrure-marron-chaud","status":"publish","type":"product","link":"https:\/\/maisoncleo.com\/fr\/shop\/echarpe-fine-fausse-fourrure-marron-chaud\/","title":{"rendered":"\u00c9charpe fine fausse fourrure marron chaud"},"content":{"rendered":"<p>\u00c9charpe fausse fourrure marron chaud de petite largueur et longue. Epaisse et chaude pour ajouter un quelque chose \u00e0 vos looks cet hiver! Peut faire jusqu&rsquo;\u00e0 deux tours.<\/p>\n<p>Longueur= 218 cm.<\/p>\n","protected":false},"excerpt":{"rendered":"<p>\u00c9charpe fausse fourrure marron chaud de petite largueur et longue. Epaisse et chaude pour ajouter un quelque chose \u00e0 vos looks cet&hellip;<\/p>\n","protected":false},"featured_media":346458,"template":"","meta":[],"product_brand":[],"product_cat":[651,667,658,661],"product_tag":[],"class_list":{"0":"post-363972","1":"product","2":"type-product","3":"status-publish","4":"has-post-thumbnail","6":"product_cat-accessoires","7":"product_cat-dernieres-pieces","8":"product_cat-echarpes","9":"product_cat-tout-voir","10":"pa_taille-taille-unique-2","12":"first","13":"instock","14":"taxable","15":"shipping-taxable","16":"purchasable","17":"product-type-variable"},"_links":{"self":[{"href":"https:\/\/maisoncleo.com\/fr\/wp-json\/wp\/v2\/product\/363972","targetHints":{"allow":["GET"]}}],"collection":[{"href":"https:\/\/maisoncleo.com\/fr\/wp-json\/wp\/v2\/product"}],"about":[{"href":"https:\/\/maisoncleo.com\/fr\/wp-json\/wp\/v2\/types\/product"}],"version-history":[{"count":1,"href":"https:\/\/maisoncleo.com\/fr\/wp-json\/wp\/v2\/product\/363972\/revisions"}],"predecessor-version":[{"id":364025,"href":"https:\/\/maisoncleo.com\/fr\/wp-json\/wp\/v2\/product\/363972\/revisions\/364025"}],"wp:featuredmedia":[{"embeddable":true,"href":"https:\/\/maisoncleo.com\/fr\/wp-json\/wp\/v2\/media\/346458"}],"wp:attachment":[{"href":"https:\/\/maisoncleo.com\/fr\/wp-json\/wp\/v2\/media?parent=363972"}],"wp:term":[{"taxonomy":"product_brand","embeddable":true,"href":"https:\/\/maisoncleo.com\/fr\/wp-json\/wp\/v2\/product_brand?post=363972"},{"taxonomy":"product_cat","embeddable":true,"href":"https:\/\/maisoncleo.com\/fr\/wp-json\/wp\/v2\/product_cat?post=363972"},{"taxonomy":"product_tag","embeddable":true,"href":"https:\/\/maisoncleo.com\/fr\/wp-json\/wp\/v2\/product_tag?post=363972"}],"curies":[{"name":"wp","href":"https:\/\/api.w.org\/{rel}","templated":true}]}}