{"id":363971,"date":"2024-09-10T02:11:25","date_gmt":"2024-09-10T15:10:30","guid":{"rendered":"https:\/\/maisoncleo.com\/\/?post_type=product&#038;p=363971"},"modified":"2024-09-10T21:15:59","modified_gmt":"2024-09-10T19:15:59","slug":"robe-en-mousseline-de-soie-fluide-fleurie-multicolore-nine","status":"publish","type":"product","link":"https:\/\/maisoncleo.com\/fr\/shop\/robe-en-mousseline-de-soie-fluide-fleurie-multicolore-nine\/","title":{"rendered":"Robe en mousseline de soie fluide fleurie multicolore NINE"},"content":{"rendered":"<p>Robe en mousseline de soie fluide fleurie multicolore.<\/p>\n<p>D\u00e9collet\u00e9 carr\u00e9 \u00e9lastiqu\u00e9 avec une ouverture milieu ferm\u00e9 par un lien, travail de smocks en dessous de la poitrine, petites manches bouffantes, longueur dessous genou.<\/p>\n<p>100% mousseline de soie fleurie provenant d&rsquo;une maison de Haute couture fran\u00e7aise. La robe parfaite pour les soir\u00e9es et journ\u00e9es d&rsquo;\u00e9t\u00e9!<\/p>\n<p>La mod\u00e8le mesure 171 cm et porte une taille S-36.<\/p>\n<p>Longueur= 115 cm. Encolure= 20 cm.<\/p>\n<p>Nous ne pouvons faire que 13 robes dans ce tissu.<\/p>\n","protected":false},"excerpt":{"rendered":"<p>Robe en mousseline de soie fluide fleurie multicolore. D\u00e9collet\u00e9 carr\u00e9 \u00e9lastiqu\u00e9 avec une ouverture milieu ferm\u00e9 par un lien, travail de smocks&hellip;<\/p>\n","protected":false},"featured_media":346437,"template":"","meta":[],"product_brand":[],"product_cat":[667,664,661],"product_tag":[],"class_list":{"0":"post-363971","1":"product","2":"type-product","3":"status-publish","4":"has-post-thumbnail","6":"product_cat-dernieres-pieces","7":"product_cat-robes","8":"product_cat-tout-voir","9":"pa_taille-l-40-2","10":"pa_taille-m-38-2","11":"pa_taille-s-36-2","12":"pa_taille-sur-mesure-fr-2","13":"pa_taille-xl-42-fr-2","14":"pa_taille-xs-34-2","16":"first","17":"instock","18":"taxable","19":"shipping-taxable","20":"purchasable","21":"product-type-variable"},"_links":{"self":[{"href":"https:\/\/maisoncleo.com\/fr\/wp-json\/wp\/v2\/product\/363971","targetHints":{"allow":["GET"]}}],"collection":[{"href":"https:\/\/maisoncleo.com\/fr\/wp-json\/wp\/v2\/product"}],"about":[{"href":"https:\/\/maisoncleo.com\/fr\/wp-json\/wp\/v2\/types\/product"}],"version-history":[{"count":1,"href":"https:\/\/maisoncleo.com\/fr\/wp-json\/wp\/v2\/product\/363971\/revisions"}],"predecessor-version":[{"id":364024,"href":"https:\/\/maisoncleo.com\/fr\/wp-json\/wp\/v2\/product\/363971\/revisions\/364024"}],"wp:featuredmedia":[{"embeddable":true,"href":"https:\/\/maisoncleo.com\/fr\/wp-json\/wp\/v2\/media\/346437"}],"wp:attachment":[{"href":"https:\/\/maisoncleo.com\/fr\/wp-json\/wp\/v2\/media?parent=363971"}],"wp:term":[{"taxonomy":"product_brand","embeddable":true,"href":"https:\/\/maisoncleo.com\/fr\/wp-json\/wp\/v2\/product_brand?post=363971"},{"taxonomy":"product_cat","embeddable":true,"href":"https:\/\/maisoncleo.com\/fr\/wp-json\/wp\/v2\/product_cat?post=363971"},{"taxonomy":"product_tag","embeddable":true,"href":"https:\/\/maisoncleo.com\/fr\/wp-json\/wp\/v2\/product_tag?post=363971"}],"curies":[{"name":"wp","href":"https:\/\/api.w.org\/{rel}","templated":true}]}}