{"id":363917,"date":"2024-09-10T02:10:30","date_gmt":"2024-09-10T00:10:30","guid":{"rendered":"https:\/\/maisoncleo.com\/\/?post_type=product&#038;p=363917"},"modified":"2024-09-10T21:16:04","modified_gmt":"2024-09-10T19:16:04","slug":"robe-en-velours-noir-brillant-boutonnee-jen","status":"publish","type":"product","link":"https:\/\/maisoncleo.com\/fr\/shop\/robe-en-velours-noir-brillant-boutonnee-jen\/","title":{"rendered":"Robe en velours noir brillant boutonn\u00e9e JEN"},"content":{"rendered":"<p>Robe en velours noir brillant boutonn\u00e9e.<\/p>\n<p>Manches courtes, col ouvert, enti\u00e8rement boutonn\u00e9e sur le c\u00f4t\u00e9 avec des boutons fabriqu\u00e9 en France grav\u00e9s \u00ab\u00a0MaisonCl\u00e9o\u00a0\u00bb. Finition en satin noir sur les bords, fente c\u00f4t\u00e9.<\/p>\n<p>Vous pouvez demander plus de longueur ou une fente moins profonde dans la case commentaires au niveau du panier.<\/p>\n<p>Incroyable 100% velours brillant de luxe provenant d&rsquo;une maison de Haute couture.<\/p>\n<p>La mod\u00e8le mesure 171 cm et porte une taille S-36.<\/p>\n<p>Longueur= 83 cm. Longueur de fente= 20 cm.<\/p>\n<p>Nous pouvons faire 12 robes dans ce tissu.<\/p>\n","protected":false},"excerpt":{"rendered":"<p>Robe en velours noir brillant boutonn\u00e9e. Manches courtes, col ouvert, enti\u00e8rement boutonn\u00e9e sur le c\u00f4t\u00e9 avec des boutons fabriqu\u00e9 en France grav\u00e9s&hellip;<\/p>\n","protected":false},"featured_media":346570,"template":"","meta":[],"product_brand":[],"product_cat":[667,664,661],"product_tag":[],"class_list":{"0":"post-363917","1":"product","2":"type-product","3":"status-publish","4":"has-post-thumbnail","6":"product_cat-dernieres-pieces","7":"product_cat-robes","8":"product_cat-tout-voir","9":"pa_taille-l-40-2","10":"pa_taille-m-38-2","11":"pa_taille-s-36-2","12":"pa_taille-sur-mesure-fr-2","13":"pa_taille-xl-42-fr-2","14":"pa_taille-xs-34-2","16":"first","17":"outofstock","18":"taxable","19":"shipping-taxable","20":"purchasable","21":"product-type-variable"},"_links":{"self":[{"href":"https:\/\/maisoncleo.com\/fr\/wp-json\/wp\/v2\/product\/363917","targetHints":{"allow":["GET"]}}],"collection":[{"href":"https:\/\/maisoncleo.com\/fr\/wp-json\/wp\/v2\/product"}],"about":[{"href":"https:\/\/maisoncleo.com\/fr\/wp-json\/wp\/v2\/types\/product"}],"version-history":[{"count":1,"href":"https:\/\/maisoncleo.com\/fr\/wp-json\/wp\/v2\/product\/363917\/revisions"}],"predecessor-version":[{"id":364052,"href":"https:\/\/maisoncleo.com\/fr\/wp-json\/wp\/v2\/product\/363917\/revisions\/364052"}],"wp:featuredmedia":[{"embeddable":true,"href":"https:\/\/maisoncleo.com\/fr\/wp-json\/wp\/v2\/media\/346570"}],"wp:attachment":[{"href":"https:\/\/maisoncleo.com\/fr\/wp-json\/wp\/v2\/media?parent=363917"}],"wp:term":[{"taxonomy":"product_brand","embeddable":true,"href":"https:\/\/maisoncleo.com\/fr\/wp-json\/wp\/v2\/product_brand?post=363917"},{"taxonomy":"product_cat","embeddable":true,"href":"https:\/\/maisoncleo.com\/fr\/wp-json\/wp\/v2\/product_cat?post=363917"},{"taxonomy":"product_tag","embeddable":true,"href":"https:\/\/maisoncleo.com\/fr\/wp-json\/wp\/v2\/product_tag?post=363917"}],"curies":[{"name":"wp","href":"https:\/\/api.w.org\/{rel}","templated":true}]}}