{"id":363842,"date":"2024-09-10T02:07:16","date_gmt":"2024-09-10T15:05:42","guid":{"rendered":"https:\/\/maisoncleo.com\/\/?post_type=product&#038;p=363842"},"modified":"2024-09-10T21:15:52","modified_gmt":"2024-09-10T19:15:52","slug":"robe-en-mousseline-de-soie-fluide-fleurie-marron-nine","status":"publish","type":"product","link":"https:\/\/maisoncleo.com\/fr\/shop\/robe-en-mousseline-de-soie-fluide-fleurie-marron-nine\/","title":{"rendered":"Robe en mousseline de soie fluide fleurie marron NINE"},"content":{"rendered":"<p>Robe en mousseline de soie fluide fleurie marron.<\/p>\n<p>D\u00e9collet\u00e9 carr\u00e9 \u00e9lastiqu\u00e9 avec une ouverture milieu ferm\u00e9 par un lien, travail de smocks en dessous de la poitrine, petites manches bouffantes, longueur dessous genou.<\/p>\n<p>100% mousseline de soie fleurie provenant d&rsquo;une maison de Haute couture fran\u00e7aise.<\/p>\n<p>La mod\u00e8le mesure 171 cm et porte une taille S-36.<\/p>\n<p>Nous ne pouvons faire que 3 robes dans ce tissu.<\/p>\n","protected":false},"excerpt":{"rendered":"<p>Robe en mousseline de soie fluide fleurie marron. D\u00e9collet\u00e9 carr\u00e9 \u00e9lastiqu\u00e9 avec une ouverture milieu ferm\u00e9 par un lien, travail de smocks&hellip;<\/p>\n","protected":false},"featured_media":346296,"template":"","meta":[],"product_brand":[],"product_cat":[667,664,661],"product_tag":[],"class_list":{"0":"post-363842","1":"product","2":"type-product","3":"status-publish","4":"has-post-thumbnail","6":"product_cat-dernieres-pieces","7":"product_cat-robes","8":"product_cat-tout-voir","9":"pa_taille-l-40-2","10":"pa_taille-m-38-2","11":"pa_taille-s-36-2","12":"pa_taille-sur-mesure-fr-2","13":"pa_taille-xl-42-fr-2","14":"pa_taille-xs-34-2","16":"first","17":"outofstock","18":"taxable","19":"shipping-taxable","20":"purchasable","21":"product-type-variable"},"_links":{"self":[{"href":"https:\/\/maisoncleo.com\/fr\/wp-json\/wp\/v2\/product\/363842","targetHints":{"allow":["GET"]}}],"collection":[{"href":"https:\/\/maisoncleo.com\/fr\/wp-json\/wp\/v2\/product"}],"about":[{"href":"https:\/\/maisoncleo.com\/fr\/wp-json\/wp\/v2\/types\/product"}],"version-history":[{"count":1,"href":"https:\/\/maisoncleo.com\/fr\/wp-json\/wp\/v2\/product\/363842\/revisions"}],"predecessor-version":[{"id":363886,"href":"https:\/\/maisoncleo.com\/fr\/wp-json\/wp\/v2\/product\/363842\/revisions\/363886"}],"wp:featuredmedia":[{"embeddable":true,"href":"https:\/\/maisoncleo.com\/fr\/wp-json\/wp\/v2\/media\/346296"}],"wp:attachment":[{"href":"https:\/\/maisoncleo.com\/fr\/wp-json\/wp\/v2\/media?parent=363842"}],"wp:term":[{"taxonomy":"product_brand","embeddable":true,"href":"https:\/\/maisoncleo.com\/fr\/wp-json\/wp\/v2\/product_brand?post=363842"},{"taxonomy":"product_cat","embeddable":true,"href":"https:\/\/maisoncleo.com\/fr\/wp-json\/wp\/v2\/product_cat?post=363842"},{"taxonomy":"product_tag","embeddable":true,"href":"https:\/\/maisoncleo.com\/fr\/wp-json\/wp\/v2\/product_tag?post=363842"}],"curies":[{"name":"wp","href":"https:\/\/api.w.org\/{rel}","templated":true}]}}