{"id":363828,"date":"2024-09-10T02:05:46","date_gmt":"2024-09-10T00:05:46","guid":{"rendered":"https:\/\/maisoncleo.com\/\/?post_type=product&#038;p=363828"},"modified":"2026-03-03T00:48:01","modified_gmt":"2026-03-02T22:48:01","slug":"manteau-noir-en-laine-epaisse-avec-fausse-fourrure-noire-fanny","status":"publish","type":"product","link":"https:\/\/maisoncleo.com\/fr\/shop\/manteau-noir-en-laine-epaisse-avec-fausse-fourrure-noire-fanny\/","title":{"rendered":"Manteau noir en laine \u00e9paisse avec fausse fourrure noire FANNY"},"content":{"rendered":"<p>Manteau en laine noire \u00e9paisse, mi-long, manches longues, coupe ajust\u00e9e, fermeture boutons noirs sur le devant. 100% laine \u00e9paisse. La fausse fourrure provient d&rsquo;une maison de Haute-Couture fran\u00e7aise! Nous avons besoin d\u2019environ 5 heures pour en faire un.<\/p>\n<p>La mod\u00e8le mesure 1m71 et porte une taille 36.<\/p>\n","protected":false},"excerpt":{"rendered":"<p>Manteau en laine noire \u00e9paisse, mi-long, manches longues, coupe ajust\u00e9e, fermeture boutons noirs sur le devant. 100% laine \u00e9paisse. La fausse fourrure&hellip;<\/p>\n","protected":false},"featured_media":346271,"template":"","meta":[],"product_brand":[],"product_cat":[667,661,665],"product_tag":[],"class_list":{"0":"post-363828","1":"product","2":"type-product","3":"status-publish","4":"has-post-thumbnail","6":"product_cat-dernieres-pieces","7":"product_cat-tout-voir","8":"product_cat-vestes-manteaux","9":"pa_taille-l-40-2","10":"pa_taille-m-38-2","11":"pa_taille-s-36-2","12":"pa_taille-sur-mesure-fr-2","13":"pa_taille-xl-42-fr-2","14":"pa_taille-xs-34-2","16":"first","17":"instock","18":"taxable","19":"shipping-taxable","20":"purchasable","21":"product-type-variable"},"_links":{"self":[{"href":"https:\/\/maisoncleo.com\/fr\/wp-json\/wp\/v2\/product\/363828","targetHints":{"allow":["GET"]}}],"collection":[{"href":"https:\/\/maisoncleo.com\/fr\/wp-json\/wp\/v2\/product"}],"about":[{"href":"https:\/\/maisoncleo.com\/fr\/wp-json\/wp\/v2\/types\/product"}],"version-history":[{"count":1,"href":"https:\/\/maisoncleo.com\/fr\/wp-json\/wp\/v2\/product\/363828\/revisions"}],"predecessor-version":[{"id":363885,"href":"https:\/\/maisoncleo.com\/fr\/wp-json\/wp\/v2\/product\/363828\/revisions\/363885"}],"wp:featuredmedia":[{"embeddable":true,"href":"https:\/\/maisoncleo.com\/fr\/wp-json\/wp\/v2\/media\/346271"}],"wp:attachment":[{"href":"https:\/\/maisoncleo.com\/fr\/wp-json\/wp\/v2\/media?parent=363828"}],"wp:term":[{"taxonomy":"product_brand","embeddable":true,"href":"https:\/\/maisoncleo.com\/fr\/wp-json\/wp\/v2\/product_brand?post=363828"},{"taxonomy":"product_cat","embeddable":true,"href":"https:\/\/maisoncleo.com\/fr\/wp-json\/wp\/v2\/product_cat?post=363828"},{"taxonomy":"product_tag","embeddable":true,"href":"https:\/\/maisoncleo.com\/fr\/wp-json\/wp\/v2\/product_tag?post=363828"}],"curies":[{"name":"wp","href":"https:\/\/api.w.org\/{rel}","templated":true}]}}