{"id":363768,"date":"2024-09-10T02:00:07","date_gmt":"2024-09-10T15:03:09","guid":{"rendered":"https:\/\/maisoncleo.com\/\/?post_type=product&#038;p=363768"},"modified":"2024-09-10T21:15:45","modified_gmt":"2024-09-10T19:15:45","slug":"mini-jupe-en-laine-a-carreaux-marron-paris","status":"publish","type":"product","link":"https:\/\/maisoncleo.com\/fr\/shop\/mini-jupe-en-laine-a-carreaux-marron-paris\/","title":{"rendered":"Mini jupe en laine \u00e0 carreaux marron PARIS"},"content":{"rendered":"<p>Jupe en laine \u00e0 carreaux marron fabriqu\u00e9e dans un tissu en laine limit\u00e9 provenant d&rsquo;une maison de Couture italienne, coupe droite, longueur mini. Non doubl\u00e9e. Laine \u00e9paisse. Possibilit\u00e9 d\u2019ajouter une doublure en soie pour 40 euros, le notifier lors des commentaires au moment du panier ou par email apr\u00e8s la commande. Longueur = 28 cm. Dite nous si vous souhaitez ajouter un peu de longueur.<\/p>\n<p>La mod\u00e8le mesure 1m71 et porte une taille 36.<\/p>\n<p>Nous pouvons faire 4 jupes dans ce tissu.<\/p>\n","protected":false},"excerpt":{"rendered":"<p>Jupe en laine \u00e0 carreaux marron fabriqu\u00e9e dans un tissu en laine limit\u00e9 provenant d&rsquo;une maison de Couture italienne, coupe droite, longueur&hellip;<\/p>\n","protected":false},"featured_media":346166,"template":"","meta":[],"product_brand":[],"product_cat":[667,672,661],"product_tag":[],"class_list":{"0":"post-363768","1":"product","2":"type-product","3":"status-publish","4":"has-post-thumbnail","6":"product_cat-dernieres-pieces","7":"product_cat-jupes","8":"product_cat-tout-voir","9":"pa_taille-l-40-2","10":"pa_taille-m-38-2","11":"pa_taille-s-36-2","12":"pa_taille-sur-mesure-fr-2","13":"pa_taille-xl-42-fr-2","14":"pa_taille-xs-34-2","16":"first","17":"outofstock","18":"taxable","19":"shipping-taxable","20":"purchasable","21":"product-type-variable"},"_links":{"self":[{"href":"https:\/\/maisoncleo.com\/fr\/wp-json\/wp\/v2\/product\/363768","targetHints":{"allow":["GET"]}}],"collection":[{"href":"https:\/\/maisoncleo.com\/fr\/wp-json\/wp\/v2\/product"}],"about":[{"href":"https:\/\/maisoncleo.com\/fr\/wp-json\/wp\/v2\/types\/product"}],"version-history":[{"count":1,"href":"https:\/\/maisoncleo.com\/fr\/wp-json\/wp\/v2\/product\/363768\/revisions"}],"predecessor-version":[{"id":363811,"href":"https:\/\/maisoncleo.com\/fr\/wp-json\/wp\/v2\/product\/363768\/revisions\/363811"}],"wp:featuredmedia":[{"embeddable":true,"href":"https:\/\/maisoncleo.com\/fr\/wp-json\/wp\/v2\/media\/346166"}],"wp:attachment":[{"href":"https:\/\/maisoncleo.com\/fr\/wp-json\/wp\/v2\/media?parent=363768"}],"wp:term":[{"taxonomy":"product_brand","embeddable":true,"href":"https:\/\/maisoncleo.com\/fr\/wp-json\/wp\/v2\/product_brand?post=363768"},{"taxonomy":"product_cat","embeddable":true,"href":"https:\/\/maisoncleo.com\/fr\/wp-json\/wp\/v2\/product_cat?post=363768"},{"taxonomy":"product_tag","embeddable":true,"href":"https:\/\/maisoncleo.com\/fr\/wp-json\/wp\/v2\/product_tag?post=363768"}],"curies":[{"name":"wp","href":"https:\/\/api.w.org\/{rel}","templated":true}]}}