{"id":363767,"date":"2024-09-10T02:00:07","date_gmt":"2024-09-10T15:03:08","guid":{"rendered":"https:\/\/maisoncleo.com\/\/?post_type=product&#038;p=363767"},"modified":"2024-09-10T21:15:43","modified_gmt":"2024-09-10T19:15:43","slug":"veste-en-laine-a-carreaux-marron-col-fausse-fourrure-eva","status":"publish","type":"product","link":"https:\/\/maisoncleo.com\/fr\/shop\/veste-en-laine-a-carreaux-marron-col-fausse-fourrure-eva\/","title":{"rendered":"Veste en laine \u00e0 carreaux marron col fausse fourrure EVA"},"content":{"rendered":"<p>Veste en laine \u00e0 carreaux marron avec col et poignets en fausse fourrure du m\u00eame ton. Fabriqu\u00e9e dans un lainage limit\u00e9 provenant d&rsquo;une maison de Couture italienne. Boutons marrons clairs uniques vintage, coupe ajust\u00e9e. Deux poches sur le devant. Non doubl\u00e9e. Laisse \u00e9paisse.<\/p>\n<p>Nous pouvons faire 5 vestes dans ce tissu.<\/p>\n<p>La mod\u00e8le mesure 1m71 et porte une taille 36. Comme tout pi\u00e8ce est fabriqu\u00e9e \u00e0 la commande, il est possible de demander plus de longueur si vous le souhaitez.<\/p>\n","protected":false},"excerpt":{"rendered":"<p>Veste en laine \u00e0 carreaux marron avec col et poignets en fausse fourrure du m\u00eame ton. Fabriqu\u00e9e dans un lainage limit\u00e9 provenant&hellip;<\/p>\n","protected":false},"featured_media":346153,"template":"","meta":[],"product_brand":[],"product_cat":[667,661,665],"product_tag":[],"class_list":{"0":"post-363767","1":"product","2":"type-product","3":"status-publish","4":"has-post-thumbnail","6":"product_cat-dernieres-pieces","7":"product_cat-tout-voir","8":"product_cat-vestes-manteaux","9":"pa_taille-l-40-2","10":"pa_taille-m-38-2","11":"pa_taille-s-36-2","12":"pa_taille-sur-mesure-fr-2","13":"pa_taille-xl-42-fr-2","14":"pa_taille-xs-34-2","16":"first","17":"outofstock","18":"taxable","19":"shipping-taxable","20":"purchasable","21":"product-type-variable"},"_links":{"self":[{"href":"https:\/\/maisoncleo.com\/fr\/wp-json\/wp\/v2\/product\/363767","targetHints":{"allow":["GET"]}}],"collection":[{"href":"https:\/\/maisoncleo.com\/fr\/wp-json\/wp\/v2\/product"}],"about":[{"href":"https:\/\/maisoncleo.com\/fr\/wp-json\/wp\/v2\/types\/product"}],"version-history":[{"count":1,"href":"https:\/\/maisoncleo.com\/fr\/wp-json\/wp\/v2\/product\/363767\/revisions"}],"predecessor-version":[{"id":363800,"href":"https:\/\/maisoncleo.com\/fr\/wp-json\/wp\/v2\/product\/363767\/revisions\/363800"}],"wp:featuredmedia":[{"embeddable":true,"href":"https:\/\/maisoncleo.com\/fr\/wp-json\/wp\/v2\/media\/346153"}],"wp:attachment":[{"href":"https:\/\/maisoncleo.com\/fr\/wp-json\/wp\/v2\/media?parent=363767"}],"wp:term":[{"taxonomy":"product_brand","embeddable":true,"href":"https:\/\/maisoncleo.com\/fr\/wp-json\/wp\/v2\/product_brand?post=363767"},{"taxonomy":"product_cat","embeddable":true,"href":"https:\/\/maisoncleo.com\/fr\/wp-json\/wp\/v2\/product_cat?post=363767"},{"taxonomy":"product_tag","embeddable":true,"href":"https:\/\/maisoncleo.com\/fr\/wp-json\/wp\/v2\/product_tag?post=363767"}],"curies":[{"name":"wp","href":"https:\/\/api.w.org\/{rel}","templated":true}]}}